{"id":1910,"date":"2021-01-12T17:02:29","date_gmt":"2021-01-12T17:02:29","guid":{"rendered":"https:\/\/openwash.es\/imagem-de-marca\/"},"modified":"2024-09-24T11:18:40","modified_gmt":"2024-09-24T11:18:40","slug":"imagem-de-marca","status":"publish","type":"page","link":"https:\/\/openwash.es\/pt-pt\/imagem-de-marca\/","title":{"rendered":"Imagem de marca"},"content":{"rendered":"<p>[et_pb_section fb_built=&#8221;1&#8243; _builder_version=&#8221;4.22.1&#8243; _module_preset=&#8221;default&#8221; background_image=&#8221;https:\/\/openwash.es\/wp-content\/uploads\/2023\/09\/marca.jpg&#8221; custom_padding=&#8221;316px||137px|||&#8221; global_colors_info=&#8221;{}&#8221;][et_pb_row _builder_version=&#8221;4.16&#8243; _module_preset=&#8221;default&#8221; global_colors_info=&#8221;{}&#8221;][et_pb_column type=&#8221;4_4&#8243; _builder_version=&#8221;4.16&#8243; _module_preset=&#8221;default&#8221; global_colors_info=&#8221;{}&#8221;][\/et_pb_column][\/et_pb_row][\/et_pb_section][et_pb_section fb_built=&#8221;1&#8243; _builder_version=&#8221;4.16&#8243; _module_preset=&#8221;default&#8221; global_colors_info=&#8221;{}&#8221;][et_pb_row column_structure=&#8221;1_2,1_2&#8243; _builder_version=&#8221;4.16&#8243; _module_preset=&#8221;default&#8221; custom_margin=&#8221;5px|auto||auto||&#8221; global_colors_info=&#8221;{}&#8221;][et_pb_column type=&#8221;1_2&#8243; _builder_version=&#8221;4.16&#8243; _module_preset=&#8221;default&#8221; global_colors_info=&#8221;{}&#8221;][et_pb_text admin_label=&#8221;Discover Beatuty Title&#8221; _builder_version=&#8221;4.22.1&#8243; text_font=&#8221;||||&#8221; text_text_color=&#8221;#1a1a1a&#8221; header_font=&#8221;|700||on|||||&#8221; header_text_align=&#8221;left&#8221; header_text_color=&#8221;#5b5b5b&#8221; header_font_size=&#8221;44px&#8221; header_line_height=&#8221;1.3em&#8221; header_2_font=&#8221;|500|||||||&#8221; header_2_text_color=&#8221;#5b5b5b&#8221; header_2_font_size=&#8221;60px&#8221; custom_margin=&#8221;||11px|||&#8221; custom_padding=&#8221;||1px|||&#8221; animation_style=&#8221;slide&#8221; animation_direction=&#8221;top&#8221; animation_intensity_slide=&#8221;10%&#8221; header_font_size_tablet=&#8221;50px&#8221; header_font_size_phone=&#8221;38px&#8221; header_font_size_last_edited=&#8221;on|phone&#8221; header_2_font_size_tablet=&#8221;50px&#8221; header_2_font_size_phone=&#8221;38px&#8221; header_2_font_size_last_edited=&#8221;on|phone&#8221; global_colors_info=&#8221;{}&#8221;]<\/p>\n<h1 style=\"text-align: left;\">IMAGEM DE MARCA<\/h1>\n<p>&nbsp;<\/p>\n<p>[\/et_pb_text][et_pb_divider divider_weight=&#8221;3px&#8221; _builder_version=&#8221;4.16&#8243; _module_preset=&#8221;default&#8221; width=&#8221;7%&#8221; module_alignment=&#8221;left&#8221; global_colors_info=&#8221;{}&#8221;][\/et_pb_divider][\/et_pb_column][et_pb_column type=&#8221;1_2&#8243; _builder_version=&#8221;4.16&#8243; _module_preset=&#8221;default&#8221; global_colors_info=&#8221;{}&#8221;][et_pb_image src=&#8221;https:\/\/openwash.es\/wp-content\/uploads\/2021\/01\/logo-open.png&#8221; alt=&#8221;log\u00f3tipo_openwash&#8221; title_text=&#8221;log\u00f3tipo aberto&#8221; _builder_version=&#8221;4.16&#8243; _module_preset=&#8221;default&#8221; global_colors_info=&#8221;{}&#8221;][\/et_pb_image][\/et_pb_column][\/et_pb_row][et_pb_row _builder_version=&#8221;4.16&#8243; _module_preset=&#8221;default&#8221; global_colors_info=&#8221;{}&#8221; custom_padding=&#8221;||23px|||&#8221;][et_pb_column type=&#8221;4_4&#8243; _builder_version=&#8221;4.16&#8243; _module_preset=&#8221;default&#8221; global_colors_info=&#8221;{}&#8221;][et_pb_text _builder_version=&#8221;4.22.1&#8243; _module_preset=&#8221;default&#8221; global_colors_info=&#8221;{}&#8221; custom_margin=&#8221;||72px|||&#8221;]<\/p>\n<p>Os franchisados Open Wash t\u00eam uma imagem de marca fresca e conhecida que se reflecte em cada loja, tanto nas fachadas como no interior e na personaliza\u00e7\u00e3o das m\u00e1quinas.<\/p>\n<p>\u00c0 chegada, o cliente identifica facilmente a atividade do local e os seus servi\u00e7os.<\/p>\n<p>No interior da loja, os clientes t\u00eam \u00e0 sua disposi\u00e7\u00e3o informa\u00e7\u00f5es pormenorizadas sobre o funcionamento, os pre\u00e7os e as modalidades de pagamento das m\u00e1quinas.<\/p>\n<p>Al\u00e9m disso, como franchisado, tem desde o in\u00edcio o apoio da OPEN WASH para o aconselhar na abertura e no lan\u00e7amento do seu neg\u00f3cio, bem como em quest\u00f5es relacionadas com a publicidade e o marketing.<\/p>\n<h5>MANUAIS E MATERIAL DE APOIO<\/h5>\n<p>Na Open Wash, cuidamos da nossa imagem de franchise para que todas as nossas lojas mantenham a identidade de marca desejada. Al\u00e9m disso, ajudamos os nossos franchisados com material de apoio, manuais e guias para a sua correcta utiliza\u00e7\u00e3o em imagem, promo\u00e7\u00f5es e marketing.<\/p>\n<p>[\/et_pb_text][et_pb_button button_url=&#8221;https:\/\/openwash.es\/pt-pt\/contacto\/&#8221; button_text=&#8221;Pedir um or\u00e7amento personalizado&#8221; button_alignment=&#8221;center&#8221; button_alignment_tablet=&#8221;left&#8221; button_alignment_phone=&#8221;center&#8221; button_alignment_last_edited=&#8221;on|phone&#8221; _builder_version=&#8221;4.22.2&#8243; _module_preset=&#8221;default&#8221; custom_button=&#8221;on&#8221; button_text_size=&#8221;22px&#8221; button_text_color=&#8221;#173f89&#8243; button_bg_color=&#8221;#ffffff&#8221; button_border_width=&#8221;3px&#8221; button_border_radius=&#8221;8px&#8221; button_letter_spacing=&#8221;1px&#8221; custom_margin=&#8221;0px||40px||false|false&#8221; custom_margin_tablet=&#8221;0px||40px||false|false&#8221; custom_margin_phone=&#8221;||56px||false|false&#8221; custom_margin_last_edited=&#8221;on|phone&#8221; button_text_size_tablet=&#8221;18px&#8221; button_text_size_phone=&#8221;12px&#8221; button_text_size_last_edited=&#8221;on|phone&#8221; global_colors_info=&#8221;{}&#8221; theme_builder_area=&#8221;post_content&#8221;][\/et_pb_button][\/et_pb_column][\/et_pb_row][et_pb_row column_structure=&#8221;1_2,1_2&#8243; _builder_version=&#8221;4.16&#8243; _module_preset=&#8221;default&#8221; global_colors_info=&#8221;{}&#8221;][et_pb_column type=&#8221;1_2&#8243; _builder_version=&#8221;4.16&#8243; _module_preset=&#8221;default&#8221; global_colors_info=&#8221;{}&#8221;][et_pb_image src=&#8221;https:\/\/openwash.es\/wp-content\/uploads\/2021\/02\/Diseno-sin-titulo-2-1.jpg&#8221; alt=&#8221;openwash_posters&#8221; title_text=&#8221;outdoor openwash&#8221; _builder_version=&#8221;4.16&#8243; _module_preset=&#8221;default&#8221; global_colors_info=&#8221;{}&#8221;][\/et_pb_image][\/et_pb_column][et_pb_column type=&#8221;1_2&#8243; _builder_version=&#8221;4.16&#8243; _module_preset=&#8221;default&#8221; global_colors_info=&#8221;{}&#8221;][et_pb_image src=&#8221;https:\/\/openwash.es\/wp-content\/uploads\/2021\/02\/Diseno-sin-titulo-1.jpg&#8221; alt=&#8221;openwash_labelling&#8221; title_text=&#8221;sinais de lavagem aberta&#8221; _builder_version=&#8221;4.16&#8243; _module_preset=&#8221;default&#8221; global_colors_info=&#8221;{}&#8221;][\/et_pb_image][\/et_pb_column][\/et_pb_row][\/et_pb_section]<\/p>\n","protected":false},"excerpt":{"rendered":"<p>IMAGEM DE MARCA &nbsp;Os franchisados Open Wash t\u00eam uma imagem de marca fresca e conhecida que se reflecte em cada loja, tanto nas fachadas como no interior e na personaliza\u00e7\u00e3o das m\u00e1quinas. \u00c0 chegada, o cliente identifica facilmente a atividade do local e os seus servi\u00e7os. No interior da loja, os clientes t\u00eam \u00e0 sua [&hellip;]<\/p>\n","protected":false},"author":1,"featured_media":1823,"parent":0,"menu_order":0,"comment_status":"closed","ping_status":"closed","template":"","meta":{"_et_pb_use_builder":"on","_et_pb_old_content":"","_et_gb_content_width":"","footnotes":""},"class_list":["post-1910","page","type-page","status-publish","has-post-thumbnail","hentry"],"yoast_head":"<!-- This site is optimized with the Yoast SEO plugin v27.5 - https:\/\/yoast.com\/product\/yoast-seo-wordpress\/ -->\n<title>Imagem de marca | Lavanderias Autoservicio Open Wash<\/title>\n<meta name=\"description\" content=\"Imagem de marca. Os franchisados Open Wash t\u00eam uma imagem de marca fresca e bem conhecida que se reflecte em cada local.\" \/>\n<meta name=\"robots\" content=\"index, follow, max-snippet:-1, max-image-preview:large, max-video-preview:-1\" \/>\n<link rel=\"canonical\" href=\"https:\/\/openwash.es\/pt-pt\/imagem-de-marca\/\" \/>\n<meta property=\"og:locale\" content=\"pt_PT\" \/>\n<meta property=\"og:type\" content=\"article\" \/>\n<meta property=\"og:title\" content=\"Imagem de marca | Lavanderias Autoservicio Open Wash\" \/>\n<meta property=\"og:description\" content=\"Imagem de marca. Os franchisados Open Wash t\u00eam uma imagem de marca fresca e bem conhecida que se reflecte em cada local.\" \/>\n<meta property=\"og:url\" content=\"https:\/\/openwash.es\/pt-pt\/imagem-de-marca\/\" \/>\n<meta property=\"og:site_name\" content=\"Lavanderias Autoservicio Open Wash\" \/>\n<meta property=\"article:publisher\" content=\"https:\/\/www.facebook.com\/franquiciaopenwash\" \/>\n<meta property=\"article:modified_time\" content=\"2024-09-24T11:18:40+00:00\" \/>\n<meta property=\"og:image\" content=\"https:\/\/openwash.es\/wp-content\/uploads\/2023\/09\/marca.jpg\" \/>\n\t<meta property=\"og:image:width\" content=\"1920\" \/>\n\t<meta property=\"og:image:height\" content=\"800\" \/>\n\t<meta property=\"og:image:type\" content=\"image\/jpeg\" \/>\n<meta name=\"twitter:card\" content=\"summary_large_image\" \/>\n<meta name=\"twitter:label1\" content=\"Tempo estimado de leitura\" \/>\n\t<meta name=\"twitter:data1\" content=\"4 minutos\" \/>\n<script type=\"application\/ld+json\" class=\"yoast-schema-graph\">{\"@context\":\"https:\\\/\\\/schema.org\",\"@graph\":[{\"@type\":\"WebPage\",\"@id\":\"https:\\\/\\\/openwash.es\\\/pt-pt\\\/imagem-de-marca\\\/\",\"url\":\"https:\\\/\\\/openwash.es\\\/pt-pt\\\/imagem-de-marca\\\/\",\"name\":\"Imagem de marca | Lavanderias Autoservicio Open Wash\",\"isPartOf\":{\"@id\":\"https:\\\/\\\/openwash.es\\\/pt-pt\\\/#website\"},\"primaryImageOfPage\":{\"@id\":\"https:\\\/\\\/openwash.es\\\/pt-pt\\\/imagem-de-marca\\\/#primaryimage\"},\"image\":{\"@id\":\"https:\\\/\\\/openwash.es\\\/pt-pt\\\/imagem-de-marca\\\/#primaryimage\"},\"thumbnailUrl\":\"https:\\\/\\\/openwash.es\\\/wp-content\\\/uploads\\\/2023\\\/09\\\/marca.jpg\",\"datePublished\":\"2021-01-12T17:02:29+00:00\",\"dateModified\":\"2024-09-24T11:18:40+00:00\",\"description\":\"Imagem de marca. Os franchisados Open Wash t\u00eam uma imagem de marca fresca e bem conhecida que se reflecte em cada local.\",\"breadcrumb\":{\"@id\":\"https:\\\/\\\/openwash.es\\\/pt-pt\\\/imagem-de-marca\\\/#breadcrumb\"},\"inLanguage\":\"pt-PT\",\"potentialAction\":[{\"@type\":\"ReadAction\",\"target\":[\"https:\\\/\\\/openwash.es\\\/pt-pt\\\/imagem-de-marca\\\/\"]}]},{\"@type\":\"ImageObject\",\"inLanguage\":\"pt-PT\",\"@id\":\"https:\\\/\\\/openwash.es\\\/pt-pt\\\/imagem-de-marca\\\/#primaryimage\",\"url\":\"https:\\\/\\\/openwash.es\\\/wp-content\\\/uploads\\\/2023\\\/09\\\/marca.jpg\",\"contentUrl\":\"https:\\\/\\\/openwash.es\\\/wp-content\\\/uploads\\\/2023\\\/09\\\/marca.jpg\",\"width\":1920,\"height\":800},{\"@type\":\"BreadcrumbList\",\"@id\":\"https:\\\/\\\/openwash.es\\\/pt-pt\\\/imagem-de-marca\\\/#breadcrumb\",\"itemListElement\":[{\"@type\":\"ListItem\",\"position\":1,\"name\":\"Home\",\"item\":\"https:\\\/\\\/openwash.es\\\/pt-pt\\\/inicio\\\/\"},{\"@type\":\"ListItem\",\"position\":2,\"name\":\"Imagem de marca\"}]},{\"@type\":\"WebSite\",\"@id\":\"https:\\\/\\\/openwash.es\\\/pt-pt\\\/#website\",\"url\":\"https:\\\/\\\/openwash.es\\\/pt-pt\\\/\",\"name\":\"Open Wash\",\"description\":\"Lavander\u00edas Autoservicio\",\"publisher\":{\"@id\":\"https:\\\/\\\/openwash.es\\\/pt-pt\\\/#organization\"},\"alternateName\":\"Openwash\",\"potentialAction\":[{\"@type\":\"SearchAction\",\"target\":{\"@type\":\"EntryPoint\",\"urlTemplate\":\"https:\\\/\\\/openwash.es\\\/pt-pt\\\/?s={search_term_string}\"},\"query-input\":{\"@type\":\"PropertyValueSpecification\",\"valueRequired\":true,\"valueName\":\"search_term_string\"}}],\"inLanguage\":\"pt-PT\"},{\"@type\":\"Organization\",\"@id\":\"https:\\\/\\\/openwash.es\\\/pt-pt\\\/#organization\",\"name\":\"Open Wash\",\"alternateName\":\"Openwash\",\"url\":\"https:\\\/\\\/openwash.es\\\/pt-pt\\\/\",\"logo\":{\"@type\":\"ImageObject\",\"inLanguage\":\"pt-PT\",\"@id\":\"https:\\\/\\\/openwash.es\\\/pt-pt\\\/#\\\/schema\\\/logo\\\/image\\\/\",\"url\":\"https:\\\/\\\/openwash.es\\\/wp-content\\\/uploads\\\/2021\\\/01\\\/logo-open-500.png\",\"contentUrl\":\"https:\\\/\\\/openwash.es\\\/wp-content\\\/uploads\\\/2021\\\/01\\\/logo-open-500.png\",\"width\":500,\"height\":500,\"caption\":\"Open Wash\"},\"image\":{\"@id\":\"https:\\\/\\\/openwash.es\\\/pt-pt\\\/#\\\/schema\\\/logo\\\/image\\\/\"},\"sameAs\":[\"https:\\\/\\\/www.facebook.com\\\/franquiciaopenwash\",\"https:\\\/\\\/www.instagram.com\\\/openwash\\\/\",\"https:\\\/\\\/www.linkedin.com\\\/company\\\/11042051\\\/admin\\\/\",\"https:\\\/\\\/www.youtube.com\\\/channel\\\/UCeTkyEcg3BP--dE_U_yoElw\"]}]}<\/script>\n<!-- \/ Yoast SEO plugin. -->","yoast_head_json":{"title":"Imagem de marca | Lavanderias Autoservicio Open Wash","description":"Imagem de marca. Os franchisados Open Wash t\u00eam uma imagem de marca fresca e bem conhecida que se reflecte em cada local.","robots":{"index":"index","follow":"follow","max-snippet":"max-snippet:-1","max-image-preview":"max-image-preview:large","max-video-preview":"max-video-preview:-1"},"canonical":"https:\/\/openwash.es\/pt-pt\/imagem-de-marca\/","og_locale":"pt_PT","og_type":"article","og_title":"Imagem de marca | Lavanderias Autoservicio Open Wash","og_description":"Imagem de marca. Os franchisados Open Wash t\u00eam uma imagem de marca fresca e bem conhecida que se reflecte em cada local.","og_url":"https:\/\/openwash.es\/pt-pt\/imagem-de-marca\/","og_site_name":"Lavanderias Autoservicio Open Wash","article_publisher":"https:\/\/www.facebook.com\/franquiciaopenwash","article_modified_time":"2024-09-24T11:18:40+00:00","og_image":[{"width":1920,"height":800,"url":"https:\/\/openwash.es\/wp-content\/uploads\/2023\/09\/marca.jpg","type":"image\/jpeg"}],"twitter_card":"summary_large_image","twitter_misc":{"Tempo estimado de leitura":"4 minutos"},"schema":{"@context":"https:\/\/schema.org","@graph":[{"@type":"WebPage","@id":"https:\/\/openwash.es\/pt-pt\/imagem-de-marca\/","url":"https:\/\/openwash.es\/pt-pt\/imagem-de-marca\/","name":"Imagem de marca | Lavanderias Autoservicio Open Wash","isPartOf":{"@id":"https:\/\/openwash.es\/pt-pt\/#website"},"primaryImageOfPage":{"@id":"https:\/\/openwash.es\/pt-pt\/imagem-de-marca\/#primaryimage"},"image":{"@id":"https:\/\/openwash.es\/pt-pt\/imagem-de-marca\/#primaryimage"},"thumbnailUrl":"https:\/\/openwash.es\/wp-content\/uploads\/2023\/09\/marca.jpg","datePublished":"2021-01-12T17:02:29+00:00","dateModified":"2024-09-24T11:18:40+00:00","description":"Imagem de marca. Os franchisados Open Wash t\u00eam uma imagem de marca fresca e bem conhecida que se reflecte em cada local.","breadcrumb":{"@id":"https:\/\/openwash.es\/pt-pt\/imagem-de-marca\/#breadcrumb"},"inLanguage":"pt-PT","potentialAction":[{"@type":"ReadAction","target":["https:\/\/openwash.es\/pt-pt\/imagem-de-marca\/"]}]},{"@type":"ImageObject","inLanguage":"pt-PT","@id":"https:\/\/openwash.es\/pt-pt\/imagem-de-marca\/#primaryimage","url":"https:\/\/openwash.es\/wp-content\/uploads\/2023\/09\/marca.jpg","contentUrl":"https:\/\/openwash.es\/wp-content\/uploads\/2023\/09\/marca.jpg","width":1920,"height":800},{"@type":"BreadcrumbList","@id":"https:\/\/openwash.es\/pt-pt\/imagem-de-marca\/#breadcrumb","itemListElement":[{"@type":"ListItem","position":1,"name":"Home","item":"https:\/\/openwash.es\/pt-pt\/inicio\/"},{"@type":"ListItem","position":2,"name":"Imagem de marca"}]},{"@type":"WebSite","@id":"https:\/\/openwash.es\/pt-pt\/#website","url":"https:\/\/openwash.es\/pt-pt\/","name":"Open Wash","description":"Lavander\u00edas Autoservicio","publisher":{"@id":"https:\/\/openwash.es\/pt-pt\/#organization"},"alternateName":"Openwash","potentialAction":[{"@type":"SearchAction","target":{"@type":"EntryPoint","urlTemplate":"https:\/\/openwash.es\/pt-pt\/?s={search_term_string}"},"query-input":{"@type":"PropertyValueSpecification","valueRequired":true,"valueName":"search_term_string"}}],"inLanguage":"pt-PT"},{"@type":"Organization","@id":"https:\/\/openwash.es\/pt-pt\/#organization","name":"Open Wash","alternateName":"Openwash","url":"https:\/\/openwash.es\/pt-pt\/","logo":{"@type":"ImageObject","inLanguage":"pt-PT","@id":"https:\/\/openwash.es\/pt-pt\/#\/schema\/logo\/image\/","url":"https:\/\/openwash.es\/wp-content\/uploads\/2021\/01\/logo-open-500.png","contentUrl":"https:\/\/openwash.es\/wp-content\/uploads\/2021\/01\/logo-open-500.png","width":500,"height":500,"caption":"Open Wash"},"image":{"@id":"https:\/\/openwash.es\/pt-pt\/#\/schema\/logo\/image\/"},"sameAs":["https:\/\/www.facebook.com\/franquiciaopenwash","https:\/\/www.instagram.com\/openwash\/","https:\/\/www.linkedin.com\/company\/11042051\/admin\/","https:\/\/www.youtube.com\/channel\/UCeTkyEcg3BP--dE_U_yoElw"]}]}},"_links":{"self":[{"href":"https:\/\/openwash.es\/pt-pt\/wp-json\/wp\/v2\/pages\/1910","targetHints":{"allow":["GET"]}}],"collection":[{"href":"https:\/\/openwash.es\/pt-pt\/wp-json\/wp\/v2\/pages"}],"about":[{"href":"https:\/\/openwash.es\/pt-pt\/wp-json\/wp\/v2\/types\/page"}],"author":[{"embeddable":true,"href":"https:\/\/openwash.es\/pt-pt\/wp-json\/wp\/v2\/users\/1"}],"replies":[{"embeddable":true,"href":"https:\/\/openwash.es\/pt-pt\/wp-json\/wp\/v2\/comments?post=1910"}],"version-history":[{"count":14,"href":"https:\/\/openwash.es\/pt-pt\/wp-json\/wp\/v2\/pages\/1910\/revisions"}],"predecessor-version":[{"id":2256,"href":"https:\/\/openwash.es\/pt-pt\/wp-json\/wp\/v2\/pages\/1910\/revisions\/2256"}],"wp:featuredmedia":[{"embeddable":true,"href":"https:\/\/openwash.es\/pt-pt\/wp-json\/wp\/v2\/media\/1823"}],"wp:attachment":[{"href":"https:\/\/openwash.es\/pt-pt\/wp-json\/wp\/v2\/media?parent=1910"}],"curies":[{"name":"wp","href":"https:\/\/api.w.org\/{rel}","templated":true}]}}