{"id":1918,"date":"2021-01-12T16:55:37","date_gmt":"2021-01-12T16:55:37","guid":{"rendered":"https:\/\/openwash.es\/maquinas-de-lavar-roupa\/"},"modified":"2024-09-24T11:20:41","modified_gmt":"2024-09-24T11:20:41","slug":"maquinas-de-lavar-roupa","status":"publish","type":"page","link":"https:\/\/openwash.es\/pt-pt\/maquinas-de-lavar-roupa\/","title":{"rendered":"M\u00e1quinas de lavar roupa"},"content":{"rendered":"<p>[et_pb_section fb_built=&#8221;1&#8243; _builder_version=&#8221;4.8.2&#8243; _module_preset=&#8221;default&#8221; custom_padding=&#8221;88px||4px|||&#8221; global_module=&#8221;503&#8243; saved_tabs=&#8221;all&#8221; global_colors_info=&#8221;{}&#8221;][et_pb_row column_structure=&#8221;1_2,1_2&#8243; _builder_version=&#8221;4.16&#8243; _module_preset=&#8221;default&#8221; custom_margin=&#8221;-44px|auto|13px|auto||&#8221; custom_padding=&#8221;||0px|||&#8221; global_colors_info=&#8221;{}&#8221;][et_pb_column type=&#8221;1_2&#8243; _builder_version=&#8221;4.16&#8243; _module_preset=&#8221;default&#8221; global_colors_info=&#8221;{}&#8221;][et_pb_text admin_label=&#8221;Discover Beatuty Title&#8221; _builder_version=&#8221;4.22.1&#8243; text_font=&#8221;||||&#8221; text_text_color=&#8221;#1a1a1a&#8221; header_font=&#8221;|700||on|||||&#8221; header_text_align=&#8221;left&#8221; header_text_color=&#8221;#5b5b5b&#8221; header_font_size=&#8221;44px&#8221; header_line_height=&#8221;1.3em&#8221; header_2_font=&#8221;Oswald|500|||||||&#8221; header_2_text_color=&#8221;#5b5b5b&#8221; header_2_font_size=&#8221;60px&#8221; custom_margin=&#8221;||14px|||&#8221; animation_style=&#8221;slide&#8221; animation_direction=&#8221;top&#8221; animation_intensity_slide=&#8221;10%&#8221; header_font_size_tablet=&#8221;50px&#8221; header_font_size_phone=&#8221;38px&#8221; header_font_size_last_edited=&#8221;on|phone&#8221; header_2_font_size_tablet=&#8221;50px&#8221; header_2_font_size_phone=&#8221;38px&#8221; header_2_font_size_last_edited=&#8221;on|phone&#8221; global_colors_info=&#8221;{}&#8221;]<\/p>\n<h1 style=\"text-align: left;\">M\u00c1QUINAS DE LAVAR ROUPA<\/h1>\n<p>[\/et_pb_text][et_pb_divider divider_weight=&#8221;3px&#8221; _builder_version=&#8221;4.16&#8243; _module_preset=&#8221;default&#8221; width=&#8221;7%&#8221; global_colors_info=&#8221;{}&#8221;][\/et_pb_divider][\/et_pb_column][et_pb_column type=&#8221;1_2&#8243; _builder_version=&#8221;4.16&#8243; _module_preset=&#8221;default&#8221; global_colors_info=&#8221;{}&#8221;][\/et_pb_column][\/et_pb_row][\/et_pb_section][et_pb_section fb_built=&#8221;1&#8243; _builder_version=&#8221;4.8.2&#8243; _module_preset=&#8221;default&#8221; custom_padding=&#8221;5px||96px|||&#8221; global_module=&#8221;502&#8243; saved_tabs=&#8221;all&#8221; global_colors_info=&#8221;{}&#8221;][et_pb_row column_structure=&#8221;1_4,1_2,1_4&#8243; _builder_version=&#8221;4.16&#8243; _module_preset=&#8221;default&#8221; global_colors_info=&#8221;{}&#8221;][et_pb_column type=&#8221;1_4&#8243; _builder_version=&#8221;4.16&#8243; _module_preset=&#8221;default&#8221; global_colors_info=&#8221;{}&#8221;][et_pb_image src=&#8221;https:\/\/openwash.es\/wp-content\/uploads\/2023\/09\/lavadora.jpg&#8221; alt=&#8221;lavagem-abertura-lavagem&#8221; title_text=&#8221;m\u00e1quina de lavar roupa&#8221; _builder_version=&#8221;4.22.1&#8243; _module_preset=&#8221;default&#8221; global_colors_info=&#8221;{}&#8221;][\/et_pb_image][\/et_pb_column][et_pb_column type=&#8221;1_2&#8243; _builder_version=&#8221;4.16&#8243; _module_preset=&#8221;default&#8221; global_colors_info=&#8221;{}&#8221;][et_pb_text _builder_version=&#8221;4.22.1&#8243; _module_preset=&#8221;default&#8221; global_colors_info=&#8221;{}&#8221;]<\/p>\n<p><strong>M\u00c1QUINAS DE LAVAR ABERTAS<\/strong><\/p>\n<p><span>M\u00e1quinas de lavar roupa de \u00faltima gera\u00e7\u00e3o que combinam a mais recente tecnologia com componentes e materiais da mais elevada qualidade. Disp\u00f5em dos \u00faltimos avan\u00e7os em WET CLEANING e de sistemas de poupan\u00e7a de \u00e1gua, energia e produtos qu\u00edmicos.  <\/span><\/p>\n<p><span>A facilidade de utiliza\u00e7\u00e3o e a programa\u00e7\u00e3o intuitiva tornam-no adequado para lavandarias self-service, uma vez que permite aos clientes utiliz\u00e1-lo de forma r\u00e1pida e c\u00f3moda.<\/span><\/p>\n<p><span>Como novidade, incorpora o novo programador <\/span><strong>Touch Plus Control<\/strong><span>bem como os novos modelos de centrifuga\u00e7\u00e3o alta e standard, tornando-a numa das gamas mais completas do mercado.<\/span><\/p>\n<p><span><strong>CARACTER\u00cdSTICAS<\/strong><\/span><\/p>\n<p>&nbsp;<\/p>\n<div>\n<p>&#8211; Ecr\u00e3 t\u00e1til de 4,3&#8243;.<\/p>\n<p>&#8211; Programador com 33 l\u00ednguas dispon\u00edveis.<\/p>\n<p>&#8211; Porta USB para actualiza\u00e7\u00f5es do software da m\u00e1quina de lavar roupa e muitas outras aplica\u00e7\u00f5es.<\/p>\n<p>&#8211; Touch Plus Control para a m\u00e1quina de lavar roupa vers\u00e3o OPL e a m\u00e1quina de lavar roupa vers\u00e3o self-service.<\/p>\n<p>&#8211; Porta de comunica\u00e7\u00e3o s\u00e9rie RS-485 para controlo\/gest\u00e3o remota.<\/p>\n<\/div>\n<p>[\/et_pb_text][\/et_pb_column][et_pb_column type=&#8221;1_4&#8243; _builder_version=&#8221;4.16&#8243; _module_preset=&#8221;default&#8221; global_colors_info=&#8221;{}&#8221;][et_pb_image src=&#8221;https:\/\/openwash.es\/wp-content\/uploads\/2023\/09\/lavadora-favor.jpg&#8221; alt=&#8221;m\u00e1quina de lavar roupa-fagor-openwash&#8221; title_text=&#8221;m\u00e1quina de lavar roupa-fagor&#8221; _builder_version=&#8221;4.22.1&#8243; _module_preset=&#8221;default&#8221; global_colors_info=&#8221;{}&#8221;][\/et_pb_image][\/et_pb_column][\/et_pb_row][et_pb_row _builder_version=&#8221;4.22.2&#8243; _module_preset=&#8221;default&#8221;][et_pb_column _builder_version=&#8221;4.22.2&#8243; _module_preset=&#8221;default&#8221; type=&#8221;4_4&#8243;][et_pb_button button_url=&#8221;https:\/\/openwash.es\/pt-pt\/contacto\/&#8221; button_text=&#8221;Pedir um or\u00e7amento personalizado&#8221; button_alignment=&#8221;center&#8221; button_alignment_tablet=&#8221;left&#8221; button_alignment_phone=&#8221;center&#8221; button_alignment_last_edited=&#8221;on|phone&#8221; _builder_version=&#8221;4.22.2&#8243; _module_preset=&#8221;default&#8221; custom_button=&#8221;on&#8221; button_text_size=&#8221;22px&#8221; button_text_color=&#8221;#173f89&#8243; button_bg_color=&#8221;#ffffff&#8221; button_border_width=&#8221;3px&#8221; button_border_radius=&#8221;8px&#8221; button_letter_spacing=&#8221;1px&#8221; custom_margin=&#8221;0px||40px||false|false&#8221; custom_margin_tablet=&#8221;0px||40px||false|false&#8221; custom_margin_phone=&#8221;||56px||false|false&#8221; custom_margin_last_edited=&#8221;on|phone&#8221; button_text_size_tablet=&#8221;18px&#8221; button_text_size_phone=&#8221;12px&#8221; button_text_size_last_edited=&#8221;on|phone&#8221; global_colors_info=&#8221;{}&#8221; theme_builder_area=&#8221;post_content&#8221;][\/et_pb_button][\/et_pb_column][\/et_pb_row][\/et_pb_section]<\/p>\n","protected":false},"excerpt":{"rendered":"<p>M\u00c1QUINAS DE LAVAR ROUPAM\u00c1QUINAS DE LAVAR ABERTAS M\u00e1quinas de lavar roupa de \u00faltima gera\u00e7\u00e3o que combinam a mais recente tecnologia com componentes e materiais da mais elevada qualidade. Disp\u00f5em dos \u00faltimos avan\u00e7os em WET CLEANING e de sistemas de poupan\u00e7a de \u00e1gua, energia e produtos qu\u00edmicos. A facilidade de utiliza\u00e7\u00e3o e a programa\u00e7\u00e3o intuitiva tornam-no [&hellip;]<\/p>\n","protected":false},"author":1,"featured_media":1769,"parent":0,"menu_order":0,"comment_status":"closed","ping_status":"closed","template":"","meta":{"_et_pb_use_builder":"on","_et_pb_old_content":"","_et_gb_content_width":"","footnotes":""},"class_list":["post-1918","page","type-page","status-publish","has-post-thumbnail","hentry"],"yoast_head":"<!-- This site is optimized with the Yoast SEO plugin v27.3 - https:\/\/yoast.com\/product\/yoast-seo-wordpress\/ -->\n<title>M\u00e1quinas de lavar roupa | Lavanderias Autoservicio Open Wash<\/title>\n<meta name=\"description\" content=\"M\u00c1QUINAS DE LAVAR OPEN WASH M\u00e1quinas de lavar de \u00faltima gera\u00e7\u00e3o que combinam a mais recente tecnologia com componentes e materiais da mais alta qualidade.\" \/>\n<meta name=\"robots\" content=\"index, follow, max-snippet:-1, max-image-preview:large, max-video-preview:-1\" \/>\n<link rel=\"canonical\" href=\"https:\/\/openwash.es\/pt-pt\/maquinas-de-lavar-roupa\/\" \/>\n<meta property=\"og:locale\" content=\"pt_PT\" \/>\n<meta property=\"og:type\" content=\"article\" \/>\n<meta property=\"og:title\" content=\"M\u00e1quinas de lavar roupa | Lavanderias Autoservicio Open Wash\" \/>\n<meta property=\"og:description\" content=\"M\u00c1QUINAS DE LAVAR OPEN WASH M\u00e1quinas de lavar de \u00faltima gera\u00e7\u00e3o que combinam a mais recente tecnologia com componentes e materiais da mais alta qualidade.\" \/>\n<meta property=\"og:url\" content=\"https:\/\/openwash.es\/pt-pt\/maquinas-de-lavar-roupa\/\" \/>\n<meta property=\"og:site_name\" content=\"Lavanderias Autoservicio Open Wash\" \/>\n<meta property=\"article:publisher\" content=\"https:\/\/www.facebook.com\/franquiciaopenwash\" \/>\n<meta property=\"article:modified_time\" content=\"2024-09-24T11:20:41+00:00\" \/>\n<meta property=\"og:image\" content=\"https:\/\/openwash.es\/wp-content\/uploads\/2023\/09\/lavadora.jpg\" \/>\n\t<meta property=\"og:image:width\" content=\"400\" \/>\n\t<meta property=\"og:image:height\" content=\"600\" \/>\n\t<meta property=\"og:image:type\" content=\"image\/jpeg\" \/>\n<meta name=\"twitter:card\" content=\"summary_large_image\" \/>\n<meta name=\"twitter:label1\" content=\"Tempo estimado de leitura\" \/>\n\t<meta name=\"twitter:data1\" content=\"3 minutos\" \/>\n<script type=\"application\/ld+json\" class=\"yoast-schema-graph\">{\"@context\":\"https:\\\/\\\/schema.org\",\"@graph\":[{\"@type\":\"WebPage\",\"@id\":\"https:\\\/\\\/openwash.es\\\/pt-pt\\\/maquinas-de-lavar-roupa\\\/\",\"url\":\"https:\\\/\\\/openwash.es\\\/pt-pt\\\/maquinas-de-lavar-roupa\\\/\",\"name\":\"M\u00e1quinas de lavar roupa | Lavanderias Autoservicio Open Wash\",\"isPartOf\":{\"@id\":\"https:\\\/\\\/openwash.es\\\/pt-pt\\\/#website\"},\"primaryImageOfPage\":{\"@id\":\"https:\\\/\\\/openwash.es\\\/pt-pt\\\/maquinas-de-lavar-roupa\\\/#primaryimage\"},\"image\":{\"@id\":\"https:\\\/\\\/openwash.es\\\/pt-pt\\\/maquinas-de-lavar-roupa\\\/#primaryimage\"},\"thumbnailUrl\":\"https:\\\/\\\/openwash.es\\\/wp-content\\\/uploads\\\/2023\\\/09\\\/lavadora.jpg\",\"datePublished\":\"2021-01-12T16:55:37+00:00\",\"dateModified\":\"2024-09-24T11:20:41+00:00\",\"description\":\"M\u00c1QUINAS DE LAVAR OPEN WASH M\u00e1quinas de lavar de \u00faltima gera\u00e7\u00e3o que combinam a mais recente tecnologia com componentes e materiais da mais alta qualidade.\",\"breadcrumb\":{\"@id\":\"https:\\\/\\\/openwash.es\\\/pt-pt\\\/maquinas-de-lavar-roupa\\\/#breadcrumb\"},\"inLanguage\":\"pt-PT\",\"potentialAction\":[{\"@type\":\"ReadAction\",\"target\":[\"https:\\\/\\\/openwash.es\\\/pt-pt\\\/maquinas-de-lavar-roupa\\\/\"]}]},{\"@type\":\"ImageObject\",\"inLanguage\":\"pt-PT\",\"@id\":\"https:\\\/\\\/openwash.es\\\/pt-pt\\\/maquinas-de-lavar-roupa\\\/#primaryimage\",\"url\":\"https:\\\/\\\/openwash.es\\\/wp-content\\\/uploads\\\/2023\\\/09\\\/lavadora.jpg\",\"contentUrl\":\"https:\\\/\\\/openwash.es\\\/wp-content\\\/uploads\\\/2023\\\/09\\\/lavadora.jpg\",\"width\":400,\"height\":600},{\"@type\":\"BreadcrumbList\",\"@id\":\"https:\\\/\\\/openwash.es\\\/pt-pt\\\/maquinas-de-lavar-roupa\\\/#breadcrumb\",\"itemListElement\":[{\"@type\":\"ListItem\",\"position\":1,\"name\":\"Home\",\"item\":\"https:\\\/\\\/openwash.es\\\/pt-pt\\\/inicio\\\/\"},{\"@type\":\"ListItem\",\"position\":2,\"name\":\"M\u00e1quinas de lavar roupa\"}]},{\"@type\":\"WebSite\",\"@id\":\"https:\\\/\\\/openwash.es\\\/pt-pt\\\/#website\",\"url\":\"https:\\\/\\\/openwash.es\\\/pt-pt\\\/\",\"name\":\"Open Wash\",\"description\":\"Lavander\u00edas Autoservicio\",\"publisher\":{\"@id\":\"https:\\\/\\\/openwash.es\\\/pt-pt\\\/#organization\"},\"alternateName\":\"Openwash\",\"potentialAction\":[{\"@type\":\"SearchAction\",\"target\":{\"@type\":\"EntryPoint\",\"urlTemplate\":\"https:\\\/\\\/openwash.es\\\/pt-pt\\\/?s={search_term_string}\"},\"query-input\":{\"@type\":\"PropertyValueSpecification\",\"valueRequired\":true,\"valueName\":\"search_term_string\"}}],\"inLanguage\":\"pt-PT\"},{\"@type\":\"Organization\",\"@id\":\"https:\\\/\\\/openwash.es\\\/pt-pt\\\/#organization\",\"name\":\"Open Wash\",\"alternateName\":\"Openwash\",\"url\":\"https:\\\/\\\/openwash.es\\\/pt-pt\\\/\",\"logo\":{\"@type\":\"ImageObject\",\"inLanguage\":\"pt-PT\",\"@id\":\"https:\\\/\\\/openwash.es\\\/pt-pt\\\/#\\\/schema\\\/logo\\\/image\\\/\",\"url\":\"https:\\\/\\\/openwash.es\\\/wp-content\\\/uploads\\\/2021\\\/01\\\/logo-open-500.png\",\"contentUrl\":\"https:\\\/\\\/openwash.es\\\/wp-content\\\/uploads\\\/2021\\\/01\\\/logo-open-500.png\",\"width\":500,\"height\":500,\"caption\":\"Open Wash\"},\"image\":{\"@id\":\"https:\\\/\\\/openwash.es\\\/pt-pt\\\/#\\\/schema\\\/logo\\\/image\\\/\"},\"sameAs\":[\"https:\\\/\\\/www.facebook.com\\\/franquiciaopenwash\",\"https:\\\/\\\/www.instagram.com\\\/openwash\\\/\",\"https:\\\/\\\/www.linkedin.com\\\/company\\\/11042051\\\/admin\\\/\",\"https:\\\/\\\/www.youtube.com\\\/channel\\\/UCeTkyEcg3BP--dE_U_yoElw\"]}]}<\/script>\n<!-- \/ Yoast SEO plugin. -->","yoast_head_json":{"title":"M\u00e1quinas de lavar roupa | Lavanderias Autoservicio Open Wash","description":"M\u00c1QUINAS DE LAVAR OPEN WASH M\u00e1quinas de lavar de \u00faltima gera\u00e7\u00e3o que combinam a mais recente tecnologia com componentes e materiais da mais alta qualidade.","robots":{"index":"index","follow":"follow","max-snippet":"max-snippet:-1","max-image-preview":"max-image-preview:large","max-video-preview":"max-video-preview:-1"},"canonical":"https:\/\/openwash.es\/pt-pt\/maquinas-de-lavar-roupa\/","og_locale":"pt_PT","og_type":"article","og_title":"M\u00e1quinas de lavar roupa | Lavanderias Autoservicio Open Wash","og_description":"M\u00c1QUINAS DE LAVAR OPEN WASH M\u00e1quinas de lavar de \u00faltima gera\u00e7\u00e3o que combinam a mais recente tecnologia com componentes e materiais da mais alta qualidade.","og_url":"https:\/\/openwash.es\/pt-pt\/maquinas-de-lavar-roupa\/","og_site_name":"Lavanderias Autoservicio Open Wash","article_publisher":"https:\/\/www.facebook.com\/franquiciaopenwash","article_modified_time":"2024-09-24T11:20:41+00:00","og_image":[{"width":400,"height":600,"url":"https:\/\/openwash.es\/wp-content\/uploads\/2023\/09\/lavadora.jpg","type":"image\/jpeg"}],"twitter_card":"summary_large_image","twitter_misc":{"Tempo estimado de leitura":"3 minutos"},"schema":{"@context":"https:\/\/schema.org","@graph":[{"@type":"WebPage","@id":"https:\/\/openwash.es\/pt-pt\/maquinas-de-lavar-roupa\/","url":"https:\/\/openwash.es\/pt-pt\/maquinas-de-lavar-roupa\/","name":"M\u00e1quinas de lavar roupa | Lavanderias Autoservicio Open Wash","isPartOf":{"@id":"https:\/\/openwash.es\/pt-pt\/#website"},"primaryImageOfPage":{"@id":"https:\/\/openwash.es\/pt-pt\/maquinas-de-lavar-roupa\/#primaryimage"},"image":{"@id":"https:\/\/openwash.es\/pt-pt\/maquinas-de-lavar-roupa\/#primaryimage"},"thumbnailUrl":"https:\/\/openwash.es\/wp-content\/uploads\/2023\/09\/lavadora.jpg","datePublished":"2021-01-12T16:55:37+00:00","dateModified":"2024-09-24T11:20:41+00:00","description":"M\u00c1QUINAS DE LAVAR OPEN WASH M\u00e1quinas de lavar de \u00faltima gera\u00e7\u00e3o que combinam a mais recente tecnologia com componentes e materiais da mais alta qualidade.","breadcrumb":{"@id":"https:\/\/openwash.es\/pt-pt\/maquinas-de-lavar-roupa\/#breadcrumb"},"inLanguage":"pt-PT","potentialAction":[{"@type":"ReadAction","target":["https:\/\/openwash.es\/pt-pt\/maquinas-de-lavar-roupa\/"]}]},{"@type":"ImageObject","inLanguage":"pt-PT","@id":"https:\/\/openwash.es\/pt-pt\/maquinas-de-lavar-roupa\/#primaryimage","url":"https:\/\/openwash.es\/wp-content\/uploads\/2023\/09\/lavadora.jpg","contentUrl":"https:\/\/openwash.es\/wp-content\/uploads\/2023\/09\/lavadora.jpg","width":400,"height":600},{"@type":"BreadcrumbList","@id":"https:\/\/openwash.es\/pt-pt\/maquinas-de-lavar-roupa\/#breadcrumb","itemListElement":[{"@type":"ListItem","position":1,"name":"Home","item":"https:\/\/openwash.es\/pt-pt\/inicio\/"},{"@type":"ListItem","position":2,"name":"M\u00e1quinas de lavar roupa"}]},{"@type":"WebSite","@id":"https:\/\/openwash.es\/pt-pt\/#website","url":"https:\/\/openwash.es\/pt-pt\/","name":"Open Wash","description":"Lavander\u00edas Autoservicio","publisher":{"@id":"https:\/\/openwash.es\/pt-pt\/#organization"},"alternateName":"Openwash","potentialAction":[{"@type":"SearchAction","target":{"@type":"EntryPoint","urlTemplate":"https:\/\/openwash.es\/pt-pt\/?s={search_term_string}"},"query-input":{"@type":"PropertyValueSpecification","valueRequired":true,"valueName":"search_term_string"}}],"inLanguage":"pt-PT"},{"@type":"Organization","@id":"https:\/\/openwash.es\/pt-pt\/#organization","name":"Open Wash","alternateName":"Openwash","url":"https:\/\/openwash.es\/pt-pt\/","logo":{"@type":"ImageObject","inLanguage":"pt-PT","@id":"https:\/\/openwash.es\/pt-pt\/#\/schema\/logo\/image\/","url":"https:\/\/openwash.es\/wp-content\/uploads\/2021\/01\/logo-open-500.png","contentUrl":"https:\/\/openwash.es\/wp-content\/uploads\/2021\/01\/logo-open-500.png","width":500,"height":500,"caption":"Open Wash"},"image":{"@id":"https:\/\/openwash.es\/pt-pt\/#\/schema\/logo\/image\/"},"sameAs":["https:\/\/www.facebook.com\/franquiciaopenwash","https:\/\/www.instagram.com\/openwash\/","https:\/\/www.linkedin.com\/company\/11042051\/admin\/","https:\/\/www.youtube.com\/channel\/UCeTkyEcg3BP--dE_U_yoElw"]}]}},"_links":{"self":[{"href":"https:\/\/openwash.es\/pt-pt\/wp-json\/wp\/v2\/pages\/1918","targetHints":{"allow":["GET"]}}],"collection":[{"href":"https:\/\/openwash.es\/pt-pt\/wp-json\/wp\/v2\/pages"}],"about":[{"href":"https:\/\/openwash.es\/pt-pt\/wp-json\/wp\/v2\/types\/page"}],"author":[{"embeddable":true,"href":"https:\/\/openwash.es\/pt-pt\/wp-json\/wp\/v2\/users\/1"}],"replies":[{"embeddable":true,"href":"https:\/\/openwash.es\/pt-pt\/wp-json\/wp\/v2\/comments?post=1918"}],"version-history":[{"count":10,"href":"https:\/\/openwash.es\/pt-pt\/wp-json\/wp\/v2\/pages\/1918\/revisions"}],"predecessor-version":[{"id":2267,"href":"https:\/\/openwash.es\/pt-pt\/wp-json\/wp\/v2\/pages\/1918\/revisions\/2267"}],"wp:featuredmedia":[{"embeddable":true,"href":"https:\/\/openwash.es\/pt-pt\/wp-json\/wp\/v2\/media\/1769"}],"wp:attachment":[{"href":"https:\/\/openwash.es\/pt-pt\/wp-json\/wp\/v2\/media?parent=1918"}],"curies":[{"name":"wp","href":"https:\/\/api.w.org\/{rel}","templated":true}]}}