{"id":1933,"date":"2021-01-12T17:02:05","date_gmt":"2021-01-12T17:02:05","guid":{"rendered":"https:\/\/openwash.es\/abrir-a-sua-propria-lavandaria-self-service\/"},"modified":"2023-12-14T13:10:37","modified_gmt":"2023-12-14T13:10:37","slug":"abrir-a-sua-propria-lavandaria-self-service","status":"publish","type":"page","link":"https:\/\/openwash.es\/pt-pt\/abrir-a-sua-propria-lavandaria-self-service\/","title":{"rendered":"Abrir a sua pr\u00f3pria lavandaria self-service"},"content":{"rendered":"<p>[et_pb_section fb_built=&#8221;1&#8243; _builder_version=&#8221;4.22.1&#8243; _module_preset=&#8221;default&#8221; background_image=&#8221;https:\/\/openwash.es\/wp-content\/uploads\/2023\/09\/lavanderia-open-wash.jpg&#8221; width=&#8221;98%&#8221; module_alignment=&#8221;center&#8221; custom_padding=&#8221;374px||119px|||&#8221; global_colors_info=&#8221;{}&#8221;][\/et_pb_section][et_pb_section fb_built=&#8221;1&#8243; _builder_version=&#8221;4.16&#8243; _module_preset=&#8221;default&#8221; global_colors_info=&#8221;{}&#8221;][et_pb_row column_structure=&#8221;1_2,1_2&#8243; _builder_version=&#8221;4.16&#8243; _module_preset=&#8221;default&#8221; custom_margin=&#8221;1px|auto||auto||&#8221; global_colors_info=&#8221;{}&#8221;][et_pb_column type=&#8221;1_2&#8243; _builder_version=&#8221;4.16&#8243; _module_preset=&#8221;default&#8221; global_colors_info=&#8221;{}&#8221;][et_pb_text admin_label=&#8221;Discover Beatuty Title&#8221; _builder_version=&#8221;4.22.1&#8243; text_font=&#8221;||||&#8221; text_text_color=&#8221;#1a1a1a&#8221; header_font=&#8221;|700||on|||||&#8221; header_text_align=&#8221;left&#8221; header_text_color=&#8221;#0c71c3&#8243; header_font_size=&#8221;18px&#8221; header_2_font=&#8221;|500|||||||&#8221; header_2_text_align=&#8221;right&#8221; header_2_text_color=&#8221;#0c71c3&#8243; custom_margin=&#8221;||11px|||&#8221; custom_padding=&#8221;||1px|||&#8221; animation_style=&#8221;slide&#8221; animation_direction=&#8221;top&#8221; animation_intensity_slide=&#8221;10%&#8221; header_font_size_tablet=&#8221;50px&#8221; header_font_size_phone=&#8221;38px&#8221; header_font_size_last_edited=&#8221;on|phone&#8221; header_2_font_size_tablet=&#8221;50px&#8221; header_2_font_size_phone=&#8221;38px&#8221; header_2_font_size_last_edited=&#8221;on|phone&#8221; header_2_text_shadow_style=&#8221;preset3&#8243; global_colors_info=&#8221;{}&#8221;]<\/p>\n<h1 style=\"text-align: justify;\">Abra a sua lavandaria self-service<\/h1>\n<p>&nbsp;<\/p>\n<p>[\/et_pb_text][et_pb_text admin_label=&#8221;Discover Beatuty Title&#8221; _builder_version=&#8221;4.22.1&#8243; text_font=&#8221;||||&#8221; text_text_color=&#8221;#1a1a1a&#8221; header_font=&#8221;|700||on|||||&#8221; header_text_align=&#8221;left&#8221; header_text_color=&#8221;#5b5b5b&#8221; header_font_size=&#8221;60px&#8221; header_2_font=&#8221;|500|||||||&#8221; header_2_text_color=&#8221;#5b5b5b&#8221; header_2_font_size=&#8221;46px&#8221; custom_margin=&#8221;||11px|||&#8221; custom_padding=&#8221;||1px|||&#8221; animation_style=&#8221;slide&#8221; animation_direction=&#8221;top&#8221; animation_intensity_slide=&#8221;10%&#8221; header_font_size_tablet=&#8221;50px&#8221; header_font_size_phone=&#8221;38px&#8221; header_font_size_last_edited=&#8221;on|phone&#8221; header_2_font_size_tablet=&#8221;50px&#8221; header_2_font_size_phone=&#8221;38px&#8221; header_2_font_size_last_edited=&#8221;on|phone&#8221; global_colors_info=&#8221;{}&#8221;]<\/p>\n<h2 style=\"text-align: left;\">PASSOS PARA ABRIR A SUA LAVANDARIA<\/h2>\n<p>&nbsp;<\/p>\n<p>[\/et_pb_text][et_pb_divider divider_weight=&#8221;3px&#8221; _builder_version=&#8221;4.16&#8243; _module_preset=&#8221;default&#8221; width=&#8221;7%&#8221; module_alignment=&#8221;left&#8221; global_colors_info=&#8221;{}&#8221;][\/et_pb_divider][\/et_pb_column][et_pb_column type=&#8221;1_2&#8243; _builder_version=&#8221;4.16&#8243; _module_preset=&#8221;default&#8221; global_colors_info=&#8221;{}&#8221;][\/et_pb_column][\/et_pb_row][et_pb_row column_structure=&#8221;2_3,1_3&#8243; _builder_version=&#8221;4.16&#8243; _module_preset=&#8221;default&#8221; global_colors_info=&#8221;{}&#8221;][et_pb_column type=&#8221;2_3&#8243; _builder_version=&#8221;4.16&#8243; _module_preset=&#8221;default&#8221; global_colors_info=&#8221;{}&#8221;][et_pb_text _builder_version=&#8221;4.22.1&#8243; _module_preset=&#8221;default&#8221; custom_margin=&#8221;||35px|||&#8221; global_colors_info=&#8221;{}&#8221;]<\/p>\n<h3> <strong> 1 <\/strong><span> <\/span><i class=\"fa fa-map-marker\"><\/i><span> <\/span><strong>Localiza\u00e7\u00e3o<\/strong><br \/><span><\/span><span><\/span><\/h3>\n<p>[\/et_pb_text][et_pb_text _builder_version=&#8221;4.18.0&#8243; _module_preset=&#8221;default&#8221; custom_margin=&#8221;||45px|||&#8221; global_colors_info=&#8221;{}&#8221;]<\/p>\n<p><span>A escolha do local deve ser feita ap\u00f3s a realiza\u00e7\u00e3o de um simples mas importante estudo de mercado, pois disso depende o sucesso da empresa. As instala\u00e7\u00f5es devem estar situadas numa zona comercial movimentada, perto de parques, caf\u00e9s ou bancos e, se poss\u00edvel, com estacionamento para o autom\u00f3vel.<\/span><\/p>\n<p>[\/et_pb_text][et_pb_text _builder_version=&#8221;4.18.0&#8243; _module_preset=&#8221;default&#8221; custom_margin=&#8221;||36px|||&#8221; global_colors_info=&#8221;{}&#8221;]<\/p>\n<h3> <strong> 2 <\/strong><span> <\/span><i class=\"fa fa-thumb-tack\"><\/i><span> <\/span><strong>Procedimentos e regulamentos em vigor<\/strong><br \/><span><\/span><span><\/span><\/h3>\n<p>[\/et_pb_text][et_pb_text _builder_version=&#8221;4.18.0&#8243; _module_preset=&#8221;default&#8221; custom_margin=&#8221;||45px|||&#8221; global_colors_info=&#8221;{}&#8221;]<\/p>\n<p><strong><\/strong><span>Estaremos ao seu lado durante todo o processo de negocia\u00e7\u00e3o at\u00e9 \u00e0 abertura do seu estabelecimento comercial, ajudando-o e aconselhando-o nas formalidades exigidas pela regulamenta\u00e7\u00e3o em vigor no munic\u00edpio onde o seu estabelecimento ser\u00e1 instalado.<\/span><\/p>\n<p>[\/et_pb_text][et_pb_text _builder_version=&#8221;4.18.0&#8243; _module_preset=&#8221;default&#8221; custom_margin=&#8221;||35px|||&#8221; global_colors_info=&#8221;{}&#8221;]<\/p>\n<h3><strong>3 <\/strong><span> <\/span><i class=\"fa fa-shopping-cart\"><\/i><span> <\/span><strong>Configura\u00e7\u00e3o e conce\u00e7\u00e3o da loja<\/strong><br \/><span><\/span><span><\/span><\/h3>\n<p>[\/et_pb_text][et_pb_text _builder_version=&#8221;4.18.0&#8243; _module_preset=&#8221;default&#8221; custom_margin=&#8221;||45px|||&#8221; global_colors_info=&#8221;{}&#8221;]<\/p>\n<p><strong><\/strong><span>A configura\u00e7\u00e3o e o design finais depender\u00e3o da dimens\u00e3o e das caracter\u00edsticas de cada local. Elaboraremos um projeto com um design detalhado e totalmente adequado, com todos os acess\u00f3rios necess\u00e1rios para melhorar e diferenciar-se da concorr\u00eancia.<\/span><\/p>\n<p>[\/et_pb_text][et_pb_text _builder_version=&#8221;4.18.0&#8243; _module_preset=&#8221;default&#8221; custom_margin=&#8221;||35px|||&#8221; global_colors_info=&#8221;{}&#8221;]<\/p>\n<h3><strong>4 <\/strong><span> <\/span><i class=\"fa fa-circle-o-notch\"><\/i><span> <\/span><strong>Servi\u00e7o chave na m\u00e3o<\/strong><br \/><span><\/span><span><\/span><\/h3>\n<p>[\/et_pb_text][et_pb_text _builder_version=&#8221;4.18.0&#8243; _module_preset=&#8221;default&#8221; custom_margin=&#8221;||45px|||&#8221; global_colors_info=&#8221;{}&#8221;]<\/p>\n<p><span>Oferecemos a entrega de projectos chave na m\u00e3o. Para tal, dispomos de uma equipa de profissionais qualificados em todas as \u00e1reas necess\u00e1rias, tais como: canaliza\u00e7\u00e3o, instala\u00e7\u00e3o el\u00e9ctrica, divis\u00f3rias em gesso cartonado, alvenaria, projeto de actividades e decora\u00e7\u00e3o de interiores e exteriores.<\/span><\/p>\n<p>[\/et_pb_text][et_pb_text _builder_version=&#8221;4.18.0&#8243; _module_preset=&#8221;default&#8221; global_colors_info=&#8221;{}&#8221;]<\/p>\n<h3><strong>5 <\/strong><span> <\/span><i class=\"fa fa-gears\"><\/i><span> <\/span><strong>Maquinaria<\/strong><br \/><span><\/span><span><\/span><\/h3>\n<p>[\/et_pb_text][et_pb_text _builder_version=&#8221;4.18.0&#8243; _module_preset=&#8221;default&#8221; custom_margin=&#8221;||45px|||&#8221; global_colors_info=&#8221;{}&#8221;]<\/p>\n<p><span>Dispomos da melhor e mais moderna maquinaria do mercado: m\u00e1quinas de lavar e secar roupa da empresa espanhola Fagor Industrial, uma empresa de reconhecido prest\u00edgio a n\u00edvel mundial. Optimizamos as suas instala\u00e7\u00f5es em fun\u00e7\u00e3o das suas caracter\u00edsticas e adaptamos o n\u00famero de m\u00e1quinas de lavar e secar roupa com diferentes capacidades e caracter\u00edsticas. A variedade de programas, a qualidade dos produtos e a qualidade da nossa lavandaria s\u00e3o algumas das nossas armas para competir no mercado.<\/span><\/p>\n<p>[\/et_pb_text][et_pb_text _builder_version=&#8221;4.18.0&#8243; _module_preset=&#8221;default&#8221; global_colors_info=&#8221;{}&#8221;]<\/p>\n<h3><strong>6 <\/strong><span> <\/span><i class=\"fa fa-th-large\"><\/i><span> <\/span><strong>Mobili\u00e1rio<\/strong><br \/><span><\/span><span><\/span><\/h3>\n<p>[\/et_pb_text][et_pb_text _builder_version=&#8221;4.18.0&#8243; _module_preset=&#8221;default&#8221; custom_margin=&#8221;||45px|||&#8221; global_colors_info=&#8221;{}&#8221;]<\/p>\n<p><span>Instalamos mobili\u00e1rio adaptado a cada local, de acordo com a imagem corporativa da marca, confort\u00e1vel, funcional e elegante para o cliente. Cadeiras de bancada, televis\u00e3o, mesas para dobrar a roupa, cestos para manusear a roupa. Podemos tamb\u00e9m ajud\u00e1-lo e aconselh\u00e1-lo relativamente a quaisquer outros acess\u00f3rios decorativos para o acabamento final.<\/span><\/p>\n<p>[\/et_pb_text][et_pb_text _builder_version=&#8221;4.18.0&#8243; _module_preset=&#8221;default&#8221; custom_padding=&#8221;1px|||||&#8221; global_colors_info=&#8221;{}&#8221;]<\/p>\n<h3><strong><span> <\/span><i class=\"fa fa-group\"><\/i><span> <\/span><strong>Forma\u00e7\u00e3o<\/strong><\/strong><br \/><span><\/span><span><\/span><\/h3>\n<p>[\/et_pb_text][et_pb_text _builder_version=&#8221;4.18.0&#8243; _module_preset=&#8221;default&#8221; custom_margin=&#8221;||45px|||&#8221; global_colors_info=&#8221;{}&#8221;]<\/p>\n<p><span>A Open Wash proporciona-lhe a forma\u00e7\u00e3o cont\u00ednua de que necessita para que possa tomar conta da sua empresa e torn\u00e1-la o mais rent\u00e1vel poss\u00edvel num curto espa\u00e7o de tempo. Opera\u00e7\u00e3o de m\u00e1quinas, controlo remoto por dom\u00f3tica, processos de manuten\u00e7\u00e3o preventiva e de rotina s\u00e3o algumas das \u00e1reas de forma\u00e7\u00e3o, nas quais nunca estar\u00e1 sozinho e poder\u00e1 sempre contar com a nossa rede de t\u00e9cnicos especializados.<\/span><\/p>\n<p>[\/et_pb_text][et_pb_text _builder_version=&#8221;4.18.0&#8243; _module_preset=&#8221;default&#8221; global_colors_info=&#8221;{}&#8221;]<\/p>\n<h3> <strong> 8 <\/strong><span> <\/span><i class=\"fa fa-key\"><\/i><span> <\/span><strong>Abertura<\/strong><br \/><span><\/span><span><\/span><\/h3>\n<p>[\/et_pb_text][et_pb_text _builder_version=&#8221;4.18.0&#8243; _module_preset=&#8221;default&#8221; custom_margin=&#8221;||65px|||&#8221; global_colors_info=&#8221;{}&#8221;]<\/p>\n<p><span>Depois de abrir as suas instala\u00e7\u00f5es Open Wash e come\u00e7ar a geri-las, a nossa rela\u00e7\u00e3o di\u00e1ria continua, colocando \u00e0 sua disposi\u00e7\u00e3o toda a nossa rede de profissionais e t\u00e9cnicos qualificados em todas as \u00e1reas que comp\u00f5em a sua lavandaria self-service. Esta rede estar\u00e1 sempre dispon\u00edvel para si quando precisar dela.<\/span><\/p>\n<p>[\/et_pb_text][et_pb_button button_url=&#8221;https:\/\/openwash.es\/contactanos\/&#8221; button_text=&#8221;Pedir um or\u00e7amento personalizado&#8221; button_alignment=&#8221;center&#8221; button_alignment_tablet=&#8221;left&#8221; button_alignment_phone=&#8221;center&#8221; button_alignment_last_edited=&#8221;on|phone&#8221; _builder_version=&#8221;4.22.2&#8243; _module_preset=&#8221;default&#8221; custom_button=&#8221;on&#8221; button_text_size=&#8221;22px&#8221; button_text_color=&#8221;#173f89&#8243; button_bg_color=&#8221;#ffffff&#8221; button_border_width=&#8221;3px&#8221; button_border_radius=&#8221;8px&#8221; button_letter_spacing=&#8221;1px&#8221; custom_margin=&#8221;0px||40px||false|false&#8221; custom_margin_tablet=&#8221;0px||40px||false|false&#8221; custom_margin_phone=&#8221;||56px||false|false&#8221; custom_margin_last_edited=&#8221;on|phone&#8221; button_text_size_tablet=&#8221;18px&#8221; button_text_size_phone=&#8221;12px&#8221; button_text_size_last_edited=&#8221;on|phone&#8221; global_colors_info=&#8221;{}&#8221; theme_builder_area=&#8221;post_content&#8221;][\/et_pb_button][\/et_pb_column][et_pb_column type=&#8221;1_3&#8243; _builder_version=&#8221;4.16&#8243; _module_preset=&#8221;default&#8221; global_colors_info=&#8221;{}&#8221;][et_pb_image src=&#8221;https:\/\/openwash.es\/wp-content\/uploads\/2021\/02\/Diseno-sin-titulo-3.jpg&#8221; alt=&#8221;lavagem central-de-pago-aberto&#8221; title_text=&#8221;centro de pagamento&#8221; _builder_version=&#8221;4.22.1&#8243; _module_preset=&#8221;default&#8221; border_radii=&#8221;on|15px|15px|15px|15px&#8221; global_colors_info=&#8221;{}&#8221;][\/et_pb_image][et_pb_image src=&#8221;https:\/\/openwash.es\/wp-content\/uploads\/2021\/02\/Diseno-sin-titulo-2-2.jpg&#8221; alt=&#8221;passos-para-abrir-abrir-abrir-lavagem&#8221; title_text=&#8221;passos da lavandaria&#8221; _builder_version=&#8221;4.22.1&#8243; _module_preset=&#8221;default&#8221; border_radii=&#8221;on|15px|15px|15px|15px&#8221; global_colors_info=&#8221;{}&#8221;][\/et_pb_image][\/et_pb_column][\/et_pb_row][\/et_pb_section]<\/p>\n","protected":false},"excerpt":{"rendered":"<p>Abra a sua lavandaria self-service &nbsp;PASSOS PARA ABRIR A SUA LAVANDARIA &nbsp; 1 Localiza\u00e7\u00e3oA escolha do local deve ser feita ap\u00f3s a realiza\u00e7\u00e3o de um simples mas importante estudo de mercado, pois disso depende o sucesso da empresa. As instala\u00e7\u00f5es devem estar situadas numa zona comercial movimentada, perto de parques, caf\u00e9s ou bancos e, se [&hellip;]<\/p>\n","protected":false},"author":1,"featured_media":1721,"parent":0,"menu_order":0,"comment_status":"closed","ping_status":"closed","template":"","meta":{"_et_pb_use_builder":"on","_et_pb_old_content":"","_et_gb_content_width":"","footnotes":""},"class_list":["post-1933","page","type-page","status-publish","has-post-thumbnail","hentry"],"yoast_head":"<!-- This site is optimized with the Yoast SEO plugin v27.4 - https:\/\/yoast.com\/product\/yoast-seo-wordpress\/ -->\n<title>Lavanderias Autoservicio Open Wash | Abrir a sua pr\u00f3pria lavandaria self-service<\/title>\n<meta name=\"description\" content=\"Abra a sua pr\u00f3pria lavandaria self-service com o Open Wash. Gui\u00e1-lo-emos passo a passo desde o licenciamento at\u00e9 \u00e0 cria\u00e7\u00e3o da sua empresa.\" \/>\n<meta name=\"robots\" content=\"index, follow, max-snippet:-1, max-image-preview:large, max-video-preview:-1\" \/>\n<link rel=\"canonical\" href=\"https:\/\/openwash.es\/pt-pt\/abrir-a-sua-propria-lavandaria-self-service\/\" \/>\n<meta property=\"og:locale\" content=\"pt_PT\" \/>\n<meta property=\"og:type\" content=\"article\" \/>\n<meta property=\"og:title\" content=\"Lavanderias Autoservicio Open Wash | Abrir a sua pr\u00f3pria lavandaria self-service\" \/>\n<meta property=\"og:description\" content=\"Abra a sua pr\u00f3pria lavandaria self-service com o Open Wash. Gui\u00e1-lo-emos passo a passo desde o licenciamento at\u00e9 \u00e0 cria\u00e7\u00e3o da sua empresa.\" \/>\n<meta property=\"og:url\" content=\"https:\/\/openwash.es\/pt-pt\/abrir-a-sua-propria-lavandaria-self-service\/\" \/>\n<meta property=\"og:site_name\" content=\"Lavanderias Autoservicio Open Wash\" \/>\n<meta property=\"article:publisher\" content=\"https:\/\/www.facebook.com\/franquiciaopenwash\" \/>\n<meta property=\"article:modified_time\" content=\"2023-12-14T13:10:37+00:00\" \/>\n<meta property=\"og:image\" content=\"https:\/\/openwash.es\/wp-content\/uploads\/2021\/02\/Diseno-sin-titulo-4.jpg\" \/>\n\t<meta property=\"og:image:width\" content=\"1180\" \/>\n\t<meta property=\"og:image:height\" content=\"665\" \/>\n\t<meta property=\"og:image:type\" content=\"image\/jpeg\" \/>\n<meta name=\"twitter:card\" content=\"summary_large_image\" \/>\n<meta name=\"twitter:label1\" content=\"Tempo estimado de leitura\" \/>\n\t<meta name=\"twitter:data1\" content=\"7 minutos\" \/>\n<script type=\"application\/ld+json\" class=\"yoast-schema-graph\">{\"@context\":\"https:\\\/\\\/schema.org\",\"@graph\":[{\"@type\":\"WebPage\",\"@id\":\"https:\\\/\\\/openwash.es\\\/pt-pt\\\/abrir-a-sua-propria-lavandaria-self-service\\\/\",\"url\":\"https:\\\/\\\/openwash.es\\\/pt-pt\\\/abrir-a-sua-propria-lavandaria-self-service\\\/\",\"name\":\"Lavanderias Autoservicio Open Wash | Abrir a sua pr\u00f3pria lavandaria self-service\",\"isPartOf\":{\"@id\":\"https:\\\/\\\/openwash.es\\\/pt-pt\\\/#website\"},\"primaryImageOfPage\":{\"@id\":\"https:\\\/\\\/openwash.es\\\/pt-pt\\\/abrir-a-sua-propria-lavandaria-self-service\\\/#primaryimage\"},\"image\":{\"@id\":\"https:\\\/\\\/openwash.es\\\/pt-pt\\\/abrir-a-sua-propria-lavandaria-self-service\\\/#primaryimage\"},\"thumbnailUrl\":\"https:\\\/\\\/openwash.es\\\/wp-content\\\/uploads\\\/2021\\\/02\\\/Diseno-sin-titulo-4.jpg\",\"datePublished\":\"2021-01-12T17:02:05+00:00\",\"dateModified\":\"2023-12-14T13:10:37+00:00\",\"description\":\"Abra a sua pr\u00f3pria lavandaria self-service com o Open Wash. Gui\u00e1-lo-emos passo a passo desde o licenciamento at\u00e9 \u00e0 cria\u00e7\u00e3o da sua empresa.\",\"breadcrumb\":{\"@id\":\"https:\\\/\\\/openwash.es\\\/pt-pt\\\/abrir-a-sua-propria-lavandaria-self-service\\\/#breadcrumb\"},\"inLanguage\":\"pt-PT\",\"potentialAction\":[{\"@type\":\"ReadAction\",\"target\":[\"https:\\\/\\\/openwash.es\\\/pt-pt\\\/abrir-a-sua-propria-lavandaria-self-service\\\/\"]}]},{\"@type\":\"ImageObject\",\"inLanguage\":\"pt-PT\",\"@id\":\"https:\\\/\\\/openwash.es\\\/pt-pt\\\/abrir-a-sua-propria-lavandaria-self-service\\\/#primaryimage\",\"url\":\"https:\\\/\\\/openwash.es\\\/wp-content\\\/uploads\\\/2021\\\/02\\\/Diseno-sin-titulo-4.jpg\",\"contentUrl\":\"https:\\\/\\\/openwash.es\\\/wp-content\\\/uploads\\\/2021\\\/02\\\/Diseno-sin-titulo-4.jpg\",\"width\":1180,\"height\":665},{\"@type\":\"BreadcrumbList\",\"@id\":\"https:\\\/\\\/openwash.es\\\/pt-pt\\\/abrir-a-sua-propria-lavandaria-self-service\\\/#breadcrumb\",\"itemListElement\":[{\"@type\":\"ListItem\",\"position\":1,\"name\":\"Home\",\"item\":\"https:\\\/\\\/openwash.es\\\/pt-pt\\\/inicio\\\/\"},{\"@type\":\"ListItem\",\"position\":2,\"name\":\"Abrir a sua pr\u00f3pria lavandaria self-service\"}]},{\"@type\":\"WebSite\",\"@id\":\"https:\\\/\\\/openwash.es\\\/pt-pt\\\/#website\",\"url\":\"https:\\\/\\\/openwash.es\\\/pt-pt\\\/\",\"name\":\"Open Wash\",\"description\":\"Lavander\u00edas Autoservicio\",\"publisher\":{\"@id\":\"https:\\\/\\\/openwash.es\\\/pt-pt\\\/#organization\"},\"alternateName\":\"Openwash\",\"potentialAction\":[{\"@type\":\"SearchAction\",\"target\":{\"@type\":\"EntryPoint\",\"urlTemplate\":\"https:\\\/\\\/openwash.es\\\/pt-pt\\\/?s={search_term_string}\"},\"query-input\":{\"@type\":\"PropertyValueSpecification\",\"valueRequired\":true,\"valueName\":\"search_term_string\"}}],\"inLanguage\":\"pt-PT\"},{\"@type\":\"Organization\",\"@id\":\"https:\\\/\\\/openwash.es\\\/pt-pt\\\/#organization\",\"name\":\"Open Wash\",\"alternateName\":\"Openwash\",\"url\":\"https:\\\/\\\/openwash.es\\\/pt-pt\\\/\",\"logo\":{\"@type\":\"ImageObject\",\"inLanguage\":\"pt-PT\",\"@id\":\"https:\\\/\\\/openwash.es\\\/pt-pt\\\/#\\\/schema\\\/logo\\\/image\\\/\",\"url\":\"https:\\\/\\\/openwash.es\\\/wp-content\\\/uploads\\\/2021\\\/01\\\/logo-open-500.png\",\"contentUrl\":\"https:\\\/\\\/openwash.es\\\/wp-content\\\/uploads\\\/2021\\\/01\\\/logo-open-500.png\",\"width\":500,\"height\":500,\"caption\":\"Open Wash\"},\"image\":{\"@id\":\"https:\\\/\\\/openwash.es\\\/pt-pt\\\/#\\\/schema\\\/logo\\\/image\\\/\"},\"sameAs\":[\"https:\\\/\\\/www.facebook.com\\\/franquiciaopenwash\",\"https:\\\/\\\/www.instagram.com\\\/openwash\\\/\",\"https:\\\/\\\/www.linkedin.com\\\/company\\\/11042051\\\/admin\\\/\",\"https:\\\/\\\/www.youtube.com\\\/channel\\\/UCeTkyEcg3BP--dE_U_yoElw\"]}]}<\/script>\n<!-- \/ Yoast SEO plugin. -->","yoast_head_json":{"title":"Lavanderias Autoservicio Open Wash | Abrir a sua pr\u00f3pria lavandaria self-service","description":"Abra a sua pr\u00f3pria lavandaria self-service com o Open Wash. Gui\u00e1-lo-emos passo a passo desde o licenciamento at\u00e9 \u00e0 cria\u00e7\u00e3o da sua empresa.","robots":{"index":"index","follow":"follow","max-snippet":"max-snippet:-1","max-image-preview":"max-image-preview:large","max-video-preview":"max-video-preview:-1"},"canonical":"https:\/\/openwash.es\/pt-pt\/abrir-a-sua-propria-lavandaria-self-service\/","og_locale":"pt_PT","og_type":"article","og_title":"Lavanderias Autoservicio Open Wash | Abrir a sua pr\u00f3pria lavandaria self-service","og_description":"Abra a sua pr\u00f3pria lavandaria self-service com o Open Wash. Gui\u00e1-lo-emos passo a passo desde o licenciamento at\u00e9 \u00e0 cria\u00e7\u00e3o da sua empresa.","og_url":"https:\/\/openwash.es\/pt-pt\/abrir-a-sua-propria-lavandaria-self-service\/","og_site_name":"Lavanderias Autoservicio Open Wash","article_publisher":"https:\/\/www.facebook.com\/franquiciaopenwash","article_modified_time":"2023-12-14T13:10:37+00:00","og_image":[{"width":1180,"height":665,"url":"https:\/\/openwash.es\/wp-content\/uploads\/2021\/02\/Diseno-sin-titulo-4.jpg","type":"image\/jpeg"}],"twitter_card":"summary_large_image","twitter_misc":{"Tempo estimado de leitura":"7 minutos"},"schema":{"@context":"https:\/\/schema.org","@graph":[{"@type":"WebPage","@id":"https:\/\/openwash.es\/pt-pt\/abrir-a-sua-propria-lavandaria-self-service\/","url":"https:\/\/openwash.es\/pt-pt\/abrir-a-sua-propria-lavandaria-self-service\/","name":"Lavanderias Autoservicio Open Wash | Abrir a sua pr\u00f3pria lavandaria self-service","isPartOf":{"@id":"https:\/\/openwash.es\/pt-pt\/#website"},"primaryImageOfPage":{"@id":"https:\/\/openwash.es\/pt-pt\/abrir-a-sua-propria-lavandaria-self-service\/#primaryimage"},"image":{"@id":"https:\/\/openwash.es\/pt-pt\/abrir-a-sua-propria-lavandaria-self-service\/#primaryimage"},"thumbnailUrl":"https:\/\/openwash.es\/wp-content\/uploads\/2021\/02\/Diseno-sin-titulo-4.jpg","datePublished":"2021-01-12T17:02:05+00:00","dateModified":"2023-12-14T13:10:37+00:00","description":"Abra a sua pr\u00f3pria lavandaria self-service com o Open Wash. Gui\u00e1-lo-emos passo a passo desde o licenciamento at\u00e9 \u00e0 cria\u00e7\u00e3o da sua empresa.","breadcrumb":{"@id":"https:\/\/openwash.es\/pt-pt\/abrir-a-sua-propria-lavandaria-self-service\/#breadcrumb"},"inLanguage":"pt-PT","potentialAction":[{"@type":"ReadAction","target":["https:\/\/openwash.es\/pt-pt\/abrir-a-sua-propria-lavandaria-self-service\/"]}]},{"@type":"ImageObject","inLanguage":"pt-PT","@id":"https:\/\/openwash.es\/pt-pt\/abrir-a-sua-propria-lavandaria-self-service\/#primaryimage","url":"https:\/\/openwash.es\/wp-content\/uploads\/2021\/02\/Diseno-sin-titulo-4.jpg","contentUrl":"https:\/\/openwash.es\/wp-content\/uploads\/2021\/02\/Diseno-sin-titulo-4.jpg","width":1180,"height":665},{"@type":"BreadcrumbList","@id":"https:\/\/openwash.es\/pt-pt\/abrir-a-sua-propria-lavandaria-self-service\/#breadcrumb","itemListElement":[{"@type":"ListItem","position":1,"name":"Home","item":"https:\/\/openwash.es\/pt-pt\/inicio\/"},{"@type":"ListItem","position":2,"name":"Abrir a sua pr\u00f3pria lavandaria self-service"}]},{"@type":"WebSite","@id":"https:\/\/openwash.es\/pt-pt\/#website","url":"https:\/\/openwash.es\/pt-pt\/","name":"Open Wash","description":"Lavander\u00edas Autoservicio","publisher":{"@id":"https:\/\/openwash.es\/pt-pt\/#organization"},"alternateName":"Openwash","potentialAction":[{"@type":"SearchAction","target":{"@type":"EntryPoint","urlTemplate":"https:\/\/openwash.es\/pt-pt\/?s={search_term_string}"},"query-input":{"@type":"PropertyValueSpecification","valueRequired":true,"valueName":"search_term_string"}}],"inLanguage":"pt-PT"},{"@type":"Organization","@id":"https:\/\/openwash.es\/pt-pt\/#organization","name":"Open Wash","alternateName":"Openwash","url":"https:\/\/openwash.es\/pt-pt\/","logo":{"@type":"ImageObject","inLanguage":"pt-PT","@id":"https:\/\/openwash.es\/pt-pt\/#\/schema\/logo\/image\/","url":"https:\/\/openwash.es\/wp-content\/uploads\/2021\/01\/logo-open-500.png","contentUrl":"https:\/\/openwash.es\/wp-content\/uploads\/2021\/01\/logo-open-500.png","width":500,"height":500,"caption":"Open Wash"},"image":{"@id":"https:\/\/openwash.es\/pt-pt\/#\/schema\/logo\/image\/"},"sameAs":["https:\/\/www.facebook.com\/franquiciaopenwash","https:\/\/www.instagram.com\/openwash\/","https:\/\/www.linkedin.com\/company\/11042051\/admin\/","https:\/\/www.youtube.com\/channel\/UCeTkyEcg3BP--dE_U_yoElw"]}]}},"_links":{"self":[{"href":"https:\/\/openwash.es\/pt-pt\/wp-json\/wp\/v2\/pages\/1933","targetHints":{"allow":["GET"]}}],"collection":[{"href":"https:\/\/openwash.es\/pt-pt\/wp-json\/wp\/v2\/pages"}],"about":[{"href":"https:\/\/openwash.es\/pt-pt\/wp-json\/wp\/v2\/types\/page"}],"author":[{"embeddable":true,"href":"https:\/\/openwash.es\/pt-pt\/wp-json\/wp\/v2\/users\/1"}],"replies":[{"embeddable":true,"href":"https:\/\/openwash.es\/pt-pt\/wp-json\/wp\/v2\/comments?post=1933"}],"version-history":[{"count":1,"href":"https:\/\/openwash.es\/pt-pt\/wp-json\/wp\/v2\/pages\/1933\/revisions"}],"predecessor-version":[{"id":1937,"href":"https:\/\/openwash.es\/pt-pt\/wp-json\/wp\/v2\/pages\/1933\/revisions\/1937"}],"wp:featuredmedia":[{"embeddable":true,"href":"https:\/\/openwash.es\/pt-pt\/wp-json\/wp\/v2\/media\/1721"}],"wp:attachment":[{"href":"https:\/\/openwash.es\/pt-pt\/wp-json\/wp\/v2\/media?parent=1933"}],"curies":[{"name":"wp","href":"https:\/\/api.w.org\/{rel}","templated":true}]}}