{"id":1957,"date":"2021-01-12T17:03:16","date_gmt":"2021-01-12T17:03:16","guid":{"rendered":"https:\/\/openwash.es\/rentabilidade\/"},"modified":"2023-12-14T13:10:40","modified_gmt":"2023-12-14T13:10:40","slug":"rentabilidade","status":"publish","type":"page","link":"https:\/\/openwash.es\/pt-pt\/rentabilidade\/","title":{"rendered":"Rentabilidade"},"content":{"rendered":"<p>[et_pb_section fb_built=&#8221;1&#8243; _builder_version=&#8221;4.22.1&#8243; _module_preset=&#8221;default&#8221; background_image=&#8221;https:\/\/openwash.es\/wp-content\/uploads\/2023\/09\/rentabilidad.jpg&#8221; custom_padding=&#8221;353px||124px|||&#8221; global_colors_info=&#8221;{}&#8221;][et_pb_row _builder_version=&#8221;4.16&#8243; _module_preset=&#8221;default&#8221; global_colors_info=&#8221;{}&#8221;][et_pb_column type=&#8221;4_4&#8243; _builder_version=&#8221;4.16&#8243; _module_preset=&#8221;default&#8221; global_colors_info=&#8221;{}&#8221;][\/et_pb_column][\/et_pb_row][\/et_pb_section][et_pb_section fb_built=&#8221;1&#8243; _builder_version=&#8221;4.16&#8243; _module_preset=&#8221;default&#8221; global_colors_info=&#8221;{}&#8221;][et_pb_row column_structure=&#8221;1_2,1_2&#8243; _builder_version=&#8221;4.16&#8243; _module_preset=&#8221;default&#8221; custom_margin=&#8221;5px|auto||auto||&#8221; global_colors_info=&#8221;{}&#8221;][et_pb_column type=&#8221;1_2&#8243; _builder_version=&#8221;4.16&#8243; _module_preset=&#8221;default&#8221; global_colors_info=&#8221;{}&#8221;][et_pb_text admin_label=&#8221;Discover Beatuty Title&#8221; _builder_version=&#8221;4.22.1&#8243; text_font=&#8221;||||&#8221; text_text_color=&#8221;#1a1a1a&#8221; header_font=&#8221;|700||on|||||&#8221; header_text_align=&#8221;left&#8221; header_text_color=&#8221;#5b5b5b&#8221; header_font_size=&#8221;44px&#8221; header_line_height=&#8221;1.3em&#8221; header_2_font=&#8221;|500|||||||&#8221; header_2_text_color=&#8221;#5b5b5b&#8221; header_2_font_size=&#8221;60px&#8221; custom_margin=&#8221;||11px|||&#8221; custom_padding=&#8221;||1px|||&#8221; animation_style=&#8221;slide&#8221; animation_direction=&#8221;top&#8221; animation_intensity_slide=&#8221;10%&#8221; header_font_size_tablet=&#8221;50px&#8221; header_font_size_phone=&#8221;38px&#8221; header_font_size_last_edited=&#8221;on|phone&#8221; header_2_font_size_tablet=&#8221;50px&#8221; header_2_font_size_phone=&#8221;38px&#8221; header_2_font_size_last_edited=&#8221;on|phone&#8221; global_colors_info=&#8221;{}&#8221;]<\/p>\n<h1 style=\"text-align: left;\">RENTABILIDADE<span style=\"font-size: 14px; color: #1a1a1a; font-family: 'Open Sans', Arial, sans-serif;\"> <\/span><\/h1>\n<p>[\/et_pb_text][et_pb_divider divider_weight=&#8221;3px&#8221; _builder_version=&#8221;4.16&#8243; _module_preset=&#8221;default&#8221; width=&#8221;7%&#8221; module_alignment=&#8221;left&#8221; global_colors_info=&#8221;{}&#8221;][\/et_pb_divider][\/et_pb_column][et_pb_column type=&#8221;1_2&#8243; _builder_version=&#8221;4.16&#8243; _module_preset=&#8221;default&#8221; global_colors_info=&#8221;{}&#8221;][\/et_pb_column][\/et_pb_row][et_pb_row _builder_version=&#8221;4.16&#8243; _module_preset=&#8221;default&#8221; global_colors_info=&#8221;{}&#8221;][et_pb_column type=&#8221;4_4&#8243; _builder_version=&#8221;4.16&#8243; _module_preset=&#8221;default&#8221; global_colors_info=&#8221;{}&#8221;][et_pb_text _builder_version=&#8221;4.22.1&#8243; _module_preset=&#8221;default&#8221; global_colors_info=&#8221;{}&#8221;]<\/p>\n<p><span>A cria\u00e7\u00e3o de uma lavandaria self-service Open Wash \u00e9 um neg\u00f3cio altamente rent\u00e1vel.<\/span><\/p>\n<p><span>Perspectivas de crescimento<\/span><\/p>\n<p><span>Do ponto de vista de uma atividade simples, que \u00e9 poss\u00edvel iniciar com um investimento m\u00ednimo e que n\u00e3o requer qualifica\u00e7\u00f5es ou pessoal especiais, atrai um grande n\u00famero de pequenas empresas que, tal como n\u00f3s, acreditam que este servi\u00e7o se adapta \u00e0s condi\u00e7\u00f5es econ\u00f3micas e sociais do nosso pa\u00eds neste momento.<\/span><\/p>\n<p><span>\u00c9 correto dizer que a Espanha \u00e9 um pa\u00eds moderno e desenvolvido e que tem um forte potencial para o desenvolvimento do self-service. Esta \u00e9 uma condi\u00e7\u00e3o pr\u00e9via para que o desenvolvimento deste servi\u00e7o seja est\u00e1vel e duradouro e se baseie nos novos h\u00e1bitos da popula\u00e7\u00e3o espanhola. Este servi\u00e7o cobre as necessidades reais de todos os clientes.<\/span><\/p>\n<p><span>Por tudo isto, na OPEN WASH prevemos perspectivas de crescimento muito positivas, estabelecendo o objetivo de manter a nossa presen\u00e7a no mercado atrav\u00e9s da abertura de novos centros de lavagem, ficando cada vez mais perto de si. A nossa inten\u00e7\u00e3o \u00e9 criar uma presen\u00e7a em toda a Espanha, garantindo a nossa qualidade de servi\u00e7o e servi\u00e7o t\u00e9cnico que est\u00e1 presente em todas as capitais de prov\u00edncia.<\/span><\/p>\n<p><span>Se \u00e9 uma pessoa empreendedora e gostaria de fazer parte do nosso projeto, n\u00e3o hesite em contactar-nos e teremos todo o prazer em ajud\u00e1-lo e responder a todas as suas perguntas.<\/span><\/p>\n<p>[\/et_pb_text][et_pb_button button_url=&#8221;https:\/\/openwash.es\/contactanos\/&#8221; button_text=&#8221;Pedir um or\u00e7amento personalizado&#8221; button_alignment=&#8221;center&#8221; button_alignment_tablet=&#8221;left&#8221; button_alignment_phone=&#8221;center&#8221; button_alignment_last_edited=&#8221;on|phone&#8221; _builder_version=&#8221;4.22.2&#8243; _module_preset=&#8221;default&#8221; custom_button=&#8221;on&#8221; button_text_size=&#8221;22px&#8221; button_text_color=&#8221;#173f89&#8243; button_bg_color=&#8221;#ffffff&#8221; button_border_width=&#8221;3px&#8221; button_border_radius=&#8221;8px&#8221; button_letter_spacing=&#8221;1px&#8221; custom_margin=&#8221;0px||40px||false|false&#8221; custom_margin_tablet=&#8221;0px||40px||false|false&#8221; custom_margin_phone=&#8221;||56px||false|false&#8221; custom_margin_last_edited=&#8221;on|phone&#8221; button_text_size_tablet=&#8221;18px&#8221; button_text_size_phone=&#8221;12px&#8221; button_text_size_last_edited=&#8221;on|phone&#8221; global_colors_info=&#8221;{}&#8221; theme_builder_area=&#8221;post_content&#8221;][\/et_pb_button][\/et_pb_column][\/et_pb_row][\/et_pb_section]<\/p>\n","protected":false},"excerpt":{"rendered":"<p>RENTABILIDADE A cria\u00e7\u00e3o de uma lavandaria self-service Open Wash \u00e9 um neg\u00f3cio altamente rent\u00e1vel. Perspectivas de crescimento Do ponto de vista de uma atividade simples, que \u00e9 poss\u00edvel iniciar com um investimento m\u00ednimo e que n\u00e3o requer qualifica\u00e7\u00f5es ou pessoal especiais, atrai um grande n\u00famero de pequenas empresas que, tal como n\u00f3s, acreditam que este [&hellip;]<\/p>\n","protected":false},"author":1,"featured_media":1819,"parent":0,"menu_order":0,"comment_status":"closed","ping_status":"closed","template":"","meta":{"_et_pb_use_builder":"on","_et_pb_old_content":"","_et_gb_content_width":"","footnotes":""},"class_list":["post-1957","page","type-page","status-publish","has-post-thumbnail","hentry"],"yoast_head":"<!-- This site is optimized with the Yoast SEO plugin v27.3 - https:\/\/yoast.com\/product\/yoast-seo-wordpress\/ -->\n<title>Rentabilidade | Lavanderias Autoservicio Open Wash<\/title>\n<meta name=\"description\" content=\"A cria\u00e7\u00e3o de uma lavandaria self-service Open Wash \u00e9 um neg\u00f3cio altamente rent\u00e1vel. Crie a sua pr\u00f3pria casa para alugar com apenas um dep\u00f3sito.\" \/>\n<meta name=\"robots\" content=\"index, follow, max-snippet:-1, max-image-preview:large, max-video-preview:-1\" \/>\n<link rel=\"canonical\" href=\"https:\/\/openwash.es\/pt-pt\/rentabilidade\/\" \/>\n<meta property=\"og:locale\" content=\"pt_PT\" \/>\n<meta property=\"og:type\" content=\"article\" \/>\n<meta property=\"og:title\" content=\"Rentabilidade | Lavanderias Autoservicio Open Wash\" \/>\n<meta property=\"og:description\" content=\"A cria\u00e7\u00e3o de uma lavandaria self-service Open Wash \u00e9 um neg\u00f3cio altamente rent\u00e1vel. Crie a sua pr\u00f3pria casa para alugar com apenas um dep\u00f3sito.\" \/>\n<meta property=\"og:url\" content=\"https:\/\/openwash.es\/pt-pt\/rentabilidade\/\" \/>\n<meta property=\"og:site_name\" content=\"Lavanderias Autoservicio Open Wash\" \/>\n<meta property=\"article:publisher\" content=\"https:\/\/www.facebook.com\/franquiciaopenwash\" \/>\n<meta property=\"article:modified_time\" content=\"2023-12-14T13:10:40+00:00\" \/>\n<meta property=\"og:image\" content=\"https:\/\/openwash.es\/wp-content\/uploads\/2023\/09\/4-2.jpg\" \/>\n\t<meta property=\"og:image:width\" content=\"600\" \/>\n\t<meta property=\"og:image:height\" content=\"600\" \/>\n\t<meta property=\"og:image:type\" content=\"image\/jpeg\" \/>\n<meta name=\"twitter:card\" content=\"summary_large_image\" \/>\n<meta name=\"twitter:label1\" content=\"Tempo estimado de leitura\" \/>\n\t<meta name=\"twitter:data1\" content=\"3 minutos\" \/>\n<script type=\"application\/ld+json\" class=\"yoast-schema-graph\">{\"@context\":\"https:\\\/\\\/schema.org\",\"@graph\":[{\"@type\":\"WebPage\",\"@id\":\"https:\\\/\\\/openwash.es\\\/pt-pt\\\/rentabilidade\\\/\",\"url\":\"https:\\\/\\\/openwash.es\\\/pt-pt\\\/rentabilidade\\\/\",\"name\":\"Rentabilidade | Lavanderias Autoservicio Open Wash\",\"isPartOf\":{\"@id\":\"https:\\\/\\\/openwash.es\\\/pt-pt\\\/#website\"},\"primaryImageOfPage\":{\"@id\":\"https:\\\/\\\/openwash.es\\\/pt-pt\\\/rentabilidade\\\/#primaryimage\"},\"image\":{\"@id\":\"https:\\\/\\\/openwash.es\\\/pt-pt\\\/rentabilidade\\\/#primaryimage\"},\"thumbnailUrl\":\"https:\\\/\\\/openwash.es\\\/wp-content\\\/uploads\\\/2023\\\/09\\\/4-2.jpg\",\"datePublished\":\"2021-01-12T17:03:16+00:00\",\"dateModified\":\"2023-12-14T13:10:40+00:00\",\"description\":\"A cria\u00e7\u00e3o de uma lavandaria self-service Open Wash \u00e9 um neg\u00f3cio altamente rent\u00e1vel. Crie a sua pr\u00f3pria casa para alugar com apenas um dep\u00f3sito.\",\"breadcrumb\":{\"@id\":\"https:\\\/\\\/openwash.es\\\/pt-pt\\\/rentabilidade\\\/#breadcrumb\"},\"inLanguage\":\"pt-PT\",\"potentialAction\":[{\"@type\":\"ReadAction\",\"target\":[\"https:\\\/\\\/openwash.es\\\/pt-pt\\\/rentabilidade\\\/\"]}]},{\"@type\":\"ImageObject\",\"inLanguage\":\"pt-PT\",\"@id\":\"https:\\\/\\\/openwash.es\\\/pt-pt\\\/rentabilidade\\\/#primaryimage\",\"url\":\"https:\\\/\\\/openwash.es\\\/wp-content\\\/uploads\\\/2023\\\/09\\\/4-2.jpg\",\"contentUrl\":\"https:\\\/\\\/openwash.es\\\/wp-content\\\/uploads\\\/2023\\\/09\\\/4-2.jpg\",\"width\":600,\"height\":600},{\"@type\":\"BreadcrumbList\",\"@id\":\"https:\\\/\\\/openwash.es\\\/pt-pt\\\/rentabilidade\\\/#breadcrumb\",\"itemListElement\":[{\"@type\":\"ListItem\",\"position\":1,\"name\":\"Home\",\"item\":\"https:\\\/\\\/openwash.es\\\/pt-pt\\\/inicio\\\/\"},{\"@type\":\"ListItem\",\"position\":2,\"name\":\"Rentabilidade\"}]},{\"@type\":\"WebSite\",\"@id\":\"https:\\\/\\\/openwash.es\\\/pt-pt\\\/#website\",\"url\":\"https:\\\/\\\/openwash.es\\\/pt-pt\\\/\",\"name\":\"Open Wash\",\"description\":\"Lavander\u00edas Autoservicio\",\"publisher\":{\"@id\":\"https:\\\/\\\/openwash.es\\\/pt-pt\\\/#organization\"},\"alternateName\":\"Openwash\",\"potentialAction\":[{\"@type\":\"SearchAction\",\"target\":{\"@type\":\"EntryPoint\",\"urlTemplate\":\"https:\\\/\\\/openwash.es\\\/pt-pt\\\/?s={search_term_string}\"},\"query-input\":{\"@type\":\"PropertyValueSpecification\",\"valueRequired\":true,\"valueName\":\"search_term_string\"}}],\"inLanguage\":\"pt-PT\"},{\"@type\":\"Organization\",\"@id\":\"https:\\\/\\\/openwash.es\\\/pt-pt\\\/#organization\",\"name\":\"Open Wash\",\"alternateName\":\"Openwash\",\"url\":\"https:\\\/\\\/openwash.es\\\/pt-pt\\\/\",\"logo\":{\"@type\":\"ImageObject\",\"inLanguage\":\"pt-PT\",\"@id\":\"https:\\\/\\\/openwash.es\\\/pt-pt\\\/#\\\/schema\\\/logo\\\/image\\\/\",\"url\":\"https:\\\/\\\/openwash.es\\\/wp-content\\\/uploads\\\/2021\\\/01\\\/logo-open-500.png\",\"contentUrl\":\"https:\\\/\\\/openwash.es\\\/wp-content\\\/uploads\\\/2021\\\/01\\\/logo-open-500.png\",\"width\":500,\"height\":500,\"caption\":\"Open Wash\"},\"image\":{\"@id\":\"https:\\\/\\\/openwash.es\\\/pt-pt\\\/#\\\/schema\\\/logo\\\/image\\\/\"},\"sameAs\":[\"https:\\\/\\\/www.facebook.com\\\/franquiciaopenwash\",\"https:\\\/\\\/www.instagram.com\\\/openwash\\\/\",\"https:\\\/\\\/www.linkedin.com\\\/company\\\/11042051\\\/admin\\\/\",\"https:\\\/\\\/www.youtube.com\\\/channel\\\/UCeTkyEcg3BP--dE_U_yoElw\"]}]}<\/script>\n<!-- \/ Yoast SEO plugin. -->","yoast_head_json":{"title":"Rentabilidade | Lavanderias Autoservicio Open Wash","description":"A cria\u00e7\u00e3o de uma lavandaria self-service Open Wash \u00e9 um neg\u00f3cio altamente rent\u00e1vel. Crie a sua pr\u00f3pria casa para alugar com apenas um dep\u00f3sito.","robots":{"index":"index","follow":"follow","max-snippet":"max-snippet:-1","max-image-preview":"max-image-preview:large","max-video-preview":"max-video-preview:-1"},"canonical":"https:\/\/openwash.es\/pt-pt\/rentabilidade\/","og_locale":"pt_PT","og_type":"article","og_title":"Rentabilidade | Lavanderias Autoservicio Open Wash","og_description":"A cria\u00e7\u00e3o de uma lavandaria self-service Open Wash \u00e9 um neg\u00f3cio altamente rent\u00e1vel. Crie a sua pr\u00f3pria casa para alugar com apenas um dep\u00f3sito.","og_url":"https:\/\/openwash.es\/pt-pt\/rentabilidade\/","og_site_name":"Lavanderias Autoservicio Open Wash","article_publisher":"https:\/\/www.facebook.com\/franquiciaopenwash","article_modified_time":"2023-12-14T13:10:40+00:00","og_image":[{"width":600,"height":600,"url":"https:\/\/openwash.es\/wp-content\/uploads\/2023\/09\/4-2.jpg","type":"image\/jpeg"}],"twitter_card":"summary_large_image","twitter_misc":{"Tempo estimado de leitura":"3 minutos"},"schema":{"@context":"https:\/\/schema.org","@graph":[{"@type":"WebPage","@id":"https:\/\/openwash.es\/pt-pt\/rentabilidade\/","url":"https:\/\/openwash.es\/pt-pt\/rentabilidade\/","name":"Rentabilidade | Lavanderias Autoservicio Open Wash","isPartOf":{"@id":"https:\/\/openwash.es\/pt-pt\/#website"},"primaryImageOfPage":{"@id":"https:\/\/openwash.es\/pt-pt\/rentabilidade\/#primaryimage"},"image":{"@id":"https:\/\/openwash.es\/pt-pt\/rentabilidade\/#primaryimage"},"thumbnailUrl":"https:\/\/openwash.es\/wp-content\/uploads\/2023\/09\/4-2.jpg","datePublished":"2021-01-12T17:03:16+00:00","dateModified":"2023-12-14T13:10:40+00:00","description":"A cria\u00e7\u00e3o de uma lavandaria self-service Open Wash \u00e9 um neg\u00f3cio altamente rent\u00e1vel. Crie a sua pr\u00f3pria casa para alugar com apenas um dep\u00f3sito.","breadcrumb":{"@id":"https:\/\/openwash.es\/pt-pt\/rentabilidade\/#breadcrumb"},"inLanguage":"pt-PT","potentialAction":[{"@type":"ReadAction","target":["https:\/\/openwash.es\/pt-pt\/rentabilidade\/"]}]},{"@type":"ImageObject","inLanguage":"pt-PT","@id":"https:\/\/openwash.es\/pt-pt\/rentabilidade\/#primaryimage","url":"https:\/\/openwash.es\/wp-content\/uploads\/2023\/09\/4-2.jpg","contentUrl":"https:\/\/openwash.es\/wp-content\/uploads\/2023\/09\/4-2.jpg","width":600,"height":600},{"@type":"BreadcrumbList","@id":"https:\/\/openwash.es\/pt-pt\/rentabilidade\/#breadcrumb","itemListElement":[{"@type":"ListItem","position":1,"name":"Home","item":"https:\/\/openwash.es\/pt-pt\/inicio\/"},{"@type":"ListItem","position":2,"name":"Rentabilidade"}]},{"@type":"WebSite","@id":"https:\/\/openwash.es\/pt-pt\/#website","url":"https:\/\/openwash.es\/pt-pt\/","name":"Open Wash","description":"Lavander\u00edas Autoservicio","publisher":{"@id":"https:\/\/openwash.es\/pt-pt\/#organization"},"alternateName":"Openwash","potentialAction":[{"@type":"SearchAction","target":{"@type":"EntryPoint","urlTemplate":"https:\/\/openwash.es\/pt-pt\/?s={search_term_string}"},"query-input":{"@type":"PropertyValueSpecification","valueRequired":true,"valueName":"search_term_string"}}],"inLanguage":"pt-PT"},{"@type":"Organization","@id":"https:\/\/openwash.es\/pt-pt\/#organization","name":"Open Wash","alternateName":"Openwash","url":"https:\/\/openwash.es\/pt-pt\/","logo":{"@type":"ImageObject","inLanguage":"pt-PT","@id":"https:\/\/openwash.es\/pt-pt\/#\/schema\/logo\/image\/","url":"https:\/\/openwash.es\/wp-content\/uploads\/2021\/01\/logo-open-500.png","contentUrl":"https:\/\/openwash.es\/wp-content\/uploads\/2021\/01\/logo-open-500.png","width":500,"height":500,"caption":"Open Wash"},"image":{"@id":"https:\/\/openwash.es\/pt-pt\/#\/schema\/logo\/image\/"},"sameAs":["https:\/\/www.facebook.com\/franquiciaopenwash","https:\/\/www.instagram.com\/openwash\/","https:\/\/www.linkedin.com\/company\/11042051\/admin\/","https:\/\/www.youtube.com\/channel\/UCeTkyEcg3BP--dE_U_yoElw"]}]}},"_links":{"self":[{"href":"https:\/\/openwash.es\/pt-pt\/wp-json\/wp\/v2\/pages\/1957","targetHints":{"allow":["GET"]}}],"collection":[{"href":"https:\/\/openwash.es\/pt-pt\/wp-json\/wp\/v2\/pages"}],"about":[{"href":"https:\/\/openwash.es\/pt-pt\/wp-json\/wp\/v2\/types\/page"}],"author":[{"embeddable":true,"href":"https:\/\/openwash.es\/pt-pt\/wp-json\/wp\/v2\/users\/1"}],"replies":[{"embeddable":true,"href":"https:\/\/openwash.es\/pt-pt\/wp-json\/wp\/v2\/comments?post=1957"}],"version-history":[{"count":8,"href":"https:\/\/openwash.es\/pt-pt\/wp-json\/wp\/v2\/pages\/1957\/revisions"}],"predecessor-version":[{"id":1981,"href":"https:\/\/openwash.es\/pt-pt\/wp-json\/wp\/v2\/pages\/1957\/revisions\/1981"}],"wp:featuredmedia":[{"embeddable":true,"href":"https:\/\/openwash.es\/pt-pt\/wp-json\/wp\/v2\/media\/1819"}],"wp:attachment":[{"href":"https:\/\/openwash.es\/pt-pt\/wp-json\/wp\/v2\/media?parent=1957"}],"curies":[{"name":"wp","href":"https:\/\/api.w.org\/{rel}","templated":true}]}}