{"id":2002,"date":"2021-01-12T16:54:49","date_gmt":"2021-01-12T16:54:49","guid":{"rendered":"https:\/\/openwash.es\/as-nossas-lavandarias\/"},"modified":"2024-09-24T11:34:14","modified_gmt":"2024-09-24T11:34:14","slug":"as-nossas-lavandarias","status":"publish","type":"page","link":"https:\/\/openwash.es\/pt-pt\/as-nossas-lavandarias\/","title":{"rendered":"As nossas lavandarias"},"content":{"rendered":"<p>[et_pb_section fb_built=&#8221;1&#8243; _builder_version=&#8221;4.16&#8243; _module_preset=&#8221;default&#8221; global_colors_info=&#8221;{}&#8221;][et_pb_row column_structure=&#8221;1_2,1_2&#8243; _builder_version=&#8221;4.16&#8243; _module_preset=&#8221;default&#8221; global_colors_info=&#8221;{}&#8221;][et_pb_column type=&#8221;1_2&#8243; _builder_version=&#8221;4.16&#8243; _module_preset=&#8221;default&#8221; global_colors_info=&#8221;{}&#8221;][et_pb_image src=&#8221;https:\/\/openwash.es\/wp-content\/uploads\/2023\/09\/Diseno-sin-titulo.png&#8221; alt=&#8221;open-wash&#8221; title_text=&#8221;open-wash&#8221; _builder_version=&#8221;4.22.1&#8243; _module_preset=&#8221;default&#8221; global_colors_info=&#8221;{}&#8221;][\/et_pb_image][et_pb_text _builder_version=&#8221;4.24.0&#8243; _module_preset=&#8221;default&#8221; header_font=&#8221;|300|||||||&#8221; header_text_align=&#8221;left&#8221; header_text_color=&#8221;#939393&#8243; header_font_size=&#8221;12px&#8221; global_colors_info=&#8221;{}&#8221;]<\/p>\n<h1>As nossas lavandarias<\/h1>\n<p>[\/et_pb_text][\/et_pb_column][et_pb_column type=&#8221;1_2&#8243; _builder_version=&#8221;4.16&#8243; _module_preset=&#8221;default&#8221; global_colors_info=&#8221;{}&#8221;][\/et_pb_column][\/et_pb_row][et_pb_row _builder_version=&#8221;4.16&#8243; _module_preset=&#8221;default&#8221; global_colors_info=&#8221;{}&#8221;][et_pb_column type=&#8221;4_4&#8243; _builder_version=&#8221;4.16&#8243; _module_preset=&#8221;default&#8221; global_colors_info=&#8221;{}&#8221;][et_pb_accordion _builder_version=&#8221;4.22.2&#8243; _module_preset=&#8221;default&#8221; custom_margin=&#8221;||32px|||&#8221; global_colors_info=&#8221;{}&#8221;][et_pb_accordion_item title=&#8221;Comunidades Aut\u00f3nomas&#8221; open=&#8221;on&#8221; _builder_version=&#8221;4.16&#8243; _module_preset=&#8221;default&#8221; global_colors_info=&#8221;{}&#8221;][\/et_pb_accordion_item][et_pb_accordion_item title=&#8221;Andaluzia&#8221; _builder_version=&#8221;4.22.2&#8243; _module_preset=&#8221;default&#8221; global_colors_info=&#8221;{}&#8221; open=&#8221;off&#8221;]<\/p>\n<div class=\"col-md-12 col-sm-12 work-grid andalucia\">\n<div class=\"portfolio-content hoverfadeicon\">\n<div class=\"bgcolor3\">\n<p>  Almeria<\/p>\n<p>Calle delf\u00edn 8, 04648 San Juan de los Terreros, Almer\u00eda.<\/p>\n<p>Alcal\u00e1 de Guadaira<\/p>\n<p>Av. de la Escultora &#8220;la Roldana&#8221;, 22, Local 11, 41500 Alcal\u00e1 de Guada\u00edra, Sevilha<\/p>\n<p>Almonte<\/p>\n<p>Carrer de El Roc\u00edo, 208, 21730 Almonte, Huelva<\/p>\n<p>Amate<\/p>\n<p>Calle Nescania, 10, 41006 Sevilha<\/p>\n<p>Granada<\/p>\n<p>Calle Real, 18100 Armilla, Granada<\/p>\n<p>Sevilha<\/p>\n<p>Los Bermejales, Av. de Alemania, 14, 41012 Sevilla<\/p>\n<p>Isla Cristina<\/p>\n<p>Av. del Carnaval, 37, local 7 21410 Isla Cristina, Huelva<\/p>\n<p>M\u00e1laga<\/p>\n<p>Calle La Serna 4, 29002, M\u00e1laga<\/p>\n<p>M\u00e1laga<\/p>\n<p>Calle Dr. Diego Aragon, 1, 29200 Antequera, M\u00e1laga<\/p>\n<p>M\u00e1laga<\/p>\n<p>Caminho San Rafael, Calle Andarax, 16 ,20, 29006 M\u00e1laga<\/p>\n<p>M\u00e1laga<\/p>\n<p>Calle San Miguel, 8, 29130 Alhaur\u00edn de la Torre, M\u00e1laga<\/p>\n<p>Fuengirola I<\/p>\n<p>Calle Jos\u00e9 Cubero Yiyo, Edif. Diana III, Local 4, 29640 Fuengirola, M\u00e1laga<\/p>\n<p>Granada<\/p>\n<p>Av. Dom Bosco, 17, 18006 Granada<\/p>\n<p>Sevilha Leste<\/p>\n<p>Av. de las Ciencias, 22, Local 7, 41020 Sevilha<\/p>\n<p>Sevilha<\/p>\n<p>Calle P\u00e1rroco Antonio G\u00f3mez Villalobos, 83, 41006 Sevilha<\/p>\n<p>C\u00f3rdoba<\/p>\n<p>Calle Encina, 51, 14400 Pozoblanco, C\u00f3rdova<\/p>\n<\/div>\n<\/div>\n<\/div>\n<div class=\"col-md-12 col-sm-12 work-grid andalucia\">\n<div class=\"portfolio-content hoverfadeicon\">\n<div class=\"bgcolor3\"><\/div>\n<\/div>\n<\/div>\n<p>[\/et_pb_accordion_item][et_pb_accordion_item title=&#8221;Arag\u00e3o&#8221; _builder_version=&#8221;4.16&#8243; _module_preset=&#8221;default&#8221; global_colors_info=&#8221;{}&#8221; open=&#8221;off&#8221;]<\/p>\n<p>Av. de Francia, 5, 22700 Jaca, Huesca<\/p>\n<p>Calle Gibraltar, 18, 22006 Huesca<\/p>\n<p>[\/et_pb_accordion_item][et_pb_accordion_item title=&#8221;Ast\u00farias&#8221; _builder_version=&#8221;4.16&#8243; _module_preset=&#8221;default&#8221; global_colors_info=&#8221;{}&#8221; open=&#8221;off&#8221;]<\/p>\n<div class=\"col-md-12 col-sm-12 work-grid asturias\">\n<div class=\"portfolio-content hoverfadeicon\">\n<div class=\"bgcolor3\">\n<p>Arenas de Cabrales<\/p>\n<p>Carretera General, S\/N (Edifio La Portilla), 33554 Las Arenas, Ast\u00farias<\/p>\n<p>Oviedo<\/p>\n<p>Calle Ramiro I Rey, 9, 33012 Oviedo, Ast\u00farias<\/p>\n<\/div>\n<\/div>\n<\/div>\n<div class=\"col-md-12 col-sm-12 work-grid asturias\">\n<div class=\"portfolio-content hoverfadeicon\">\n<div class=\"bgcolor3\"><\/div>\n<\/div>\n<\/div>\n<p>[\/et_pb_accordion_item][et_pb_accordion_item title=&#8221;Cantabria&#8221; _builder_version=&#8221;4.16&#8243; _module_preset=&#8221;default&#8221; global_colors_info=&#8221;{}&#8221; open=&#8221;off&#8221;]<\/p>\n<p>S\u00e3o Miguel<\/p>\n<p>Barrio Puente San Miguel, 217, 39530 Puente San Miguel, Cantabria<\/p>\n<p>[\/et_pb_accordion_item][et_pb_accordion_item title=&#8221;Castela e Le\u00e3o&#8221; _builder_version=&#8221;4.16&#8243; _module_preset=&#8221;default&#8221; global_colors_info=&#8221;{}&#8221; open=&#8221;off&#8221;]<\/p>\n<p>San Andreas<\/p>\n<p>Avenida de P\u00e1rroco Heriberto Ampudia Caballero, 1-Bajo Al Lado Al Lado De La Polic\u00eda Nacional, 24010 San Andr\u00e9s del Rabanedo, Le\u00f3n<\/p>\n<p>Le\u00e3o<\/p>\n<p>Av. de los Reyes Leoneses, 5, 24008 Le\u00f3n<\/p>\n<p>Le\u00e3o<\/p>\n<p>Av. Dr. Fleming, 15, 24009 Le\u00f3n<\/p>\n<p>Valladolid<\/p>\n<p>Calle San Luis, 4, 47004 Valladolid<\/p>\n<p>Burgos<\/p>\n<p><span class=\"mwh9le\">Av. del Cid Campeador, 10<\/span><span class=\"mwh9le\">09005 Burgos<\/span><\/p>\n<p>&nbsp;<\/p>\n<p>[\/et_pb_accordion_item][et_pb_accordion_item title=&#8221;Catalunha&#8221; _builder_version=&#8221;4.16&#8243; _module_preset=&#8221;default&#8221; global_colors_info=&#8221;{}&#8221; open=&#8221;off&#8221;]<\/p>\n<p>Barcelona<\/p>\n<p>Rua Espronceda<\/p>\n<p>Barcelona<\/p>\n<p>Carrer d&#8217;Arqu\u00edmedes, 59, 08030 Barcelona<\/p>\n<p>Tossa del Mar<\/p>\n<p>Carrer Nou, 43, 17320 Girona<\/p>\n<p>Badalona<\/p>\n<p>C\/ de Saragossa, 36, 08912<\/p>\n<p>Badalona, Barcelona<\/p>\n<p>&nbsp;<\/p>\n<p>[\/et_pb_accordion_item][et_pb_accordion_item title=&#8221;Comunidade de Madrid&#8221; _builder_version=&#8221;4.16&#8243; _module_preset=&#8221;default&#8221; global_colors_info=&#8221;{}&#8221; open=&#8221;off&#8221;]<\/p>\n<div>\n<div class=\"col-md-12 col-sm-12 work-grid madrid\">\n<div class=\"portfolio-content hoverfadeicon\">\n<div class=\"bgcolor3\">\n<p>Arguelas<\/p>\n<p>Calle de Luisa Fernanda, 17, 28008 Madrid<\/p>\n<p>La Almudena<\/p>\n<p>Calle de Berceo 29, 28017 Madrid<\/p>\n<p>Majadahonda<\/p>\n<p>Av. Dr. Mara\u00f1\u00f3n, 1, 28220 Majadahonda, Madrid<\/p>\n<p>Mostoles<\/p>\n<p>Calle Pintor Velazquez, 75, 28935 M\u00f3stoles, Madrid<\/p>\n<p>Toledo<\/p>\n<p>Av. Intergolf, 5, 45200 Illescas, Toledo<\/p>\n<p>Vallecas<\/p>\n<p>Calle Humanes, 7, 28038 Madrid<\/p>\n<\/div>\n<\/div>\n<\/div>\n<\/div>\n<div class=\"col-md-12 col-sm-12 work-grid madrid\">\n<div class=\"portfolio-content hoverfadeicon\">\n<div class=\"bgcolor3\"><\/div>\n<\/div>\n<\/div>\n<p>[\/et_pb_accordion_item][et_pb_accordion_item title=&#8221;Comunidade Valenciana&#8221; _builder_version=&#8221;4.16&#8243; _module_preset=&#8221;default&#8221; global_colors_info=&#8221;{}&#8221; open=&#8221;off&#8221;]<\/p>\n<p>Pi Alphas<\/p>\n<p>Av de l&#8217;Albir, 55, 03580 L&#8217;Alf\u00e0s del Pi, Alicante<\/p>\n<p>Alicante<\/p>\n<p>Calle San Vicente, 34, bajo izquierda, 03004 Alicante<\/p>\n<p>  Alcoy<\/p>\n<p><span>Av. Alameda Camilo Sesto, 86, 03803 Alcoi, Alicante<\/span><\/p>\n<p>Altea<\/p>\n<p>Rua, Costera dels Nassos, 32, 03590 Altea, Alicante<\/p>\n<p>Benidorm<\/p>\n<p>Av. del Mediterr\u00e1neo, 23, 03503 Benidorm, Alicante<\/p>\n<p>Benidorm<\/p>\n<p>Av. Dr. Severo Ochoa, 70, local 16, 03503 Benidorm, Alicante<\/p>\n<p>Benimaclet<\/p>\n<p>Carrer del Poeta Altet, 14, 46020 Val\u00eancia<\/p>\n<p>Campello<\/p>\n<p>Av. de l&#8217;Estaci\u00f3, 1, 03560 El Campello, Alicante<\/p>\n<p>Campoamor<\/p>\n<p>Calle del Mar, 7, local 12, 03189 Dehesa de Campoamor, Alicante<\/p>\n<p>Finestrat<\/p>\n<p>Av. de la Marina Baixa, 54, 03509 Benidorm, Alicante<\/p>\n<p>Cullera<span class=\"Apple-converted-space\"> <\/span><\/p>\n<p>Carrer Corbera, 2, 46400 Cullera, Val\u00eancia<\/p>\n<p>Elche I<span class=\"Apple-converted-space\"> <\/span><\/p>\n<p>Carrer Sor Josefa Alcorta, 59, 03202 Elx, Alicante<\/p>\n<p>Elche II<\/p>\n<p>Carrer Cam\u00ed dels Magros, 52, 03206 Elx, Alicante<\/p>\n<p>Elche III<\/p>\n<p>Avinguda les Corts Valencianes, Carrer Alausa, 7, 03205 Elche, Alicante<\/p>\n<p>Elche IV<\/p>\n<p>Avinguda de la Universitat d&#8217;Elx, 52, bajo 1, 03202 Elche, Alicante<\/p>\n<p>Elche V<\/p>\n<p><span>Carrer Camilo Flammarion, 35, 03201 Elx, Alicante<\/span><\/p>\n<p>La Libertad Elche<\/p>\n<p><span>Av. de la Llibertat, 130, 03205 Elx, Alicante<\/span><\/p>\n<p>Los Angeles Alicante<\/p>\n<p><span>Esquina, Calle Benitachell, C. Teulada, 2, 03009 Alicante<\/span><\/p>\n<p>Mislata<\/p>\n<p>Av. Gregorio Gea, 54, 46920 Mislata, Val\u00eancia<\/p>\n<p>Mutxamel<span class=\"Apple-converted-space\"> <\/span><\/p>\n<p>Avinguda Carlos Soler, 43, 03110 Mutxamel, Alicante<\/p>\n<p>Mutxamel<\/p>\n<p>Calle Pintor El Greco, 2, local 4. 03110 O Ravel.<\/p>\n<p>Onda<span class=\"Apple-converted-space\"> <\/span><\/p>\n<p>Av. Catalunya, 17, 12200 Onda, Castell\u00f3<\/p>\n<p>O Pau 5<\/p>\n<p><span>Maestro Jos\u00e9 Garber\u00ed Serrano, 14, local 17, 03540 Alicante<\/span><\/p>\n<p>San Juan de Alicante<\/p>\n<p>Av. Historiador Vicente Ramos, 28, LOCAL 4, 03540 Sant Joan d&#8217;Alacant, Alicante<\/p>\n<p>San Juan &#8211; Garden Playa<\/p>\n<p><span>Av. Santander, 25 Local 30 urb.Garden Playa 03540, Alicante<\/span><\/p>\n<p>San Vicente del Raspeig<\/p>\n<p>Rua Villafranqueza 54-56 &#8211; 03690<\/p>\n<p>Torrent<\/p>\n<p>Calle Azor\u00edn, 36, 46900 Torrent, Val\u00eancia<\/p>\n<p>Val\u00eancia<span class=\"Apple-converted-space\"> <\/span><\/p>\n<p>C. del Mestre Sosa, 1, 46007 Val\u00e8ncia, Val\u00eancia<span class=\"Apple-converted-space\"> <\/span><\/p>\n<p>Val\u00eancia Waksman<\/p>\n<p>Avinguda del Doctor Waksman, 9, bajo izquierda, 46006 Valencia<\/p>\n<p>Avenida Valencia Oeste<\/p>\n<p><span>Av. de l&#8217;Oest, 33, 46001 Val\u00e8ncia, Val\u00eancia<\/span><\/p>\n<p>Valencia San Justo y Pastor<\/p>\n<p>C\/ dels Sants Just i Pastor, 151, 46022 Val\u00e8ncia, Val\u00eancia<\/p>\n<p>Villena I<\/p>\n<p>Calle Jacinto Benavente, 28b, 03400 Villena, Alicante<\/p>\n<p>Villena II<\/p>\n<p>Calle de la Corredera, 36, 03400 Villena, Alicante<\/p>\n<p>[\/et_pb_accordion_item][et_pb_accordion_item title=&#8221;Galiza&#8221; _builder_version=&#8221;4.16&#8243; _module_preset=&#8221;default&#8221; global_colors_info=&#8221;{}&#8221; open=&#8221;off&#8221;]<\/p>\n<p>Puenteceso<\/p>\n<p>Av. Eduardo Pondal, 34, bajo derecha, 15110 Ponteceso, A Coru\u00f1a<\/p>\n<p>Ourense<span class=\"Apple-converted-space\"> <\/span><span style=\"font-size: 14px;\"> <\/span><\/p>\n<p>R\u00faa Nsa. Sra. da Sa\u00ednza, 13, 32005 Ourense<\/p>\n<p>Ribeira<\/p>\n<p>N\u00ba5, R\u00faa Carlos Casares, 15960 Ribeira, Galiza, A Coru\u00f1a<\/p>\n<p>&nbsp;<\/p>\n<p>[\/et_pb_accordion_item][et_pb_accordion_item title=&#8221;Ilhas Can\u00e1rias&#8221; _builder_version=&#8221;4.16&#8243; _module_preset=&#8221;default&#8221; global_colors_info=&#8221;{}&#8221; open=&#8221;off&#8221;]<\/p>\n<p>Santa Cruz<\/p>\n<p>Calle Garcilaso de la Vega, 17, 38005 Santa Cruz de Tenerife<\/p>\n<p>La Palmas<\/p>\n<p>Calle Pl\u00e1cido Domingo, 19, 35100 Maspalomas, Las Palmas<\/p>\n<p>Las Palmas<\/p>\n<p>Av. de Tirajana, 40 local, 27 Edificio, 35100 Los Molinos, Las Palmas<\/p>\n<p>&nbsp;<\/p>\n<p>[\/et_pb_accordion_item][et_pb_accordion_item title=&#8221;Pa\u00eds Basco&#8221; _builder_version=&#8221;4.16&#8243; _module_preset=&#8221;default&#8221; global_colors_info=&#8221;{}&#8221; open=&#8221;off&#8221;]<\/p>\n<p><span class=\"mwh9le\">Getxo Biscaia<\/span><\/p>\n<p><span class=\"mwh9le\">Telletxe Kalea, 2B, 48991 Getxo, Bizkaia <\/span><span class=\"mwh9le\">48991 <\/span> <\/p>\n<p>[\/et_pb_accordion_item][et_pb_accordion_item title=&#8221;Regi\u00e3o de M\u00farcia&#8221; _builder_version=&#8221;4.16&#8243; _module_preset=&#8221;default&#8221; global_colors_info=&#8221;{}&#8221; open=&#8221;off&#8221;]<\/p>\n<p>M\u00farcia<\/p>\n<p>Calle Torre de Romo, bajo 63, 30011 Murcia<\/p>\n<p>Piscina<\/p>\n<p>Calle Mayor, 87, 30150 Alberca Las Torres, Murcia<\/p>\n<p>San Javier<\/p>\n<p>Av. de Balsicas, 24, 30730 San Javier, Murcia<\/p>\n<p>Cehegin<\/p>\n<p>Calle Valle Incl\u00e1n, 2, 30430 Ceheg\u00edn, Murcia<\/p>\n<p>El Algar<\/p>\n<p>Calle Castelar, 8, 30366 El Algar, Murcia<\/p>\n<p>A Uni\u00e3o<\/p>\n<p>Calle Pintor Dal\u00ed 3, 30360 La Uni\u00f3n Murcia<\/p>\n<p>&nbsp;<\/p>\n<p>[\/et_pb_accordion_item][\/et_pb_accordion][\/et_pb_column][\/et_pb_row][\/et_pb_section][et_pb_section fb_built=&#8221;1&#8243; theme_builder_area=&#8221;post_content&#8221; _builder_version=&#8221;4.27.0&#8243; _module_preset=&#8221;default&#8221;][et_pb_row _builder_version=&#8221;4.27.0&#8243; _module_preset=&#8221;default&#8221; theme_builder_area=&#8221;post_content&#8221;][et_pb_column _builder_version=&#8221;4.27.0&#8243; _module_preset=&#8221;default&#8221; type=&#8221;4_4&#8243; theme_builder_area=&#8221;post_content&#8221;][\/et_pb_column][\/et_pb_row][\/et_pb_section]<\/p>\n","protected":false},"excerpt":{"rendered":"<p>As nossas lavandarias Almeria Calle delf\u00edn 8, 04648 San Juan de los Terreros, Almer\u00eda. Alcal\u00e1 de Guadaira Av. de la Escultora &#8220;la Roldana&#8221;, 22, Local 11, 41500 Alcal\u00e1 de Guada\u00edra, Sevilha Almonte Carrer de El Roc\u00edo, 208, 21730 Almonte, Huelva Amate Calle Nescania, 10, 41006 Sevilha Granada Calle Real, 18100 Armilla, Granada Sevilha Los Bermejales, [&hellip;]<\/p>\n","protected":false},"author":1,"featured_media":1703,"parent":0,"menu_order":0,"comment_status":"closed","ping_status":"closed","template":"","meta":{"_et_pb_use_builder":"on","_et_pb_old_content":"","_et_gb_content_width":"","footnotes":""},"class_list":["post-2002","page","type-page","status-publish","has-post-thumbnail","hentry"],"yoast_head":"<!-- This site is optimized with the Yoast SEO plugin v27.3 - https:\/\/yoast.com\/product\/yoast-seo-wordpress\/ -->\n<title>As nossas lavandarias | Lavanderias Autoservicio Open Wash<\/title>\n<meta name=\"description\" content=\"As nossas lavandarias s\u00e3o j\u00e1 mais de 250 instaladas em toda a Espanha. Prepare o seu tamb\u00e9m. Open Wash Lavandarias self-service.\" \/>\n<meta name=\"robots\" content=\"index, follow, max-snippet:-1, max-image-preview:large, max-video-preview:-1\" \/>\n<link rel=\"canonical\" href=\"https:\/\/openwash.es\/pt-pt\/as-nossas-lavandarias\/\" \/>\n<meta property=\"og:locale\" content=\"pt_PT\" \/>\n<meta property=\"og:type\" content=\"article\" \/>\n<meta property=\"og:title\" content=\"As nossas lavandarias | Lavanderias Autoservicio Open Wash\" \/>\n<meta property=\"og:description\" content=\"As nossas lavandarias s\u00e3o j\u00e1 mais de 250 instaladas em toda a Espanha. Prepare o seu tamb\u00e9m. Open Wash Lavandarias self-service.\" \/>\n<meta property=\"og:url\" content=\"https:\/\/openwash.es\/pt-pt\/as-nossas-lavandarias\/\" \/>\n<meta property=\"og:site_name\" content=\"Lavanderias Autoservicio Open Wash\" \/>\n<meta property=\"article:publisher\" content=\"https:\/\/www.facebook.com\/franquiciaopenwash\" \/>\n<meta property=\"article:modified_time\" content=\"2024-09-24T11:34:14+00:00\" \/>\n<meta property=\"og:image\" content=\"https:\/\/openwash.es\/wp-content\/uploads\/2021\/02\/Diseno-sin-titulo-2.jpg\" \/>\n\t<meta property=\"og:image:width\" content=\"600\" \/>\n\t<meta property=\"og:image:height\" content=\"800\" \/>\n\t<meta property=\"og:image:type\" content=\"image\/jpeg\" \/>\n<meta name=\"twitter:card\" content=\"summary_large_image\" \/>\n<meta name=\"twitter:label1\" content=\"Tempo estimado de leitura\" \/>\n\t<meta name=\"twitter:data1\" content=\"6 minutos\" \/>\n<script type=\"application\/ld+json\" class=\"yoast-schema-graph\">{\"@context\":\"https:\\\/\\\/schema.org\",\"@graph\":[{\"@type\":\"WebPage\",\"@id\":\"https:\\\/\\\/openwash.es\\\/pt-pt\\\/as-nossas-lavandarias\\\/\",\"url\":\"https:\\\/\\\/openwash.es\\\/pt-pt\\\/as-nossas-lavandarias\\\/\",\"name\":\"As nossas lavandarias | Lavanderias Autoservicio Open Wash\",\"isPartOf\":{\"@id\":\"https:\\\/\\\/openwash.es\\\/pt-pt\\\/#website\"},\"primaryImageOfPage\":{\"@id\":\"https:\\\/\\\/openwash.es\\\/pt-pt\\\/as-nossas-lavandarias\\\/#primaryimage\"},\"image\":{\"@id\":\"https:\\\/\\\/openwash.es\\\/pt-pt\\\/as-nossas-lavandarias\\\/#primaryimage\"},\"thumbnailUrl\":\"https:\\\/\\\/openwash.es\\\/wp-content\\\/uploads\\\/2021\\\/02\\\/Diseno-sin-titulo-2.jpg\",\"datePublished\":\"2021-01-12T16:54:49+00:00\",\"dateModified\":\"2024-09-24T11:34:14+00:00\",\"description\":\"As nossas lavandarias s\u00e3o j\u00e1 mais de 250 instaladas em toda a Espanha. Prepare o seu tamb\u00e9m. Open Wash Lavandarias self-service.\",\"breadcrumb\":{\"@id\":\"https:\\\/\\\/openwash.es\\\/pt-pt\\\/as-nossas-lavandarias\\\/#breadcrumb\"},\"inLanguage\":\"pt-PT\",\"potentialAction\":[{\"@type\":\"ReadAction\",\"target\":[\"https:\\\/\\\/openwash.es\\\/pt-pt\\\/as-nossas-lavandarias\\\/\"]}]},{\"@type\":\"ImageObject\",\"inLanguage\":\"pt-PT\",\"@id\":\"https:\\\/\\\/openwash.es\\\/pt-pt\\\/as-nossas-lavandarias\\\/#primaryimage\",\"url\":\"https:\\\/\\\/openwash.es\\\/wp-content\\\/uploads\\\/2021\\\/02\\\/Diseno-sin-titulo-2.jpg\",\"contentUrl\":\"https:\\\/\\\/openwash.es\\\/wp-content\\\/uploads\\\/2021\\\/02\\\/Diseno-sin-titulo-2.jpg\",\"width\":600,\"height\":800},{\"@type\":\"BreadcrumbList\",\"@id\":\"https:\\\/\\\/openwash.es\\\/pt-pt\\\/as-nossas-lavandarias\\\/#breadcrumb\",\"itemListElement\":[{\"@type\":\"ListItem\",\"position\":1,\"name\":\"Home\",\"item\":\"https:\\\/\\\/openwash.es\\\/pt-pt\\\/inicio\\\/\"},{\"@type\":\"ListItem\",\"position\":2,\"name\":\"As nossas lavandarias\"}]},{\"@type\":\"WebSite\",\"@id\":\"https:\\\/\\\/openwash.es\\\/pt-pt\\\/#website\",\"url\":\"https:\\\/\\\/openwash.es\\\/pt-pt\\\/\",\"name\":\"Open Wash\",\"description\":\"Lavander\u00edas Autoservicio\",\"publisher\":{\"@id\":\"https:\\\/\\\/openwash.es\\\/pt-pt\\\/#organization\"},\"alternateName\":\"Openwash\",\"potentialAction\":[{\"@type\":\"SearchAction\",\"target\":{\"@type\":\"EntryPoint\",\"urlTemplate\":\"https:\\\/\\\/openwash.es\\\/pt-pt\\\/?s={search_term_string}\"},\"query-input\":{\"@type\":\"PropertyValueSpecification\",\"valueRequired\":true,\"valueName\":\"search_term_string\"}}],\"inLanguage\":\"pt-PT\"},{\"@type\":\"Organization\",\"@id\":\"https:\\\/\\\/openwash.es\\\/pt-pt\\\/#organization\",\"name\":\"Open Wash\",\"alternateName\":\"Openwash\",\"url\":\"https:\\\/\\\/openwash.es\\\/pt-pt\\\/\",\"logo\":{\"@type\":\"ImageObject\",\"inLanguage\":\"pt-PT\",\"@id\":\"https:\\\/\\\/openwash.es\\\/pt-pt\\\/#\\\/schema\\\/logo\\\/image\\\/\",\"url\":\"https:\\\/\\\/openwash.es\\\/wp-content\\\/uploads\\\/2021\\\/01\\\/logo-open-500.png\",\"contentUrl\":\"https:\\\/\\\/openwash.es\\\/wp-content\\\/uploads\\\/2021\\\/01\\\/logo-open-500.png\",\"width\":500,\"height\":500,\"caption\":\"Open Wash\"},\"image\":{\"@id\":\"https:\\\/\\\/openwash.es\\\/pt-pt\\\/#\\\/schema\\\/logo\\\/image\\\/\"},\"sameAs\":[\"https:\\\/\\\/www.facebook.com\\\/franquiciaopenwash\",\"https:\\\/\\\/www.instagram.com\\\/openwash\\\/\",\"https:\\\/\\\/www.linkedin.com\\\/company\\\/11042051\\\/admin\\\/\",\"https:\\\/\\\/www.youtube.com\\\/channel\\\/UCeTkyEcg3BP--dE_U_yoElw\"]}]}<\/script>\n<!-- \/ Yoast SEO plugin. -->","yoast_head_json":{"title":"As nossas lavandarias | Lavanderias Autoservicio Open Wash","description":"As nossas lavandarias s\u00e3o j\u00e1 mais de 250 instaladas em toda a Espanha. Prepare o seu tamb\u00e9m. Open Wash Lavandarias self-service.","robots":{"index":"index","follow":"follow","max-snippet":"max-snippet:-1","max-image-preview":"max-image-preview:large","max-video-preview":"max-video-preview:-1"},"canonical":"https:\/\/openwash.es\/pt-pt\/as-nossas-lavandarias\/","og_locale":"pt_PT","og_type":"article","og_title":"As nossas lavandarias | Lavanderias Autoservicio Open Wash","og_description":"As nossas lavandarias s\u00e3o j\u00e1 mais de 250 instaladas em toda a Espanha. Prepare o seu tamb\u00e9m. Open Wash Lavandarias self-service.","og_url":"https:\/\/openwash.es\/pt-pt\/as-nossas-lavandarias\/","og_site_name":"Lavanderias Autoservicio Open Wash","article_publisher":"https:\/\/www.facebook.com\/franquiciaopenwash","article_modified_time":"2024-09-24T11:34:14+00:00","og_image":[{"width":600,"height":800,"url":"https:\/\/openwash.es\/wp-content\/uploads\/2021\/02\/Diseno-sin-titulo-2.jpg","type":"image\/jpeg"}],"twitter_card":"summary_large_image","twitter_misc":{"Tempo estimado de leitura":"6 minutos"},"schema":{"@context":"https:\/\/schema.org","@graph":[{"@type":"WebPage","@id":"https:\/\/openwash.es\/pt-pt\/as-nossas-lavandarias\/","url":"https:\/\/openwash.es\/pt-pt\/as-nossas-lavandarias\/","name":"As nossas lavandarias | Lavanderias Autoservicio Open Wash","isPartOf":{"@id":"https:\/\/openwash.es\/pt-pt\/#website"},"primaryImageOfPage":{"@id":"https:\/\/openwash.es\/pt-pt\/as-nossas-lavandarias\/#primaryimage"},"image":{"@id":"https:\/\/openwash.es\/pt-pt\/as-nossas-lavandarias\/#primaryimage"},"thumbnailUrl":"https:\/\/openwash.es\/wp-content\/uploads\/2021\/02\/Diseno-sin-titulo-2.jpg","datePublished":"2021-01-12T16:54:49+00:00","dateModified":"2024-09-24T11:34:14+00:00","description":"As nossas lavandarias s\u00e3o j\u00e1 mais de 250 instaladas em toda a Espanha. Prepare o seu tamb\u00e9m. Open Wash Lavandarias self-service.","breadcrumb":{"@id":"https:\/\/openwash.es\/pt-pt\/as-nossas-lavandarias\/#breadcrumb"},"inLanguage":"pt-PT","potentialAction":[{"@type":"ReadAction","target":["https:\/\/openwash.es\/pt-pt\/as-nossas-lavandarias\/"]}]},{"@type":"ImageObject","inLanguage":"pt-PT","@id":"https:\/\/openwash.es\/pt-pt\/as-nossas-lavandarias\/#primaryimage","url":"https:\/\/openwash.es\/wp-content\/uploads\/2021\/02\/Diseno-sin-titulo-2.jpg","contentUrl":"https:\/\/openwash.es\/wp-content\/uploads\/2021\/02\/Diseno-sin-titulo-2.jpg","width":600,"height":800},{"@type":"BreadcrumbList","@id":"https:\/\/openwash.es\/pt-pt\/as-nossas-lavandarias\/#breadcrumb","itemListElement":[{"@type":"ListItem","position":1,"name":"Home","item":"https:\/\/openwash.es\/pt-pt\/inicio\/"},{"@type":"ListItem","position":2,"name":"As nossas lavandarias"}]},{"@type":"WebSite","@id":"https:\/\/openwash.es\/pt-pt\/#website","url":"https:\/\/openwash.es\/pt-pt\/","name":"Open Wash","description":"Lavander\u00edas Autoservicio","publisher":{"@id":"https:\/\/openwash.es\/pt-pt\/#organization"},"alternateName":"Openwash","potentialAction":[{"@type":"SearchAction","target":{"@type":"EntryPoint","urlTemplate":"https:\/\/openwash.es\/pt-pt\/?s={search_term_string}"},"query-input":{"@type":"PropertyValueSpecification","valueRequired":true,"valueName":"search_term_string"}}],"inLanguage":"pt-PT"},{"@type":"Organization","@id":"https:\/\/openwash.es\/pt-pt\/#organization","name":"Open Wash","alternateName":"Openwash","url":"https:\/\/openwash.es\/pt-pt\/","logo":{"@type":"ImageObject","inLanguage":"pt-PT","@id":"https:\/\/openwash.es\/pt-pt\/#\/schema\/logo\/image\/","url":"https:\/\/openwash.es\/wp-content\/uploads\/2021\/01\/logo-open-500.png","contentUrl":"https:\/\/openwash.es\/wp-content\/uploads\/2021\/01\/logo-open-500.png","width":500,"height":500,"caption":"Open Wash"},"image":{"@id":"https:\/\/openwash.es\/pt-pt\/#\/schema\/logo\/image\/"},"sameAs":["https:\/\/www.facebook.com\/franquiciaopenwash","https:\/\/www.instagram.com\/openwash\/","https:\/\/www.linkedin.com\/company\/11042051\/admin\/","https:\/\/www.youtube.com\/channel\/UCeTkyEcg3BP--dE_U_yoElw"]}]}},"_links":{"self":[{"href":"https:\/\/openwash.es\/pt-pt\/wp-json\/wp\/v2\/pages\/2002","targetHints":{"allow":["GET"]}}],"collection":[{"href":"https:\/\/openwash.es\/pt-pt\/wp-json\/wp\/v2\/pages"}],"about":[{"href":"https:\/\/openwash.es\/pt-pt\/wp-json\/wp\/v2\/types\/page"}],"author":[{"embeddable":true,"href":"https:\/\/openwash.es\/pt-pt\/wp-json\/wp\/v2\/users\/1"}],"replies":[{"embeddable":true,"href":"https:\/\/openwash.es\/pt-pt\/wp-json\/wp\/v2\/comments?post=2002"}],"version-history":[{"count":4,"href":"https:\/\/openwash.es\/pt-pt\/wp-json\/wp\/v2\/pages\/2002\/revisions"}],"predecessor-version":[{"id":2293,"href":"https:\/\/openwash.es\/pt-pt\/wp-json\/wp\/v2\/pages\/2002\/revisions\/2293"}],"wp:featuredmedia":[{"embeddable":true,"href":"https:\/\/openwash.es\/pt-pt\/wp-json\/wp\/v2\/media\/1703"}],"wp:attachment":[{"href":"https:\/\/openwash.es\/pt-pt\/wp-json\/wp\/v2\/media?parent=2002"}],"curies":[{"name":"wp","href":"https:\/\/api.w.org\/{rel}","templated":true}]}}