{"id":2270,"date":"2021-01-12T17:04:52","date_gmt":"2021-01-12T17:04:52","guid":{"rendered":"https:\/\/openwash.es\/cookies\/"},"modified":"2024-09-24T11:25:00","modified_gmt":"2024-09-24T11:25:00","slug":"cookies","status":"publish","type":"page","link":"https:\/\/openwash.es\/pt-pt\/cookies\/","title":{"rendered":"Cookies"},"content":{"rendered":"\n[et_pb_section fb_built=&#8221;1&#8243; _builder_version=&#8221;4.8.2&#8243; _module_preset=&#8221;default&#8221;][et_pb_row _builder_version=&#8221;4.8.2&#8243; _module_preset=&#8221;default&#8221;][et_pb_column _builder_version=&#8221;4.8.2&#8243; _module_preset=&#8221;default&#8221; type=&#8221;4_4&#8243;][et_pb_text _builder_version=&#8221;4.8.2&#8243; _module_preset=&#8221;default&#8221; hover_enabled=&#8221;0&#8243; sticky_enabled=&#8221;0&#8243;]<section>\n<div class=\"container\">\n<div class=\"row\">\n<div class=\"col-md-12 col-sm-12 st-service\">\n<div class=\"section-title\">\n<h4>UTILIZA\u00c7\u00c3O DE COOKIES<\/h4>\n<p><span class=\"st-border\"><\/span><\/div>\n<p>Open Wash Group SL.\nutiliza cookies pr\u00f3prios e de terceiros para otimizar o s\u00edtio Web e fornecer-te informa\u00e7\u00f5es baseadas na utiliza\u00e7\u00e3o e adaptadas aos teus interesses.\nAo utilizar o nosso s\u00edtio Web, concorda com a utiliza\u00e7\u00e3o de cookies.  <\/p>\n<p><\/p>\n<h5>COOKIES<\/h5>\n<p>A Open Wash utiliza cookies e tecnologias semelhantes para poder conhecer as prefer\u00eancias dos utilizadores e, assim, poder otimizar a configura\u00e7\u00e3o das p\u00e1ginas Web.\nIsto facilita a navega\u00e7\u00e3o e permite um elevado grau de facilidade de utiliza\u00e7\u00e3o para o utilizador que visita um s\u00edtio Web.   <\/p>\n<p>Os cookies s\u00e3o pequenos ficheiros que s\u00e3o armazenados no teu dispositivo.\nCom a ajuda dos cookies, \u00e9 poss\u00edvel verificar se o teu dispositivo j\u00e1 comunicou anteriormente com as nossas p\u00e1ginas.\nO cookie \u00e9 identificado de forma \u00fanica no teu dispositivo.\nOs cookies s\u00f3 cont\u00eam dados pessoais se tiveres dado o teu consentimento ou se for tecnicamente necess\u00e1rio, por exemplo, para abrir uma sess\u00e3o com acesso restrito.   <\/p>\n<p>Se utilizares o nosso s\u00edtio Web, concordas com a utiliza\u00e7\u00e3o e o armazenamento de cookies no teu dispositivo.\nNo entanto, tamb\u00e9m podes visitar o nosso s\u00edtio Web sem cookies.\nA maioria dos browsers aceita automaticamente os cookies.\nPodes impedir que os cookies sejam armazenados no teu dispositivo selecionando a defini\u00e7\u00e3o *N\u00e3o aceitar cookies* nas defini\u00e7\u00f5es do teu browser.\nPodes eliminar os cookies j\u00e1 armazenados no teu dispositivo a qualquer momento.\nPara obteres informa\u00e7\u00f5es mais detalhadas, consulta as instru\u00e7\u00f5es fornecidas pelo fabricante do teu browser ou dispositivo.\nA n\u00e3o aceita\u00e7\u00e3o de cookies pode limitar a funcionalidade das nossas ofertas.      <\/p>\n<p>Dividimos os cookies nas seguintes categorias:<\/p>\n<h5>BISCOITOS ESSENCIAIS (TIPO 1)<\/h5>\n<p>Estes cookies s\u00e3o necess\u00e1rios para que os s\u00edtios Web e as suas fun\u00e7\u00f5es funcionem corretamente.\nSem estes cookies, n\u00e3o \u00e9 poss\u00edvel fornecer determinados servi\u00e7os, como o configurador de ve\u00edculos. <\/p>\n<h5>COOKIES DE FUN\u00c7\u00c3O (TIPO 2)<\/h5>\n<p>Estes cookies permitem melhorar a comodidade e o desempenho dos s\u00edtios Web e fornecer v\u00e1rias fun\u00e7\u00f5es.\nPor exemplo, o idioma selecionado pode ser guardado em cookies de fun\u00e7\u00e3o. <\/p>\n<h5>COOKIES DE DESEMPENHO (TIPO 3)<\/h5>\n<p>Estes cookies recolhem informa\u00e7\u00f5es sobre a tua utiliza\u00e7\u00e3o dos s\u00edtios Web.\nOs cookies de desempenho ajudam-nos, por exemplo, a identificar as sec\u00e7\u00f5es mais populares da nossa oferta na Internet.\nIsto permite-nos adaptar melhor o conte\u00fado dos nossos s\u00edtios Web \u00e0s tuas prefer\u00eancias e melhorar os nossos servi\u00e7os para ti.\nAs informa\u00e7\u00f5es recolhidas com estes cookies n\u00e3o s\u00e3o pessoalmente identific\u00e1veis.\nPara mais informa\u00e7\u00f5es sobre a recolha e avalia\u00e7\u00e3o de informa\u00e7\u00f5es, consulta a sec\u00e7\u00e3o &#8220;Avalia\u00e7\u00e3o dos dados do utilizador&#8221;.    <\/p>\n<h5>COOKIES DE TERCEIROS (TIPO 4)<\/h5>\n<p>Estes cookies s\u00e3o provenientes de terceiros, por exemplo, redes sociais.\nS\u00e3o utilizados principalmente para integrar conte\u00fados de redes sociais, como os plugins sociais, no nosso s\u00edtio Web.\nPodes encontrar mais informa\u00e7\u00f5es sobre a nossa utiliza\u00e7\u00e3o de plugins sociais na sec\u00e7\u00e3o &#8220;Plugins sociais&#8221; da declara\u00e7\u00e3o de privacidade.  <\/p>\n<p>&nbsp;<\/p>\n<\/div>\n<\/div>\n<\/div>\n<\/section>[\/et_pb_text][\/et_pb_column][\/et_pb_row][\/et_pb_section]\n","protected":false},"excerpt":{"rendered":"<p>UTILIZA\u00c7\u00c3O DE COOKIES Open Wash Group SL. utiliza cookies pr\u00f3prios e de terceiros para otimizar o s\u00edtio Web e fornecer-te informa\u00e7\u00f5es baseadas na utiliza\u00e7\u00e3o e adaptadas aos teus interesses. Ao utilizar o nosso s\u00edtio Web, concorda com a utiliza\u00e7\u00e3o de cookies. COOKIES A Open Wash utiliza cookies e tecnologias semelhantes para poder conhecer as prefer\u00eancias [&hellip;]<\/p>\n","protected":false},"author":1,"featured_media":0,"parent":0,"menu_order":0,"comment_status":"closed","ping_status":"closed","template":"","meta":{"_et_pb_use_builder":"on","_et_pb_old_content":"","_et_gb_content_width":"","footnotes":""},"class_list":["post-2270","page","type-page","status-publish","hentry"],"yoast_head":"<!-- This site is optimized with the Yoast SEO plugin v27.3 - https:\/\/yoast.com\/product\/yoast-seo-wordpress\/ -->\n<title>Cookies | Lavanderias Autoservicio Open Wash<\/title>\n<meta name=\"robots\" content=\"noindex, nofollow\" \/>\n<meta property=\"og:locale\" content=\"pt_PT\" \/>\n<meta property=\"og:type\" content=\"article\" \/>\n<meta property=\"og:title\" content=\"Cookies | Lavanderias Autoservicio Open Wash\" \/>\n<meta property=\"og:description\" content=\"UTILIZA\u00c7\u00c3O DE COOKIES Open Wash Group SL. utiliza cookies pr\u00f3prios e de terceiros para otimizar o s\u00edtio Web e fornecer-te informa\u00e7\u00f5es baseadas na utiliza\u00e7\u00e3o e adaptadas aos teus interesses. Ao utilizar o nosso s\u00edtio Web, concorda com a utiliza\u00e7\u00e3o de cookies. COOKIES A Open Wash utiliza cookies e tecnologias semelhantes para poder conhecer as prefer\u00eancias [&hellip;]\" \/>\n<meta property=\"og:url\" content=\"https:\/\/openwash.es\/pt-pt\/cookies\/\" \/>\n<meta property=\"og:site_name\" content=\"Lavanderias Autoservicio Open Wash\" \/>\n<meta property=\"article:publisher\" content=\"https:\/\/www.facebook.com\/franquiciaopenwash\" \/>\n<meta property=\"article:modified_time\" content=\"2024-09-24T11:25:00+00:00\" \/>\n<meta property=\"og:image\" content=\"https:\/\/openwash.es\/wp-content\/uploads\/2021\/02\/Diseno-sin-titulo-4.jpg\" \/>\n\t<meta property=\"og:image:width\" content=\"1180\" \/>\n\t<meta property=\"og:image:height\" content=\"665\" \/>\n\t<meta property=\"og:image:type\" content=\"image\/jpeg\" \/>\n<meta name=\"twitter:card\" content=\"summary_large_image\" \/>\n<meta name=\"twitter:label1\" content=\"Tempo estimado de leitura\" \/>\n\t<meta name=\"twitter:data1\" content=\"3 minutos\" \/>\n<script type=\"application\/ld+json\" class=\"yoast-schema-graph\">{\"@context\":\"https:\\\/\\\/schema.org\",\"@graph\":[{\"@type\":\"WebPage\",\"@id\":\"https:\\\/\\\/openwash.es\\\/pt-pt\\\/cookies\\\/\",\"url\":\"https:\\\/\\\/openwash.es\\\/pt-pt\\\/cookies\\\/\",\"name\":\"Cookies | Lavanderias Autoservicio Open Wash\",\"isPartOf\":{\"@id\":\"https:\\\/\\\/openwash.es\\\/pt-pt\\\/#website\"},\"datePublished\":\"2021-01-12T17:04:52+00:00\",\"dateModified\":\"2024-09-24T11:25:00+00:00\",\"breadcrumb\":{\"@id\":\"https:\\\/\\\/openwash.es\\\/pt-pt\\\/cookies\\\/#breadcrumb\"},\"inLanguage\":\"pt-PT\",\"potentialAction\":[{\"@type\":\"ReadAction\",\"target\":[\"https:\\\/\\\/openwash.es\\\/pt-pt\\\/cookies\\\/\"]}]},{\"@type\":\"BreadcrumbList\",\"@id\":\"https:\\\/\\\/openwash.es\\\/pt-pt\\\/cookies\\\/#breadcrumb\",\"itemListElement\":[{\"@type\":\"ListItem\",\"position\":1,\"name\":\"Home\",\"item\":\"https:\\\/\\\/openwash.es\\\/pt-pt\\\/inicio\\\/\"},{\"@type\":\"ListItem\",\"position\":2,\"name\":\"Cookies\"}]},{\"@type\":\"WebSite\",\"@id\":\"https:\\\/\\\/openwash.es\\\/pt-pt\\\/#website\",\"url\":\"https:\\\/\\\/openwash.es\\\/pt-pt\\\/\",\"name\":\"Open Wash\",\"description\":\"Lavander\u00edas Autoservicio\",\"publisher\":{\"@id\":\"https:\\\/\\\/openwash.es\\\/pt-pt\\\/#organization\"},\"alternateName\":\"Openwash\",\"potentialAction\":[{\"@type\":\"SearchAction\",\"target\":{\"@type\":\"EntryPoint\",\"urlTemplate\":\"https:\\\/\\\/openwash.es\\\/pt-pt\\\/?s={search_term_string}\"},\"query-input\":{\"@type\":\"PropertyValueSpecification\",\"valueRequired\":true,\"valueName\":\"search_term_string\"}}],\"inLanguage\":\"pt-PT\"},{\"@type\":\"Organization\",\"@id\":\"https:\\\/\\\/openwash.es\\\/pt-pt\\\/#organization\",\"name\":\"Open Wash\",\"alternateName\":\"Openwash\",\"url\":\"https:\\\/\\\/openwash.es\\\/pt-pt\\\/\",\"logo\":{\"@type\":\"ImageObject\",\"inLanguage\":\"pt-PT\",\"@id\":\"https:\\\/\\\/openwash.es\\\/pt-pt\\\/#\\\/schema\\\/logo\\\/image\\\/\",\"url\":\"https:\\\/\\\/openwash.es\\\/wp-content\\\/uploads\\\/2021\\\/01\\\/logo-open-500.png\",\"contentUrl\":\"https:\\\/\\\/openwash.es\\\/wp-content\\\/uploads\\\/2021\\\/01\\\/logo-open-500.png\",\"width\":500,\"height\":500,\"caption\":\"Open Wash\"},\"image\":{\"@id\":\"https:\\\/\\\/openwash.es\\\/pt-pt\\\/#\\\/schema\\\/logo\\\/image\\\/\"},\"sameAs\":[\"https:\\\/\\\/www.facebook.com\\\/franquiciaopenwash\",\"https:\\\/\\\/www.instagram.com\\\/openwash\\\/\",\"https:\\\/\\\/www.linkedin.com\\\/company\\\/11042051\\\/admin\\\/\",\"https:\\\/\\\/www.youtube.com\\\/channel\\\/UCeTkyEcg3BP--dE_U_yoElw\"]}]}<\/script>\n<!-- \/ Yoast SEO plugin. -->","yoast_head_json":{"title":"Cookies | Lavanderias Autoservicio Open Wash","robots":{"index":"noindex","follow":"nofollow"},"og_locale":"pt_PT","og_type":"article","og_title":"Cookies | Lavanderias Autoservicio Open Wash","og_description":"UTILIZA\u00c7\u00c3O DE COOKIES Open Wash Group SL. utiliza cookies pr\u00f3prios e de terceiros para otimizar o s\u00edtio Web e fornecer-te informa\u00e7\u00f5es baseadas na utiliza\u00e7\u00e3o e adaptadas aos teus interesses. Ao utilizar o nosso s\u00edtio Web, concorda com a utiliza\u00e7\u00e3o de cookies. COOKIES A Open Wash utiliza cookies e tecnologias semelhantes para poder conhecer as prefer\u00eancias [&hellip;]","og_url":"https:\/\/openwash.es\/pt-pt\/cookies\/","og_site_name":"Lavanderias Autoservicio Open Wash","article_publisher":"https:\/\/www.facebook.com\/franquiciaopenwash","article_modified_time":"2024-09-24T11:25:00+00:00","og_image":[{"width":1180,"height":665,"url":"https:\/\/openwash.es\/wp-content\/uploads\/2021\/02\/Diseno-sin-titulo-4.jpg","type":"image\/jpeg"}],"twitter_card":"summary_large_image","twitter_misc":{"Tempo estimado de leitura":"3 minutos"},"schema":{"@context":"https:\/\/schema.org","@graph":[{"@type":"WebPage","@id":"https:\/\/openwash.es\/pt-pt\/cookies\/","url":"https:\/\/openwash.es\/pt-pt\/cookies\/","name":"Cookies | Lavanderias Autoservicio Open Wash","isPartOf":{"@id":"https:\/\/openwash.es\/pt-pt\/#website"},"datePublished":"2021-01-12T17:04:52+00:00","dateModified":"2024-09-24T11:25:00+00:00","breadcrumb":{"@id":"https:\/\/openwash.es\/pt-pt\/cookies\/#breadcrumb"},"inLanguage":"pt-PT","potentialAction":[{"@type":"ReadAction","target":["https:\/\/openwash.es\/pt-pt\/cookies\/"]}]},{"@type":"BreadcrumbList","@id":"https:\/\/openwash.es\/pt-pt\/cookies\/#breadcrumb","itemListElement":[{"@type":"ListItem","position":1,"name":"Home","item":"https:\/\/openwash.es\/pt-pt\/inicio\/"},{"@type":"ListItem","position":2,"name":"Cookies"}]},{"@type":"WebSite","@id":"https:\/\/openwash.es\/pt-pt\/#website","url":"https:\/\/openwash.es\/pt-pt\/","name":"Open Wash","description":"Lavander\u00edas Autoservicio","publisher":{"@id":"https:\/\/openwash.es\/pt-pt\/#organization"},"alternateName":"Openwash","potentialAction":[{"@type":"SearchAction","target":{"@type":"EntryPoint","urlTemplate":"https:\/\/openwash.es\/pt-pt\/?s={search_term_string}"},"query-input":{"@type":"PropertyValueSpecification","valueRequired":true,"valueName":"search_term_string"}}],"inLanguage":"pt-PT"},{"@type":"Organization","@id":"https:\/\/openwash.es\/pt-pt\/#organization","name":"Open Wash","alternateName":"Openwash","url":"https:\/\/openwash.es\/pt-pt\/","logo":{"@type":"ImageObject","inLanguage":"pt-PT","@id":"https:\/\/openwash.es\/pt-pt\/#\/schema\/logo\/image\/","url":"https:\/\/openwash.es\/wp-content\/uploads\/2021\/01\/logo-open-500.png","contentUrl":"https:\/\/openwash.es\/wp-content\/uploads\/2021\/01\/logo-open-500.png","width":500,"height":500,"caption":"Open Wash"},"image":{"@id":"https:\/\/openwash.es\/pt-pt\/#\/schema\/logo\/image\/"},"sameAs":["https:\/\/www.facebook.com\/franquiciaopenwash","https:\/\/www.instagram.com\/openwash\/","https:\/\/www.linkedin.com\/company\/11042051\/admin\/","https:\/\/www.youtube.com\/channel\/UCeTkyEcg3BP--dE_U_yoElw"]}]}},"_links":{"self":[{"href":"https:\/\/openwash.es\/pt-pt\/wp-json\/wp\/v2\/pages\/2270","targetHints":{"allow":["GET"]}}],"collection":[{"href":"https:\/\/openwash.es\/pt-pt\/wp-json\/wp\/v2\/pages"}],"about":[{"href":"https:\/\/openwash.es\/pt-pt\/wp-json\/wp\/v2\/types\/page"}],"author":[{"embeddable":true,"href":"https:\/\/openwash.es\/pt-pt\/wp-json\/wp\/v2\/users\/1"}],"replies":[{"embeddable":true,"href":"https:\/\/openwash.es\/pt-pt\/wp-json\/wp\/v2\/comments?post=2270"}],"version-history":[{"count":1,"href":"https:\/\/openwash.es\/pt-pt\/wp-json\/wp\/v2\/pages\/2270\/revisions"}],"predecessor-version":[{"id":2271,"href":"https:\/\/openwash.es\/pt-pt\/wp-json\/wp\/v2\/pages\/2270\/revisions\/2271"}],"wp:attachment":[{"href":"https:\/\/openwash.es\/pt-pt\/wp-json\/wp\/v2\/media?parent=2270"}],"curies":[{"name":"wp","href":"https:\/\/api.w.org\/{rel}","templated":true}]}}