{"id":2277,"date":"2021-01-02T19:14:36","date_gmt":"2021-01-02T19:14:36","guid":{"rendered":"https:\/\/openwash.es\/aviso-legal\/"},"modified":"2024-09-24T11:26:37","modified_gmt":"2024-09-24T11:26:37","slug":"aviso-legal","status":"publish","type":"page","link":"https:\/\/openwash.es\/pt-pt\/aviso-legal\/","title":{"rendered":"Aviso legal"},"content":{"rendered":"<p>[et_pb_section fb_built=&#8221;1&#8243; _builder_version=&#8221;4.16&#8243; global_colors_info=&#8221;{}&#8221;][et_pb_row _builder_version=&#8221;4.16&#8243; background_size=&#8221;initial&#8221; background_position=&#8221;top_left&#8221; background_repeat=&#8221;repeat&#8221; global_colors_info=&#8221;{}&#8221;][et_pb_column type=&#8221;4_4&#8243; _builder_version=&#8221;4.16&#8243; custom_padding=&#8221;|||&#8221; global_colors_info=&#8221;{}&#8221; custom_padding__hover=&#8221;|||&#8221;][et_pb_text _builder_version=&#8221;4.24.0&#8243; background_size=&#8221;initial&#8221; background_position=&#8221;top_left&#8221; background_repeat=&#8221;repeat&#8221; hover_enabled=&#8221;0&#8243; global_colors_info=&#8221;{}&#8221; header_4_font_size=&#8221;16px&#8221; sticky_enabled=&#8221;0&#8243;]<\/p>\n<p><!-- divi:heading --><\/p>\n<div class=\"section-title\">\n<h4>INFORMA\u00c7\u00c3O JUR\u00cdDICA<\/h4>\n<p><span class=\"st-border\"><\/span><\/p>\n<\/div>\n<p>&nbsp;<\/p>\n<h4>FACTOS SOBRE O OPEN WASH GROUP SL.<\/h4>\n<h4><span>Open Wash Group SL.<br \/>\n\u00e9 uma empresa espanhola com sede social em Calle Sor Josefa Alcorta,59, 03202 na cidade de Elche na prov\u00edncia de Alicante Espanha.<br \/>\nCorreio eletr\u00f3nico: info@openwash.es  <\/span><\/h4>\n<h4>TERMOS E CONDI\u00c7\u00d5ES DE UTILIZA\u00c7\u00c3O<\/h4>\n<h4><span>As presentes condi\u00e7\u00f5es de utiliza\u00e7\u00e3o regulam a utiliza\u00e7\u00e3o (incluindo o mero acesso) do s\u00edtio Web da OPEN WASH GROUP SL., incluindo todos os conte\u00fados e servi\u00e7os dispon\u00edveis no mesmo. Qualquer pessoa que aceda a este site ser\u00e1 considerada &#8220;utilizador&#8221; do mesmo e aceita expressa, autom\u00e1tica e voluntariamente as condi\u00e7\u00f5es gerais em vigor no momento do acesso, bem como as condi\u00e7\u00f5es particulares que possam ser aplic\u00e1veis.<\/span><\/h4>\n<h4><span>Em qualquer caso, o GRUPO OPEN WASH SL reserva-se o direito de alterar a estrutura e o design do s\u00edtio Web, bem como de modificar ou eliminar servi\u00e7os, conte\u00fados ou as condi\u00e7\u00f5es de acesso e\/ou utiliza\u00e7\u00e3o do s\u00edtio Web de forma unilateral, em qualquer momento e sem aviso pr\u00e9vio.<\/span><\/h4>\n<h4><span>Qualquer informa\u00e7\u00e3o relacionada com a OPEN WASH GROUP SL.<br \/>\n(composi\u00e7\u00e3o e pre\u00e7o de produtos, servi\u00e7os, ofertas, promo\u00e7\u00f5es, sorteios, campanhas, informa\u00e7\u00f5es corporativas, etc.) que possam ser encontradas ou distribu\u00eddas noutros sites, e-mails, f\u00f3runs ou similares, s\u00f3 ser\u00e3o consideradas verdadeiras e vinculativas se a OPEN WASH SL.<br \/>\ntiver confirmado expressamente esta informa\u00e7\u00e3o.  <\/span><\/h4>\n<h4><span>O utilizador reconhece e aceita volunt\u00e1ria e expressamente que a utiliza\u00e7\u00e3o do s\u00edtio Web \u00e9 sempre da sua \u00fanica e exclusiva responsabilidade.<\/span><\/h4>\n<h4><span>O utilizador compromete-se a utilizar o s\u00edtio Web, bem como os seus servi\u00e7os e conte\u00fados, sem infringir a legisla\u00e7\u00e3o em vigor, a boa f\u00e9, os usos geralmente aceites e a ordem p\u00fablica.<br \/>\nDa mesma forma, \u00e9 proibida a utiliza\u00e7\u00e3o do s\u00edtio Web para fins il\u00edcitos ou prejudiciais para a OPEN WASH GROUP SL.<br \/>\nou para terceiros.  <\/span><\/h4>\n<h4><span>A OPEN WASH GROUP SL adopta medidas de seguran\u00e7a razoavelmente suficientes para detetar a exist\u00eancia de v\u00edrus.<br \/>\nNo entanto, o utilizador deve estar consciente de que as medidas de seguran\u00e7a dos sistemas inform\u00e1ticos na Internet n\u00e3o s\u00e3o totalmente fi\u00e1veis e que, por conseguinte, a OPEN WASH.<br \/>\nn\u00e3o pode garantir a inexist\u00eancia de v\u00edrus ou outros elementos que possam produzir altera\u00e7\u00f5es no sistema inform\u00e1tico (software e hardware) do utilizador ou nos documentos electr\u00f3nicos e ficheiros contidos no referido sistema.  <\/span><\/h4>\n<h4>PROPRIEDADE INTELECTUAL E INDUSTRIAL<\/h4>\n<h4><span>Os textos, imagens, sons, anima\u00e7\u00f5es, v\u00eddeos e outros conte\u00fados deste s\u00edtio Web s\u00e3o propriedade exclusiva da OPEN WASH GROUP SL.<br \/>\nou, se for caso disso, de terceiros que tenham concedido uma licen\u00e7a ou autoriza\u00e7\u00e3o \u00e0 OPEN WASH GROUP SL para a sua utiliza\u00e7\u00e3o. <\/span><\/h4>\n<h4><span>Todos os log\u00f3tipos, marcas e desenhos industriais que aparecem neste s\u00edtio Web est\u00e3o abrangidos pelos direitos de propriedade industrial e intelectual registados pela OPEN WASH GROUP SL, pelo que \u00e9 proibida qualquer forma de explora\u00e7\u00e3o, reprodu\u00e7\u00e3o, distribui\u00e7\u00e3o, comunica\u00e7\u00e3o p\u00fablica e transforma\u00e7\u00e3o sem a autoriza\u00e7\u00e3o expressa da OPEN WASH GROUP SL.<\/span><\/h4>\n<h4><span>As presentes condi\u00e7\u00f5es de utiliza\u00e7\u00e3o n\u00e3o transferem nem podem ser interpretadas como transferindo quaisquer direitos de propriedade intelectual ou industrial sobre o s\u00edtio Web ou qualquer parte do mesmo.<br \/>\n\u00c9 proibido divulgar, utilizar, transmitir, distribuir, reproduzir, transformar, comunicar publicamente, colocar \u00e0 disposi\u00e7\u00e3o, extrair, reutilizar, reenviar ou utilizar de qualquer forma, total ou parcialmente, em qualquer suporte ou meio, os conte\u00fados deste s\u00edtio Web pertencentes \u00e0 OPEN WASH GROUP SL.<br \/>\nsem o consentimento pr\u00e9vio e expresso da empresa, salvo indica\u00e7\u00e3o em contr\u00e1rio ou se a sua utiliza\u00e7\u00e3o for para fins privados e n\u00e3o infringir os direitos concedidos \u00e0 empresa pela legisla\u00e7\u00e3o aplic\u00e1vel.  <\/span><\/h4>\n<h4>LIGA\u00c7\u00d5ES A OUTROS S\u00cdTIOS WEB<\/h4>\n<h4><span>Para tua conveni\u00eancia, este s\u00edtio Web cont\u00e9m liga\u00e7\u00f5es a outros s\u00edtios Web que podem ter pol\u00edticas de privacidade diferentes.<br \/>\nEm caso algum ser\u00e3o trocados dados pessoais com estes s\u00edtios Web externos.<br \/>\nO OPEN WASH GROUP SL n\u00e3o pode ser responsabilizado pelo conte\u00fado ou por qualquer outro aspeto relacionado com s\u00edtios Web pertencentes ou geridos por terceiros, mesmo que estes fa\u00e7am parte do Grupo.  <\/span><\/h4>\n<h4><span>\u00c9 proibido o estabelecimento de liga\u00e7\u00f5es a partir de s\u00edtios Web n\u00e3o relacionados com o grupo OPEN WASH, a n\u00e3o ser que nos seja dada autoriza\u00e7\u00e3o expressa para o efeito.<\/span><\/h4>\n<h4>POL\u00cdTICA RELATIVA \u00c0S INFORMA\u00c7\u00d5ES PESSOAIS RECOLHIDAS ATRAV\u00c9S DO S\u00cdTIO WEB<\/h4>\n<h4>POR MEIO DE FORMUL\u00c1RIOS<\/h4>\n<h4><span>Sem preju\u00edzo do disposto em cada um dos formul\u00e1rios do s\u00edtio Web, quando o utilizador fornece dados pessoais est\u00e1 a autorizar expressamente a OPEN WASH GROUP SL.<br \/>\npara o tratamento de tais informa\u00e7\u00f5es para os fins especificados.<br \/>\nA OPEN WASH GROUP SL.<br \/>\nincorporar\u00e1 as informa\u00e7\u00f5es fornecidas pelo utilizador num ficheiro de sua propriedade.   <\/span><\/h4>\n<h4>DADOS PESSOAIS<\/h4>\n<h4><span>Informamos que foram adoptadas todas as medidas de seguran\u00e7a t\u00e9cnicas e organizativas necess\u00e1rias para garantir a prote\u00e7\u00e3o dos teus dados pessoais e evitar a sua altera\u00e7\u00e3o, perda, tratamento e\/ou acesso n\u00e3o autorizado, tendo em conta a natureza dos dados armazenados e os riscos a que est\u00e3o expostos, tudo isto em conformidade com o disposto no artigo 9 da Lei Org\u00e2nica de Prote\u00e7\u00e3o de Dados (LOPD) e no Real Decreto 1720\/2007, de 21 de dezembro, pelo qual se aprova o Regulamento de Desenvolvimento da LOPD.<\/span><\/h4>\n<h4>RESPONSABILIDADE EM RELA\u00c7\u00c3O AO ACESSO \u00c0S REDES SOCIAIS<\/h4>\n<h4><span>A OPEN WASH GROUP SL n\u00e3o \u00e9 respons\u00e1vel pela informa\u00e7\u00e3o contida nas redes sociais \u00e0s quais o utilizador pode aceder atrav\u00e9s do s\u00edtio Web, uma vez que estas redes t\u00eam as suas pr\u00f3prias pol\u00edticas de privacidade, sobre as quais a empresa n\u00e3o tem qualquer controlo.<\/span><\/h4>\n<h4><span>OPEN WASH GROUP SL.<br \/>\nexonera-se de qualquer responsabilidade pelo correto funcionamento de tais redes, pela veracidade e legalidade dos conte\u00fados ou informa\u00e7\u00f5es a que se possa aceder atrav\u00e9s delas, bem como por quaisquer danos que o utilizador possa sofrer como resultado da utiliza\u00e7\u00e3o de tais dados. <\/span><\/h4>\n<h4>OBSERVA\u00c7\u00d5ES AO UTILIZADOR<\/h4>\n<h4><span>A introdu\u00e7\u00e3o de dados incorrectos ou incompletos nos nossos v\u00e1rios formul\u00e1rios pode impedir-nos de te contactar.<br \/>\nPara evitar uma situa\u00e7\u00e3o deste tipo, os dados pessoais e outras informa\u00e7\u00f5es que nos forne\u00e7as devem ser exactos e actualizados.<br \/>\nFica ciente de que a OPEN WASH GROUP SL est\u00e1 autorizada a tratar estes dados nas condi\u00e7\u00f5es acima descritas.  <\/span><\/h4>\n<h4><span>O utilizador garante que as informa\u00e7\u00f5es, materiais, conte\u00fados ou observa\u00e7\u00f5es que n\u00e3o constituam dados pessoais sobre si, mas que forne\u00e7a \u00e0 OPEN WASH GROUP SL.<br \/>\nn\u00e3o infringem os direitos de propriedade intelectual ou industrial de terceiros, nem qualquer outra disposi\u00e7\u00e3o legal.<br \/>\nEstes dados ser\u00e3o considerados cedidos a favor da OPEN WASH GROUP SL.<br \/>\ne n\u00e3o confidenciais.<br \/>\nA OPEN WASH GROUP SL.<br \/>\nreserva-se o direito de os utilizar da forma que considerar mais adequada.     <\/span><\/h4>\n<h4>LEI E JURISDI\u00c7\u00c3O APLIC\u00c1VEIS<\/h4>\n<h4><span>Todos os lit\u00edgios ou reclama\u00e7\u00f5es decorrentes da interpreta\u00e7\u00e3o ou execu\u00e7\u00e3o das presentes condi\u00e7\u00f5es de utiliza\u00e7\u00e3o reger-se-\u00e3o pela legisla\u00e7\u00e3o espanhola e estar\u00e3o sujeitos \u00e0 jurisdi\u00e7\u00e3o dos Julgados e Tribunais de Elche.<\/span><\/h4>\n<h4><span>\u00a9 2017, OPEN WASH GROUP SL.<br \/>\n\u00c9 proibida a reprodu\u00e7\u00e3o total ou parcial.<br \/>\nTodos os direitos reservados.  <\/span><\/h4>\n<p><!-- \/divi:heading --><\/p>\n<p>[\/et_pb_text][\/et_pb_column][\/et_pb_row][\/et_pb_section]<\/p>\n","protected":false},"excerpt":{"rendered":"<p>INFORMA\u00c7\u00c3O JUR\u00cdDICA &nbsp; FACTOS SOBRE O OPEN WASH GROUP SL. Open Wash Group SL. \u00e9 uma empresa espanhola com sede social em Calle Sor Josefa Alcorta,59, 03202 na cidade de Elche na prov\u00edncia de Alicante Espanha. Correio eletr\u00f3nico: info@openwash.es TERMOS E CONDI\u00c7\u00d5ES DE UTILIZA\u00c7\u00c3O As presentes condi\u00e7\u00f5es de utiliza\u00e7\u00e3o regulam a utiliza\u00e7\u00e3o (incluindo o mero [&hellip;]<\/p>\n","protected":false},"author":1,"featured_media":0,"parent":0,"menu_order":0,"comment_status":"closed","ping_status":"closed","template":"","meta":{"_et_pb_use_builder":"on","_et_pb_old_content":"","_et_gb_content_width":"","footnotes":""},"class_list":["post-2277","page","type-page","status-publish","hentry"],"yoast_head":"<!-- This site is optimized with the Yoast SEO plugin v27.3 - https:\/\/yoast.com\/product\/yoast-seo-wordpress\/ -->\n<title>Aviso legal | Lavanderias Autoservicio Open Wash<\/title>\n<meta name=\"robots\" content=\"noindex, nofollow\" \/>\n<meta property=\"og:locale\" content=\"pt_PT\" \/>\n<meta property=\"og:type\" content=\"article\" \/>\n<meta property=\"og:title\" content=\"Aviso legal | Lavanderias Autoservicio Open Wash\" \/>\n<meta property=\"og:description\" content=\"INFORMA\u00c7\u00c3O JUR\u00cdDICA &nbsp; FACTOS SOBRE O OPEN WASH GROUP SL. Open Wash Group SL. \u00e9 uma empresa espanhola com sede social em Calle Sor Josefa Alcorta,59, 03202 na cidade de Elche na prov\u00edncia de Alicante Espanha. Correio eletr\u00f3nico: info@openwash.es TERMOS E CONDI\u00c7\u00d5ES DE UTILIZA\u00c7\u00c3O As presentes condi\u00e7\u00f5es de utiliza\u00e7\u00e3o regulam a utiliza\u00e7\u00e3o (incluindo o mero [&hellip;]\" \/>\n<meta property=\"og:url\" content=\"https:\/\/openwash.es\/pt-pt\/aviso-legal\/\" \/>\n<meta property=\"og:site_name\" content=\"Lavanderias Autoservicio Open Wash\" \/>\n<meta property=\"article:publisher\" content=\"https:\/\/www.facebook.com\/franquiciaopenwash\" \/>\n<meta property=\"article:modified_time\" content=\"2024-09-24T11:26:37+00:00\" \/>\n<meta property=\"og:image\" content=\"https:\/\/openwash.es\/wp-content\/uploads\/2021\/02\/Diseno-sin-titulo-4.jpg\" \/>\n\t<meta property=\"og:image:width\" content=\"1180\" \/>\n\t<meta property=\"og:image:height\" content=\"665\" \/>\n\t<meta property=\"og:image:type\" content=\"image\/jpeg\" \/>\n<meta name=\"twitter:card\" content=\"summary_large_image\" \/>\n<meta name=\"twitter:label1\" content=\"Tempo estimado de leitura\" \/>\n\t<meta name=\"twitter:data1\" content=\"7 minutos\" \/>\n<script type=\"application\/ld+json\" class=\"yoast-schema-graph\">{\"@context\":\"https:\\\/\\\/schema.org\",\"@graph\":[{\"@type\":\"WebPage\",\"@id\":\"https:\\\/\\\/openwash.es\\\/pt-pt\\\/aviso-legal\\\/\",\"url\":\"https:\\\/\\\/openwash.es\\\/pt-pt\\\/aviso-legal\\\/\",\"name\":\"Aviso legal | Lavanderias Autoservicio Open Wash\",\"isPartOf\":{\"@id\":\"https:\\\/\\\/openwash.es\\\/pt-pt\\\/#website\"},\"datePublished\":\"2021-01-02T19:14:36+00:00\",\"dateModified\":\"2024-09-24T11:26:37+00:00\",\"breadcrumb\":{\"@id\":\"https:\\\/\\\/openwash.es\\\/pt-pt\\\/aviso-legal\\\/#breadcrumb\"},\"inLanguage\":\"pt-PT\",\"potentialAction\":[{\"@type\":\"ReadAction\",\"target\":[\"https:\\\/\\\/openwash.es\\\/pt-pt\\\/aviso-legal\\\/\"]}]},{\"@type\":\"BreadcrumbList\",\"@id\":\"https:\\\/\\\/openwash.es\\\/pt-pt\\\/aviso-legal\\\/#breadcrumb\",\"itemListElement\":[{\"@type\":\"ListItem\",\"position\":1,\"name\":\"Home\",\"item\":\"https:\\\/\\\/openwash.es\\\/pt-pt\\\/inicio\\\/\"},{\"@type\":\"ListItem\",\"position\":2,\"name\":\"Aviso legal\"}]},{\"@type\":\"WebSite\",\"@id\":\"https:\\\/\\\/openwash.es\\\/pt-pt\\\/#website\",\"url\":\"https:\\\/\\\/openwash.es\\\/pt-pt\\\/\",\"name\":\"Open Wash\",\"description\":\"Lavander\u00edas Autoservicio\",\"publisher\":{\"@id\":\"https:\\\/\\\/openwash.es\\\/pt-pt\\\/#organization\"},\"alternateName\":\"Openwash\",\"potentialAction\":[{\"@type\":\"SearchAction\",\"target\":{\"@type\":\"EntryPoint\",\"urlTemplate\":\"https:\\\/\\\/openwash.es\\\/pt-pt\\\/?s={search_term_string}\"},\"query-input\":{\"@type\":\"PropertyValueSpecification\",\"valueRequired\":true,\"valueName\":\"search_term_string\"}}],\"inLanguage\":\"pt-PT\"},{\"@type\":\"Organization\",\"@id\":\"https:\\\/\\\/openwash.es\\\/pt-pt\\\/#organization\",\"name\":\"Open Wash\",\"alternateName\":\"Openwash\",\"url\":\"https:\\\/\\\/openwash.es\\\/pt-pt\\\/\",\"logo\":{\"@type\":\"ImageObject\",\"inLanguage\":\"pt-PT\",\"@id\":\"https:\\\/\\\/openwash.es\\\/pt-pt\\\/#\\\/schema\\\/logo\\\/image\\\/\",\"url\":\"https:\\\/\\\/openwash.es\\\/wp-content\\\/uploads\\\/2021\\\/01\\\/logo-open-500.png\",\"contentUrl\":\"https:\\\/\\\/openwash.es\\\/wp-content\\\/uploads\\\/2021\\\/01\\\/logo-open-500.png\",\"width\":500,\"height\":500,\"caption\":\"Open Wash\"},\"image\":{\"@id\":\"https:\\\/\\\/openwash.es\\\/pt-pt\\\/#\\\/schema\\\/logo\\\/image\\\/\"},\"sameAs\":[\"https:\\\/\\\/www.facebook.com\\\/franquiciaopenwash\",\"https:\\\/\\\/www.instagram.com\\\/openwash\\\/\",\"https:\\\/\\\/www.linkedin.com\\\/company\\\/11042051\\\/admin\\\/\",\"https:\\\/\\\/www.youtube.com\\\/channel\\\/UCeTkyEcg3BP--dE_U_yoElw\"]}]}<\/script>\n<!-- \/ Yoast SEO plugin. -->","yoast_head_json":{"title":"Aviso legal | Lavanderias Autoservicio Open Wash","robots":{"index":"noindex","follow":"nofollow"},"og_locale":"pt_PT","og_type":"article","og_title":"Aviso legal | Lavanderias Autoservicio Open Wash","og_description":"INFORMA\u00c7\u00c3O JUR\u00cdDICA &nbsp; FACTOS SOBRE O OPEN WASH GROUP SL. Open Wash Group SL. \u00e9 uma empresa espanhola com sede social em Calle Sor Josefa Alcorta,59, 03202 na cidade de Elche na prov\u00edncia de Alicante Espanha. Correio eletr\u00f3nico: info@openwash.es TERMOS E CONDI\u00c7\u00d5ES DE UTILIZA\u00c7\u00c3O As presentes condi\u00e7\u00f5es de utiliza\u00e7\u00e3o regulam a utiliza\u00e7\u00e3o (incluindo o mero [&hellip;]","og_url":"https:\/\/openwash.es\/pt-pt\/aviso-legal\/","og_site_name":"Lavanderias Autoservicio Open Wash","article_publisher":"https:\/\/www.facebook.com\/franquiciaopenwash","article_modified_time":"2024-09-24T11:26:37+00:00","og_image":[{"width":1180,"height":665,"url":"https:\/\/openwash.es\/wp-content\/uploads\/2021\/02\/Diseno-sin-titulo-4.jpg","type":"image\/jpeg"}],"twitter_card":"summary_large_image","twitter_misc":{"Tempo estimado de leitura":"7 minutos"},"schema":{"@context":"https:\/\/schema.org","@graph":[{"@type":"WebPage","@id":"https:\/\/openwash.es\/pt-pt\/aviso-legal\/","url":"https:\/\/openwash.es\/pt-pt\/aviso-legal\/","name":"Aviso legal | Lavanderias Autoservicio Open Wash","isPartOf":{"@id":"https:\/\/openwash.es\/pt-pt\/#website"},"datePublished":"2021-01-02T19:14:36+00:00","dateModified":"2024-09-24T11:26:37+00:00","breadcrumb":{"@id":"https:\/\/openwash.es\/pt-pt\/aviso-legal\/#breadcrumb"},"inLanguage":"pt-PT","potentialAction":[{"@type":"ReadAction","target":["https:\/\/openwash.es\/pt-pt\/aviso-legal\/"]}]},{"@type":"BreadcrumbList","@id":"https:\/\/openwash.es\/pt-pt\/aviso-legal\/#breadcrumb","itemListElement":[{"@type":"ListItem","position":1,"name":"Home","item":"https:\/\/openwash.es\/pt-pt\/inicio\/"},{"@type":"ListItem","position":2,"name":"Aviso legal"}]},{"@type":"WebSite","@id":"https:\/\/openwash.es\/pt-pt\/#website","url":"https:\/\/openwash.es\/pt-pt\/","name":"Open Wash","description":"Lavander\u00edas Autoservicio","publisher":{"@id":"https:\/\/openwash.es\/pt-pt\/#organization"},"alternateName":"Openwash","potentialAction":[{"@type":"SearchAction","target":{"@type":"EntryPoint","urlTemplate":"https:\/\/openwash.es\/pt-pt\/?s={search_term_string}"},"query-input":{"@type":"PropertyValueSpecification","valueRequired":true,"valueName":"search_term_string"}}],"inLanguage":"pt-PT"},{"@type":"Organization","@id":"https:\/\/openwash.es\/pt-pt\/#organization","name":"Open Wash","alternateName":"Openwash","url":"https:\/\/openwash.es\/pt-pt\/","logo":{"@type":"ImageObject","inLanguage":"pt-PT","@id":"https:\/\/openwash.es\/pt-pt\/#\/schema\/logo\/image\/","url":"https:\/\/openwash.es\/wp-content\/uploads\/2021\/01\/logo-open-500.png","contentUrl":"https:\/\/openwash.es\/wp-content\/uploads\/2021\/01\/logo-open-500.png","width":500,"height":500,"caption":"Open Wash"},"image":{"@id":"https:\/\/openwash.es\/pt-pt\/#\/schema\/logo\/image\/"},"sameAs":["https:\/\/www.facebook.com\/franquiciaopenwash","https:\/\/www.instagram.com\/openwash\/","https:\/\/www.linkedin.com\/company\/11042051\/admin\/","https:\/\/www.youtube.com\/channel\/UCeTkyEcg3BP--dE_U_yoElw"]}]}},"_links":{"self":[{"href":"https:\/\/openwash.es\/pt-pt\/wp-json\/wp\/v2\/pages\/2277","targetHints":{"allow":["GET"]}}],"collection":[{"href":"https:\/\/openwash.es\/pt-pt\/wp-json\/wp\/v2\/pages"}],"about":[{"href":"https:\/\/openwash.es\/pt-pt\/wp-json\/wp\/v2\/types\/page"}],"author":[{"embeddable":true,"href":"https:\/\/openwash.es\/pt-pt\/wp-json\/wp\/v2\/users\/1"}],"replies":[{"embeddable":true,"href":"https:\/\/openwash.es\/pt-pt\/wp-json\/wp\/v2\/comments?post=2277"}],"version-history":[{"count":1,"href":"https:\/\/openwash.es\/pt-pt\/wp-json\/wp\/v2\/pages\/2277\/revisions"}],"predecessor-version":[{"id":2280,"href":"https:\/\/openwash.es\/pt-pt\/wp-json\/wp\/v2\/pages\/2277\/revisions\/2280"}],"wp:attachment":[{"href":"https:\/\/openwash.es\/pt-pt\/wp-json\/wp\/v2\/media?parent=2277"}],"curies":[{"name":"wp","href":"https:\/\/api.w.org\/{rel}","templated":true}]}}