{"id":2306,"date":"2021-01-12T17:04:35","date_gmt":"2021-01-12T17:04:35","guid":{"rendered":"https:\/\/openwash.es\/privacidade\/"},"modified":"2024-09-24T11:40:43","modified_gmt":"2024-09-24T11:40:43","slug":"privacidade","status":"publish","type":"page","link":"https:\/\/openwash.es\/pt-pt\/privacidade\/","title":{"rendered":"Privacidade"},"content":{"rendered":"\n[et_pb_section fb_built=&#8221;1&#8243; _builder_version=&#8221;4.8.2&#8243; _module_preset=&#8221;default&#8221;][et_pb_row _builder_version=&#8221;4.8.2&#8243; _module_preset=&#8221;default&#8221;][et_pb_column _builder_version=&#8221;4.8.2&#8243; _module_preset=&#8221;default&#8221; type=&#8221;4_4&#8243;][et_pb_text _builder_version=&#8221;4.8.2&#8243; _module_preset=&#8221;default&#8221; hover_enabled=&#8221;0&#8243; sticky_enabled=&#8221;0&#8243;]<div class=\"section-title\">\n<h4>POL\u00cdTICA DE PRIVACIDADE<\/h4>\n<p><span class=\"st-border\"><\/span><\/div>\n<p>OPEN WASH GROUP SL., est\u00e1 muito consciente da prote\u00e7\u00e3o dos dados pessoais, raz\u00e3o pela qual apresenta esta Pol\u00edtica de Privacidade que estabelece de forma transparente como os teus dados pessoais s\u00e3o tratados e protegidos.<\/p>\n<p>Por isso, garantimos a confidencialidade e privacidade dos dados pessoais que nos s\u00e3o fornecidos atrav\u00e9s do nosso site\/micro-sites, do nosso Servi\u00e7o de Apoio ao Cliente ou quando formaliza a contrata\u00e7\u00e3o de um produto ou servi\u00e7o na nossa Rede Comercial.<\/p>\n<p>As informa\u00e7\u00f5es recolhidas abaixo t\u00eam como objetivo <strong>fornecer informa\u00e7\u00f5es adicionais e detalhadas<\/strong> \u00e0s partes interessadas sobre a <strong>Pol\u00edtica de Prote\u00e7\u00e3o de Dados Pessoais<\/strong> do OPEN WASH GROUP SL., em conformidade com os regulamentos nesta \u00e1rea, especialmente o Regulamento Geral de Prote\u00e7\u00e3o de Dados da Uni\u00e3o Europeia, relativo \u00e0 prote\u00e7\u00e3o das pessoas singulares no que diz respeito ao tratamento de dados pessoais e \u00e0 livre circula\u00e7\u00e3o desses dados (Regulamento UE 2016\/679 de 27 de abril de 2016).<\/p>\n<p><\/p>\n<h5>COMO OBTEMOS OS TEUS DADOS PESSOAIS?<\/h5>\n<p><span>Na OPEN WASH GROUP SL.\nrecolhemos os teus dados pessoais principalmente quando tu: <\/span><\/p>\n<p><span>a) Fornece-nos voluntariamente quando nos contacta atrav\u00e9s das nossas p\u00e1ginas Web, dos nossos n\u00fameros de telefone do Servi\u00e7o de Apoio ao Cliente ou da nossa Rede Comercial, para solicitar informa\u00e7\u00f5es sobre os nossos produtos e servi\u00e7os ou para apresentar uma reclama\u00e7\u00e3o.<\/span><br><span>b) Fornece-nos esses dados ao adquirir os nossos produtos e\/ou contratar servi\u00e7os comercializados pela OPEN WASH GROUP SL.\natrav\u00e9s da nossa Rede Comercial. <\/span><br><span>c) Participar em qualquer a\u00e7\u00e3o ou evento publicit\u00e1rio\/promocional organizado pela OPEN WASH GROUP SL, com um s\u00edtio espec\u00edfico.<\/span><br><span>d) Cria uma conta no s\u00edtio comercial OU subscreve as nossas Newsletters.<\/span><\/p>\n<p><\/p>\n<h5>PARA QUE FINS PROCESSAMOS OS TEUS DADOS PESSOAIS?<\/h5>\n<p><span>Utilizamos os teus dados para uma s\u00e9rie de finalidades, que s\u00e3o indicadas abaixo:<\/span><\/p>\n<p><span>&#8211; Acompanhar e gerir as reclama\u00e7\u00f5es, bem como os pedidos que nos fa\u00e7as nos nossos sites, tais como: pedido de subscri\u00e7\u00e3o de uma Newsletter, pedido de marca\u00e7\u00e3o comercial, cat\u00e1logo eletr\u00f3nico, or\u00e7amento do custo da loja, informa\u00e7\u00f5es sobre m\u00e1quinas novas e usadas, ofertas comerciais ou pedidos de contacto\/atendimento ao cliente.<\/span><br><span>&#8211; Realiza campanhas de call-back em conformidade com as obriga\u00e7\u00f5es legais.<\/span><br><span>&#8211; Controlar o cumprimento dos processos internos.<\/span><br><span>&#8211; Realizar estat\u00edsticas, inqu\u00e9ritos ou estudos de mercado sobre os produtos e servi\u00e7os comercializados pela OPEN WASH GROUP SL.<\/span><\/p>\n<p><\/p>\n<h5>QUAL \u00c9 A LEGITIMIDADE DO TRATAMENTO DOS TEUS DADOS?<\/h5>\n<p><span>A base jur\u00eddica para cada um dos tratamentos acima referidos \u00e9 a seguinte:<\/span><\/p>\n<p><span>a) <\/span><strong>&#8220;Execu\u00e7\u00e3o de um contrato&#8221;: esta \u00e9 a base jur\u00eddica que nos permite tratar os teus dados pessoais da seguinte forma<\/strong><span>para tratar os seus dados pessoais da seguinte forma: &#8211; para tratar as reclama\u00e7\u00f5es e os pedidos que nos pode fazer nos nossos diferentes micro-sites, tais como: pedido de subscri\u00e7\u00e3o de um boletim informativo, pedido de marca\u00e7\u00e3o de reuni\u00e3o, pedido de cat\u00e1logo eletr\u00f3nico, pedido de or\u00e7amento de uma loja, pedido de informa\u00e7\u00f5es sobre m\u00e1quinas novas e usadas, ofertas comerciais ou pedido de contacto\/servi\u00e7o de apoio ao cliente.<\/span><br><span>&#8211; Organiza a compra de m\u00e1quinas\/pe\u00e7as sobressalentes\/acess\u00f3rios (incluindo a sua garantia legal), bem como servi\u00e7os de repara\u00e7\u00e3o\/manuten\u00e7\u00e3o de m\u00e1quinas.<\/span><br><span>&#8211; Formaliza\u00e7\u00e3o dos contratos.<\/span><\/p>\n<p><span>b) <\/span><strong>&#8220;interesse leg\u00edtimo&#8221; significa<\/strong><span>Utilizamos os teus dados para atingir um interesse leg\u00edtimo (ajudar-nos a compreender melhor as necessidades e expectativas dos nossos clientes, permitindo-nos melhorar os nossos produtos e o servi\u00e7o prestado ao longo de todo o processo comercial), e acreditamos que isso supera o potencial preju\u00edzo para os interesses, direitos fundamentais e liberdades dos titulares dos dados.\nEsta \u00e9 a base legal que nos permite efetuar o seguinte tratamento dos teus dados pessoais: <\/span><br><span>&#8211; Realizar estat\u00edsticas, inqu\u00e9ritos ou estudos de mercado sobre os produtos e servi\u00e7os comercializados pela OPEN WASH GROUP SL.<\/span><br><span>&#8211; Controlar o cumprimento dos processos internos estabelecidos pela OPEN WASH e a qualidade do servi\u00e7o prestado, incluindo a realiza\u00e7\u00e3o de inqu\u00e9ritos sobre o seu grau de satisfa\u00e7\u00e3o.<\/span><br><span>&#8211; Trata de queixas e toma medidas legais em defesa dos nossos interesses.<\/span><\/p>\n<p><span>c) <\/span><strong>&#8220;Cumprimento de uma obriga\u00e7\u00e3o legal&#8221;.<\/strong><span>Esta \u00e9 a base jur\u00eddica que nos permite efetuar os seguintes tratamentos dos teus dados pessoais:<\/span><br><span>&#8211; Realiza\u00e7\u00e3o de campanhas de callback para acompanhamento.<\/span><br><span>&#8211; Cumprir as exig\u00eancias das Administra\u00e7\u00f5es P\u00fablicas, dos \u00d3rg\u00e3os Judiciais e das For\u00e7as de Seguran\u00e7a do Estado.<\/span><br><span>&#8211; Cumprimento de obriga\u00e7\u00f5es legais (fiscais, comerciais, branqueamento de capitais, prote\u00e7\u00e3o de dados pessoais, seguran\u00e7a geral dos produtos, etc.).<\/span><\/p>\n<p><span>d) <\/span><strong>&#8220;Consentimento do titular dos dados&#8221;.<\/strong><span>Esta \u00e9 a base jur\u00eddica que nos permite efetuar o seguinte tratamento dos teus dados pessoais, sem que em caso algum a sua revoga\u00e7\u00e3o condicione a gest\u00e3o dos teus pedidos ou a rela\u00e7\u00e3o comercial que nos vincula:<\/span><br><span>&#8211; Realizar comunica\u00e7\u00f5es informativas, comerciais e promocionais dos produtos e servi\u00e7os comercializados pela OPEN WASH GROUP SL, por telefone ou por meios electr\u00f3nicos.<\/span><br><span>&#8211; Criar perfis comerciais com base nas informa\u00e7\u00f5es fornecidas por ti, o que nos permitir\u00e1 oferecer-te produtos e servi\u00e7os de acordo com as tuas necessidades\/interesses, bem como enviar-te comunica\u00e7\u00f5es personalizadas.\nEm caso algum ser\u00e3o tomadas decis\u00f5es automatizadas com base neste perfil. <\/span><br><span>&#8211; Gere a tua pr\u00e9-inscri\u00e7\u00e3o no s\u00edtio.<\/span><\/p>\n<p><\/p>\n<h5>A QUE DESTINAT\u00c1RIOS SER\u00c3O DIVULGADOS OS TEUS DADOS?<\/h5>\n<p><span>N\u00e3o ser\u00e3o transmitidos quaisquer dados a terceiros, exceto se a isso formos obrigados por lei.<\/span><\/p>\n<p><\/p>\n<h5>QUAIS S\u00c3O OS TEUS DIREITOS QUANDO NOS FORNECES OS TEUS DADOS?<\/h5>\n<p><span>Tens o direito contra a OPEN WASH GROUP SL.\npara fazer um pedido de informa\u00e7\u00e3o ou comprar um produto ou servi\u00e7o a: <\/span><\/p>\n<p><span>&#8211; Aceder aos teus dados pessoais.<\/span><br><span>&#8211; Solicita a retifica\u00e7\u00e3o de dados inexactos ou o preenchimento de dados incompletos.<\/span><br><span>&#8211; Solicitar o apagamento quando, entre outros motivos, os dados j\u00e1 n\u00e3o forem necess\u00e1rios para os fins para que foram recolhidos e deixarmos de os tratar para esse fim.<\/span><br><span>&#8211; Solicitar, em determinadas circunst\u00e2ncias, a limita\u00e7\u00e3o do tratamento dos teus dados, caso em que apenas os conservaremos para o exerc\u00edcio ou a defesa de reclama\u00e7\u00f5es.<\/span><br><span>&#8211; opor-se ao processamento dos teus dados para fins de marketing direto ou nos casos em que s\u00e3o processados com base no nosso interesse leg\u00edtimo, caso em que deixaremos de processar as tuas informa\u00e7\u00f5es pessoais para esses fins (a menos que, n\u00e3o sendo o caso de marketing direto, possamos demonstrar interesses leg\u00edtimos imperiosos que possam sobrepor-se aos interesses, direitos fundamentais e liberdades dos titulares dos dados).<\/span><br><span>&#8211; Para revogar o teu consentimento em rela\u00e7\u00e3o ao tratamento baseado no teu consentimento, caso em que deixaremos de o tratar para esse fim.<\/span><br><span>&#8211; Apresenta uma queixa \u00e0 Ag\u00eancia Espanhola de Prote\u00e7\u00e3o de Dados (<\/span><a href=\"https:\/\/sedeagpd.gob.es\/\" target=\"_blank\" rel=\"noopener\">https:\/\/sedeagpd.gob.es<\/a><span>), especialmente se n\u00e3o obtiveres satisfa\u00e7\u00e3o no exerc\u00edcio dos teus direitos.<\/span><\/p>[\/et_pb_text][\/et_pb_column][\/et_pb_row][\/et_pb_section]\n","protected":false},"excerpt":{"rendered":"<p>POL\u00cdTICA DE PRIVACIDADE OPEN WASH GROUP SL., est\u00e1 muito consciente da prote\u00e7\u00e3o dos dados pessoais, raz\u00e3o pela qual apresenta esta Pol\u00edtica de Privacidade que estabelece de forma transparente como os teus dados pessoais s\u00e3o tratados e protegidos. Por isso, garantimos a confidencialidade e privacidade dos dados pessoais que nos s\u00e3o fornecidos atrav\u00e9s do nosso site\/micro-sites, [&hellip;]<\/p>\n","protected":false},"author":1,"featured_media":0,"parent":0,"menu_order":0,"comment_status":"closed","ping_status":"closed","template":"","meta":{"_et_pb_use_builder":"on","_et_pb_old_content":"","_et_gb_content_width":"","footnotes":""},"class_list":["post-2306","page","type-page","status-publish","hentry"],"yoast_head":"<!-- This site is optimized with the Yoast SEO plugin v27.4 - https:\/\/yoast.com\/product\/yoast-seo-wordpress\/ -->\n<title>Privacidade | Lavanderias Autoservicio Open Wash<\/title>\n<meta name=\"robots\" content=\"noindex, nofollow\" \/>\n<meta property=\"og:locale\" content=\"pt_PT\" \/>\n<meta property=\"og:type\" content=\"article\" \/>\n<meta property=\"og:title\" content=\"Privacidade | Lavanderias Autoservicio Open Wash\" \/>\n<meta property=\"og:description\" content=\"POL\u00cdTICA DE PRIVACIDADE OPEN WASH GROUP SL., est\u00e1 muito consciente da prote\u00e7\u00e3o dos dados pessoais, raz\u00e3o pela qual apresenta esta Pol\u00edtica de Privacidade que estabelece de forma transparente como os teus dados pessoais s\u00e3o tratados e protegidos. Por isso, garantimos a confidencialidade e privacidade dos dados pessoais que nos s\u00e3o fornecidos atrav\u00e9s do nosso site\/micro-sites, [&hellip;]\" \/>\n<meta property=\"og:url\" content=\"https:\/\/openwash.es\/pt-pt\/privacidade\/\" \/>\n<meta property=\"og:site_name\" content=\"Lavanderias Autoservicio Open Wash\" \/>\n<meta property=\"article:publisher\" content=\"https:\/\/www.facebook.com\/franquiciaopenwash\" \/>\n<meta property=\"article:modified_time\" content=\"2024-09-24T11:40:43+00:00\" \/>\n<meta property=\"og:image\" content=\"https:\/\/openwash.es\/wp-content\/uploads\/2021\/02\/Diseno-sin-titulo-4.jpg\" \/>\n\t<meta property=\"og:image:width\" content=\"1180\" \/>\n\t<meta property=\"og:image:height\" content=\"665\" \/>\n\t<meta property=\"og:image:type\" content=\"image\/jpeg\" \/>\n<meta name=\"twitter:card\" content=\"summary_large_image\" \/>\n<meta name=\"twitter:label1\" content=\"Tempo estimado de leitura\" \/>\n\t<meta name=\"twitter:data1\" content=\"6 minutos\" \/>\n<script type=\"application\/ld+json\" class=\"yoast-schema-graph\">{\"@context\":\"https:\\\/\\\/schema.org\",\"@graph\":[{\"@type\":\"WebPage\",\"@id\":\"https:\\\/\\\/openwash.es\\\/pt-pt\\\/privacidade\\\/\",\"url\":\"https:\\\/\\\/openwash.es\\\/pt-pt\\\/privacidade\\\/\",\"name\":\"Privacidade | Lavanderias Autoservicio Open Wash\",\"isPartOf\":{\"@id\":\"https:\\\/\\\/openwash.es\\\/pt-pt\\\/#website\"},\"datePublished\":\"2021-01-12T17:04:35+00:00\",\"dateModified\":\"2024-09-24T11:40:43+00:00\",\"breadcrumb\":{\"@id\":\"https:\\\/\\\/openwash.es\\\/pt-pt\\\/privacidade\\\/#breadcrumb\"},\"inLanguage\":\"pt-PT\",\"potentialAction\":[{\"@type\":\"ReadAction\",\"target\":[\"https:\\\/\\\/openwash.es\\\/pt-pt\\\/privacidade\\\/\"]}]},{\"@type\":\"BreadcrumbList\",\"@id\":\"https:\\\/\\\/openwash.es\\\/pt-pt\\\/privacidade\\\/#breadcrumb\",\"itemListElement\":[{\"@type\":\"ListItem\",\"position\":1,\"name\":\"Home\",\"item\":\"https:\\\/\\\/openwash.es\\\/pt-pt\\\/inicio\\\/\"},{\"@type\":\"ListItem\",\"position\":2,\"name\":\"Privacidade\"}]},{\"@type\":\"WebSite\",\"@id\":\"https:\\\/\\\/openwash.es\\\/pt-pt\\\/#website\",\"url\":\"https:\\\/\\\/openwash.es\\\/pt-pt\\\/\",\"name\":\"Open Wash\",\"description\":\"Lavander\u00edas Autoservicio\",\"publisher\":{\"@id\":\"https:\\\/\\\/openwash.es\\\/pt-pt\\\/#organization\"},\"alternateName\":\"Openwash\",\"potentialAction\":[{\"@type\":\"SearchAction\",\"target\":{\"@type\":\"EntryPoint\",\"urlTemplate\":\"https:\\\/\\\/openwash.es\\\/pt-pt\\\/?s={search_term_string}\"},\"query-input\":{\"@type\":\"PropertyValueSpecification\",\"valueRequired\":true,\"valueName\":\"search_term_string\"}}],\"inLanguage\":\"pt-PT\"},{\"@type\":\"Organization\",\"@id\":\"https:\\\/\\\/openwash.es\\\/pt-pt\\\/#organization\",\"name\":\"Open Wash\",\"alternateName\":\"Openwash\",\"url\":\"https:\\\/\\\/openwash.es\\\/pt-pt\\\/\",\"logo\":{\"@type\":\"ImageObject\",\"inLanguage\":\"pt-PT\",\"@id\":\"https:\\\/\\\/openwash.es\\\/pt-pt\\\/#\\\/schema\\\/logo\\\/image\\\/\",\"url\":\"https:\\\/\\\/openwash.es\\\/wp-content\\\/uploads\\\/2021\\\/01\\\/logo-open-500.png\",\"contentUrl\":\"https:\\\/\\\/openwash.es\\\/wp-content\\\/uploads\\\/2021\\\/01\\\/logo-open-500.png\",\"width\":500,\"height\":500,\"caption\":\"Open Wash\"},\"image\":{\"@id\":\"https:\\\/\\\/openwash.es\\\/pt-pt\\\/#\\\/schema\\\/logo\\\/image\\\/\"},\"sameAs\":[\"https:\\\/\\\/www.facebook.com\\\/franquiciaopenwash\",\"https:\\\/\\\/www.instagram.com\\\/openwash\\\/\",\"https:\\\/\\\/www.linkedin.com\\\/company\\\/11042051\\\/admin\\\/\",\"https:\\\/\\\/www.youtube.com\\\/channel\\\/UCeTkyEcg3BP--dE_U_yoElw\"]}]}<\/script>\n<!-- \/ Yoast SEO plugin. -->","yoast_head_json":{"title":"Privacidade | Lavanderias Autoservicio Open Wash","robots":{"index":"noindex","follow":"nofollow"},"og_locale":"pt_PT","og_type":"article","og_title":"Privacidade | Lavanderias Autoservicio Open Wash","og_description":"POL\u00cdTICA DE PRIVACIDADE OPEN WASH GROUP SL., est\u00e1 muito consciente da prote\u00e7\u00e3o dos dados pessoais, raz\u00e3o pela qual apresenta esta Pol\u00edtica de Privacidade que estabelece de forma transparente como os teus dados pessoais s\u00e3o tratados e protegidos. Por isso, garantimos a confidencialidade e privacidade dos dados pessoais que nos s\u00e3o fornecidos atrav\u00e9s do nosso site\/micro-sites, [&hellip;]","og_url":"https:\/\/openwash.es\/pt-pt\/privacidade\/","og_site_name":"Lavanderias Autoservicio Open Wash","article_publisher":"https:\/\/www.facebook.com\/franquiciaopenwash","article_modified_time":"2024-09-24T11:40:43+00:00","og_image":[{"width":1180,"height":665,"url":"https:\/\/openwash.es\/wp-content\/uploads\/2021\/02\/Diseno-sin-titulo-4.jpg","type":"image\/jpeg"}],"twitter_card":"summary_large_image","twitter_misc":{"Tempo estimado de leitura":"6 minutos"},"schema":{"@context":"https:\/\/schema.org","@graph":[{"@type":"WebPage","@id":"https:\/\/openwash.es\/pt-pt\/privacidade\/","url":"https:\/\/openwash.es\/pt-pt\/privacidade\/","name":"Privacidade | Lavanderias Autoservicio Open Wash","isPartOf":{"@id":"https:\/\/openwash.es\/pt-pt\/#website"},"datePublished":"2021-01-12T17:04:35+00:00","dateModified":"2024-09-24T11:40:43+00:00","breadcrumb":{"@id":"https:\/\/openwash.es\/pt-pt\/privacidade\/#breadcrumb"},"inLanguage":"pt-PT","potentialAction":[{"@type":"ReadAction","target":["https:\/\/openwash.es\/pt-pt\/privacidade\/"]}]},{"@type":"BreadcrumbList","@id":"https:\/\/openwash.es\/pt-pt\/privacidade\/#breadcrumb","itemListElement":[{"@type":"ListItem","position":1,"name":"Home","item":"https:\/\/openwash.es\/pt-pt\/inicio\/"},{"@type":"ListItem","position":2,"name":"Privacidade"}]},{"@type":"WebSite","@id":"https:\/\/openwash.es\/pt-pt\/#website","url":"https:\/\/openwash.es\/pt-pt\/","name":"Open Wash","description":"Lavander\u00edas Autoservicio","publisher":{"@id":"https:\/\/openwash.es\/pt-pt\/#organization"},"alternateName":"Openwash","potentialAction":[{"@type":"SearchAction","target":{"@type":"EntryPoint","urlTemplate":"https:\/\/openwash.es\/pt-pt\/?s={search_term_string}"},"query-input":{"@type":"PropertyValueSpecification","valueRequired":true,"valueName":"search_term_string"}}],"inLanguage":"pt-PT"},{"@type":"Organization","@id":"https:\/\/openwash.es\/pt-pt\/#organization","name":"Open Wash","alternateName":"Openwash","url":"https:\/\/openwash.es\/pt-pt\/","logo":{"@type":"ImageObject","inLanguage":"pt-PT","@id":"https:\/\/openwash.es\/pt-pt\/#\/schema\/logo\/image\/","url":"https:\/\/openwash.es\/wp-content\/uploads\/2021\/01\/logo-open-500.png","contentUrl":"https:\/\/openwash.es\/wp-content\/uploads\/2021\/01\/logo-open-500.png","width":500,"height":500,"caption":"Open Wash"},"image":{"@id":"https:\/\/openwash.es\/pt-pt\/#\/schema\/logo\/image\/"},"sameAs":["https:\/\/www.facebook.com\/franquiciaopenwash","https:\/\/www.instagram.com\/openwash\/","https:\/\/www.linkedin.com\/company\/11042051\/admin\/","https:\/\/www.youtube.com\/channel\/UCeTkyEcg3BP--dE_U_yoElw"]}]}},"_links":{"self":[{"href":"https:\/\/openwash.es\/pt-pt\/wp-json\/wp\/v2\/pages\/2306","targetHints":{"allow":["GET"]}}],"collection":[{"href":"https:\/\/openwash.es\/pt-pt\/wp-json\/wp\/v2\/pages"}],"about":[{"href":"https:\/\/openwash.es\/pt-pt\/wp-json\/wp\/v2\/types\/page"}],"author":[{"embeddable":true,"href":"https:\/\/openwash.es\/pt-pt\/wp-json\/wp\/v2\/users\/1"}],"replies":[{"embeddable":true,"href":"https:\/\/openwash.es\/pt-pt\/wp-json\/wp\/v2\/comments?post=2306"}],"version-history":[{"count":1,"href":"https:\/\/openwash.es\/pt-pt\/wp-json\/wp\/v2\/pages\/2306\/revisions"}],"predecessor-version":[{"id":2307,"href":"https:\/\/openwash.es\/pt-pt\/wp-json\/wp\/v2\/pages\/2306\/revisions\/2307"}],"wp:attachment":[{"href":"https:\/\/openwash.es\/pt-pt\/wp-json\/wp\/v2\/media?parent=2306"}],"curies":[{"name":"wp","href":"https:\/\/api.w.org\/{rel}","templated":true}]}}